{"id":79,"date":"2018-11-08T15:31:05","date_gmt":"2018-11-08T14:31:05","guid":{"rendered":"http:\/\/www.explorecology.com\/?page_id=79"},"modified":"2022-11-27T21:14:00","modified_gmt":"2022-11-27T20:14:00","slug":"exploecolab","status":"publish","type":"page","link":"https:\/\/www.explorecology.com\/index.php\/projets\/exploecolab\/","title":{"rendered":"ExplorEcoLab"},"content":{"rendered":"\n<h2 class=\"wp-block-heading\">Pr\u00e9sentation du projet ExplorEcoLab<\/h2>\n\n\n\n<p>Le projet ExplorEcoLab est une \u00e9tude exp\u00e9rimentale sur les effets du changement climatique sur la relation papillons-plantes h\u00f4tes-fourmis.<\/p>\n\n\n\n<p>Les objectifs de cette \u00e9tude sont les suivants :<\/p>\n\n\n\n<ul class=\"wp-block-list\"><li>Recr\u00e9er en milieu clos la relation entre les cycles biologiques des papillons, de ses plantes h\u00f4tes et des fourmis,<\/li><li>Contr\u00f4ler les facteurs climatiques et environnementaux pour \u00e9tudier les facteurs d\u00e9terminants de cette relation,<\/li><li>Appliquer diff\u00e9rents sc\u00e9narios climatiques pour \u00e9tudier les impacts futurs possibles du changement climatique sur ces esp\u00e8ces.<\/li><\/ul>\n\n\n\n<h2 class=\"wp-block-heading\"><a href=\"http:\/\/www.explorecology.com\/index.php\/projets\/especes-etudiees\/\">Choix des esp\u00e8ces<\/a><\/h2>\n\n\n\n<p>Les esp\u00e8ces \u00e9tudi\u00e9es et s\u00e9lectionn\u00e9es selon diff\u00e9rents crit\u00e8res sont les suivantes: <\/p>\n\n\n\n<ul class=\"wp-block-list\"><li>papillon <em>Polyommatus icarus<\/em><\/li><\/ul>\n\n\n\n<figure class=\"wp-block-image\"><img loading=\"lazy\" decoding=\"async\" width=\"1024\" height=\"768\" src=\"http:\/\/www.explorecology.com\/wp-content\/uploads\/2019\/07\/Polyommatus-icarus3-1024x768.jpg\" alt=\"\" class=\"wp-image-1134\" srcset=\"https:\/\/www.explorecology.com\/wp-content\/uploads\/2019\/07\/Polyommatus-icarus3-1024x768.jpg 1024w, https:\/\/www.explorecology.com\/wp-content\/uploads\/2019\/07\/Polyommatus-icarus3-300x225.jpg 300w, https:\/\/www.explorecology.com\/wp-content\/uploads\/2019\/07\/Polyommatus-icarus3-768x576.jpg 768w\" sizes=\"auto, (max-width: 1024px) 100vw, 1024px\" \/><figcaption><em>Polyommatus icarus  <\/em>\u00a9 F. Mallard<\/figcaption><\/figure>\n\n\n\n<ul class=\"wp-block-list\"><li>plantes h\u00f4tes du papillon <em>Polyommatus icarus<\/em> : <em>Trifolium repens, Lotus corniculatus<\/em> <\/li><\/ul>\n\n\n\n<figure class=\"wp-block-image\"><img loading=\"lazy\" decoding=\"async\" width=\"1024\" height=\"768\" src=\"http:\/\/www.explorecology.com\/wp-content\/uploads\/2019\/06\/20190528_170208-2-1024x768.jpg\" alt=\"\" class=\"wp-image-964\" srcset=\"https:\/\/www.explorecology.com\/wp-content\/uploads\/2019\/06\/20190528_170208-2-1024x768.jpg 1024w, https:\/\/www.explorecology.com\/wp-content\/uploads\/2019\/06\/20190528_170208-2-300x225.jpg 300w, https:\/\/www.explorecology.com\/wp-content\/uploads\/2019\/06\/20190528_170208-2-768x576.jpg 768w\" sizes=\"auto, (max-width: 1024px) 100vw, 1024px\" \/><figcaption><em>Lotus corniculatus <\/em> \u00a9 F. Mallard<\/figcaption><\/figure>\n\n\n\n<figure class=\"wp-block-image\"><img loading=\"lazy\" decoding=\"async\" width=\"1024\" height=\"768\" src=\"http:\/\/www.explorecology.com\/wp-content\/uploads\/2019\/06\/20190528_170824-3-1024x768.jpg\" alt=\"\" class=\"wp-image-953\" srcset=\"https:\/\/www.explorecology.com\/wp-content\/uploads\/2019\/06\/20190528_170824-3-1024x768.jpg 1024w, https:\/\/www.explorecology.com\/wp-content\/uploads\/2019\/06\/20190528_170824-3-300x225.jpg 300w, https:\/\/www.explorecology.com\/wp-content\/uploads\/2019\/06\/20190528_170824-3-768x576.jpg 768w\" sizes=\"auto, (max-width: 1024px) 100vw, 1024px\" \/><figcaption><em>Trifolium repens&nbsp;<\/em>\u00a9 F. Mallard<\/figcaption><\/figure>\n\n\n\n<ul class=\"wp-block-list\"><li>foumis <em>Lasius niger <\/em> <\/li><\/ul>\n\n\n\n<figure class=\"wp-block-image\"><img loading=\"lazy\" decoding=\"async\" width=\"1010\" height=\"757\" src=\"http:\/\/www.explorecology.com\/wp-content\/uploads\/2019\/07\/lasius-niger.jpg\" alt=\"\" class=\"wp-image-1088\" srcset=\"https:\/\/www.explorecology.com\/wp-content\/uploads\/2019\/07\/lasius-niger.jpg 1010w, https:\/\/www.explorecology.com\/wp-content\/uploads\/2019\/07\/lasius-niger-300x225.jpg 300w, https:\/\/www.explorecology.com\/wp-content\/uploads\/2019\/07\/lasius-niger-768x576.jpg 768w\" sizes=\"auto, (max-width: 1010px) 100vw, 1010px\" \/><figcaption><em>Lasius niger <\/em>&nbsp;\u00a9 F. Mallard<\/figcaption><\/figure>\n\n\n\n<h2 class=\"wp-block-heading\"><a href=\"http:\/\/www.explorecology.com\/index.php\/projets\/laboratoire\/\">Laboratoire<\/a><\/h2>\n\n\n\n<p>En laboratoire, la relation de symbiose l\u00e9pidopt\u00e8res-plantes h\u00f4tes-fourmis est reproduite dans un \u00e9cosyst\u00e8me clos stable appel\u00e9 ExplorEcolab.<\/p>\n\n\n\n<figure class=\"wp-block-image\"><img loading=\"lazy\" decoding=\"async\" width=\"1024\" height=\"768\" src=\"http:\/\/www.explorecology.com\/wp-content\/uploads\/2019\/07\/20190725_155959-1024x768.jpg\" alt=\"\" class=\"wp-image-1194\" srcset=\"https:\/\/www.explorecology.com\/wp-content\/uploads\/2019\/07\/20190725_155959-1024x768.jpg 1024w, https:\/\/www.explorecology.com\/wp-content\/uploads\/2019\/07\/20190725_155959-300x225.jpg 300w, https:\/\/www.explorecology.com\/wp-content\/uploads\/2019\/07\/20190725_155959-768x576.jpg 768w\" sizes=\"auto, (max-width: 1024px) 100vw, 1024px\" \/><figcaption>Laboratoire ExplorEcolab  \u00a9 F. Mallard<\/figcaption><\/figure>\n\n\n\n<h2 class=\"wp-block-heading\"><a href=\"http:\/\/www.explorecology.com\/index.php\/experiences\/\">Exp\u00e9riences<\/a><\/h2>\n\n\n\n<p>Exp\u00e9rience 1 : Reproduire la relation l\u00e9pidopt\u00e8res-plantes h\u00f4tes-fourmis en milieu clos &#8211; D\u00e9veloppement des plantes h\u00f4tes de <em>Polyommatus icarus<\/em><\/p>\n\n\n\n<figure class=\"wp-block-image\"><img loading=\"lazy\" decoding=\"async\" width=\"1024\" height=\"768\" src=\"http:\/\/www.explorecology.com\/wp-content\/uploads\/2019\/07\/20190725_160116-1024x768.jpg\" alt=\"\" class=\"wp-image-1197\" srcset=\"https:\/\/www.explorecology.com\/wp-content\/uploads\/2019\/07\/20190725_160116-1024x768.jpg 1024w, https:\/\/www.explorecology.com\/wp-content\/uploads\/2019\/07\/20190725_160116-300x225.jpg 300w, https:\/\/www.explorecology.com\/wp-content\/uploads\/2019\/07\/20190725_160116-768x576.jpg 768w\" sizes=\"auto, (max-width: 1024px) 100vw, 1024px\" \/><figcaption>D\u00e9veloppement des plantes h\u00f4tes de<em> Polyommatus icarus <\/em>\u00a9 F. Mallard <\/figcaption><\/figure>\n\n\n\n<p>Exp\u00e9rience 2 : Reproduire la relation l\u00e9pidopt\u00e8res-plantes h\u00f4tes-fourmis en milieu clos &#8211; Elevage des fourmis <em>Lasius niger<\/em><\/p>\n\n\n\n<figure class=\"wp-block-image size-large\"><img loading=\"lazy\" decoding=\"async\" width=\"1024\" height=\"768\" src=\"http:\/\/www.explorecology.com\/wp-content\/uploads\/2020\/05\/lasius-niger-1024x768.jpg\" alt=\"\" class=\"wp-image-2700\" srcset=\"https:\/\/www.explorecology.com\/wp-content\/uploads\/2020\/05\/lasius-niger-1024x768.jpg 1024w, https:\/\/www.explorecology.com\/wp-content\/uploads\/2020\/05\/lasius-niger-300x225.jpg 300w, https:\/\/www.explorecology.com\/wp-content\/uploads\/2020\/05\/lasius-niger-768x576.jpg 768w, https:\/\/www.explorecology.com\/wp-content\/uploads\/2020\/05\/lasius-niger-1536x1152.jpg 1536w, https:\/\/www.explorecology.com\/wp-content\/uploads\/2020\/05\/lasius-niger.jpg 1719w\" sizes=\"auto, (max-width: 1024px) 100vw, 1024px\" \/><figcaption>La reine, \u0153ufs, cocons, ouvri\u00e8res de<em> Lasius niger <\/em>\u00a9 F. Mallard<\/figcaption><\/figure>\n\n\n\n<p>Exp\u00e9rience 3 : Reproduire la relation l\u00e9pidopt\u00e8res-plantes h\u00f4tes-fourmis en milieu clos &#8211; Elevage des papillons <em>Polyommatus icarus<\/em><\/p>\n\n\n\n<figure class=\"wp-block-image size-large\"><img loading=\"lazy\" decoding=\"async\" width=\"1024\" height=\"461\" src=\"https:\/\/www.explorecology.com\/wp-content\/uploads\/2021\/06\/20210608_205113-1024x461.jpg\" alt=\"\" class=\"wp-image-3500\" srcset=\"https:\/\/www.explorecology.com\/wp-content\/uploads\/2021\/06\/20210608_205113-1024x461.jpg 1024w, https:\/\/www.explorecology.com\/wp-content\/uploads\/2021\/06\/20210608_205113-300x135.jpg 300w, https:\/\/www.explorecology.com\/wp-content\/uploads\/2021\/06\/20210608_205113-768x346.jpg 768w, https:\/\/www.explorecology.com\/wp-content\/uploads\/2021\/06\/20210608_205113-1536x691.jpg 1536w, https:\/\/www.explorecology.com\/wp-content\/uploads\/2021\/06\/20210608_205113-2048x922.jpg 2048w\" sizes=\"auto, (max-width: 1024px) 100vw, 1024px\" \/><figcaption>Pontes sur feuille de <em>Trifolium repens<\/em>\u00a9 F. Mallard<\/figcaption><\/figure>\n\n\n\n<figure class=\"wp-block-image size-large is-resized\"><img loading=\"lazy\" decoding=\"async\" src=\"https:\/\/www.explorecology.com\/wp-content\/uploads\/2021\/06\/20210609_20_24_14-1024x1024.png\" alt=\"\" class=\"wp-image-3477\" width=\"840\" height=\"840\" srcset=\"https:\/\/www.explorecology.com\/wp-content\/uploads\/2021\/06\/20210609_20_24_14-1024x1024.png 1024w, https:\/\/www.explorecology.com\/wp-content\/uploads\/2021\/06\/20210609_20_24_14-300x300.png 300w, https:\/\/www.explorecology.com\/wp-content\/uploads\/2021\/06\/20210609_20_24_14-150x150.png 150w, https:\/\/www.explorecology.com\/wp-content\/uploads\/2021\/06\/20210609_20_24_14-768x768.png 768w, https:\/\/www.explorecology.com\/wp-content\/uploads\/2021\/06\/20210609_20_24_14.png 1080w\" sizes=\"auto, (max-width: 840px) 100vw, 840px\" \/><figcaption>\u0152uf de <em>Polyommatus icarus<\/em> au microscope (x1000) \u00a9 F. Mallard<\/figcaption><\/figure>\n\n\n\n<figure class=\"wp-block-image size-large\"><img loading=\"lazy\" decoding=\"async\" width=\"1024\" height=\"1024\" src=\"https:\/\/www.explorecology.com\/wp-content\/uploads\/2021\/07\/20210727_13_23_39-1024x1024.png\" alt=\"\" class=\"wp-image-3541\" srcset=\"https:\/\/www.explorecology.com\/wp-content\/uploads\/2021\/07\/20210727_13_23_39-1024x1024.png 1024w, https:\/\/www.explorecology.com\/wp-content\/uploads\/2021\/07\/20210727_13_23_39-300x300.png 300w, https:\/\/www.explorecology.com\/wp-content\/uploads\/2021\/07\/20210727_13_23_39-150x150.png 150w, https:\/\/www.explorecology.com\/wp-content\/uploads\/2021\/07\/20210727_13_23_39-768x768.png 768w, https:\/\/www.explorecology.com\/wp-content\/uploads\/2021\/07\/20210727_13_23_39.png 1080w\" sizes=\"auto, (max-width: 1024px) 100vw, 1024px\" \/><figcaption> Chenille de <em>Polyommatus icarus<\/em> au microscope (x40) \u00a9 F. Mallard  <\/figcaption><\/figure>\n\n\n\n<p>Exp\u00e9rience n\u00b04 : Relations entre fourmis et papillons<\/p>\n\n\n\n<figure class=\"wp-block-embed is-type-video is-provider-youtube wp-block-embed-youtube wp-embed-aspect-16-9 wp-has-aspect-ratio\"><div class=\"wp-block-embed__wrapper\">\n<div class=\"llorix-one-lite-video-container\"><iframe loading=\"lazy\" title=\"Relations entre fourmis et papillons\" width=\"730\" height=\"411\" src=\"https:\/\/www.youtube.com\/embed\/AcusaSTa6-U?feature=oembed\" frameborder=\"0\" allow=\"accelerometer; autoplay; clipboard-write; encrypted-media; gyroscope; picture-in-picture\" allowfullscreen><\/iframe><\/div>\n<\/div><\/figure>\n\n\n\n<p>Exp\u00e9rience n\u00b05 : Diff\u00e9rents sc\u00e9narios de changement climatique sont appliqu\u00e9s dans le laboratoire ExplorEcolab. Diff\u00e9rents param\u00e8tres sont mesur\u00e9s et analys\u00e9s pour mieux comprendre la relation climat-symbiose. (\u00e0 venir)<\/p>\n","protected":false},"excerpt":{"rendered":"<p>Pr\u00e9sentation du projet ExplorEcoLab Le projet ExplorEcoLab est une \u00e9tude exp\u00e9rimentale sur les effets du changement climatique sur la relation papillons-plantes h\u00f4tes-fourmis. Les objectifs de cette \u00e9tude sont les suivants : Recr\u00e9er en milieu clos la relation entre les cycles biologiques des papillons, de ses plantes h\u00f4tes et des fourmis, Contr\u00f4ler les facteurs climatiques et<span class=\"read-more-wrap\"><a class=\"moretag\" href=\"https:\/\/www.explorecology.com\/index.php\/projets\/exploecolab\/\">Lire la suite<span class=\"screen-reader-text\">ExplorEcoLab<\/span><\/a><\/span><\/p>\n","protected":false},"author":2,"featured_media":0,"parent":15,"menu_order":0,"comment_status":"closed","ping_status":"closed","template":"","meta":{"_exactmetrics_skip_tracking":false,"_exactmetrics_sitenote_active":false,"_exactmetrics_sitenote_note":"","_exactmetrics_sitenote_category":0,"footnotes":""},"class_list":["post-79","page","type-page","status-publish","hentry"],"yoast_head":"<!-- This site is optimized with the Yoast SEO plugin v26.6 - https:\/\/yoast.com\/wordpress\/plugins\/seo\/ -->\n<title>ExplorEcoLab - Exploratory Ecology<\/title>\n<meta name=\"robots\" content=\"index, follow, max-snippet:-1, max-image-preview:large, max-video-preview:-1\" \/>\n<link rel=\"canonical\" href=\"https:\/\/www.explorecology.com\/index.php\/projets\/exploecolab\/\" \/>\n<meta property=\"og:locale\" content=\"fr_FR\" \/>\n<meta property=\"og:type\" content=\"article\" \/>\n<meta property=\"og:title\" content=\"ExplorEcoLab - Exploratory Ecology\" \/>\n<meta property=\"og:description\" content=\"Pr\u00e9sentation du projet ExplorEcoLab Le projet ExplorEcoLab est une \u00e9tude exp\u00e9rimentale sur les effets du changement climatique sur la relation papillons-plantes h\u00f4tes-fourmis. Les objectifs de cette \u00e9tude sont les suivants : Recr\u00e9er en milieu clos la relation entre les cycles biologiques des papillons, de ses plantes h\u00f4tes et des fourmis, Contr\u00f4ler les facteurs climatiques etLire la suiteExplorEcoLab\" \/>\n<meta property=\"og:url\" content=\"https:\/\/www.explorecology.com\/index.php\/projets\/exploecolab\/\" \/>\n<meta property=\"og:site_name\" content=\"Exploratory Ecology\" \/>\n<meta property=\"article:publisher\" content=\"https:\/\/www.facebook.com\/explorecology\/\" \/>\n<meta property=\"article:modified_time\" content=\"2022-11-27T20:14:00+00:00\" \/>\n<meta property=\"og:image\" content=\"http:\/\/www.explorecology.com\/wp-content\/uploads\/2019\/07\/Polyommatus-icarus3-1024x768.jpg\" \/>\n<meta name=\"twitter:card\" content=\"summary_large_image\" \/>\n<meta name=\"twitter:site\" content=\"@Explorecology\" \/>\n<meta name=\"twitter:label1\" content=\"Dur\u00e9e de lecture estim\u00e9e\" \/>\n\t<meta name=\"twitter:data1\" content=\"4 minutes\" \/>\n<script type=\"application\/ld+json\" class=\"yoast-schema-graph\">{\"@context\":\"https:\/\/schema.org\",\"@graph\":[{\"@type\":\"WebPage\",\"@id\":\"https:\/\/www.explorecology.com\/index.php\/projets\/exploecolab\/\",\"url\":\"https:\/\/www.explorecology.com\/index.php\/projets\/exploecolab\/\",\"name\":\"ExplorEcoLab - Exploratory Ecology\",\"isPartOf\":{\"@id\":\"https:\/\/www.explorecology.com\/#website\"},\"primaryImageOfPage\":{\"@id\":\"https:\/\/www.explorecology.com\/index.php\/projets\/exploecolab\/#primaryimage\"},\"image\":{\"@id\":\"https:\/\/www.explorecology.com\/index.php\/projets\/exploecolab\/#primaryimage\"},\"thumbnailUrl\":\"http:\/\/www.explorecology.com\/wp-content\/uploads\/2019\/07\/Polyommatus-icarus3-1024x768.jpg\",\"datePublished\":\"2018-11-08T14:31:05+00:00\",\"dateModified\":\"2022-11-27T20:14:00+00:00\",\"breadcrumb\":{\"@id\":\"https:\/\/www.explorecology.com\/index.php\/projets\/exploecolab\/#breadcrumb\"},\"inLanguage\":\"fr-FR\",\"potentialAction\":[{\"@type\":\"ReadAction\",\"target\":[\"https:\/\/www.explorecology.com\/index.php\/projets\/exploecolab\/\"]}]},{\"@type\":\"ImageObject\",\"inLanguage\":\"fr-FR\",\"@id\":\"https:\/\/www.explorecology.com\/index.php\/projets\/exploecolab\/#primaryimage\",\"url\":\"https:\/\/www.explorecology.com\/wp-content\/uploads\/2019\/07\/Polyommatus-icarus3.jpg\",\"contentUrl\":\"https:\/\/www.explorecology.com\/wp-content\/uploads\/2019\/07\/Polyommatus-icarus3.jpg\",\"width\":2592,\"height\":1944},{\"@type\":\"BreadcrumbList\",\"@id\":\"https:\/\/www.explorecology.com\/index.php\/projets\/exploecolab\/#breadcrumb\",\"itemListElement\":[{\"@type\":\"ListItem\",\"position\":1,\"name\":\"Accueil\",\"item\":\"https:\/\/www.explorecology.com\/\"},{\"@type\":\"ListItem\",\"position\":2,\"name\":\"Projets\",\"item\":\"https:\/\/www.explorecology.com\/index.php\/projets\/\"},{\"@type\":\"ListItem\",\"position\":3,\"name\":\"ExplorEcoLab\"}]},{\"@type\":\"WebSite\",\"@id\":\"https:\/\/www.explorecology.com\/#website\",\"url\":\"https:\/\/www.explorecology.com\/\",\"name\":\"Exploratory Ecology\",\"description\":\"Association scientifique qui \u00e9tudie les relations entre les esp\u00e8ces et leur environnement pour d\u00e9finir des actions de conservation de la biodiversit\u00e9\",\"publisher\":{\"@id\":\"https:\/\/www.explorecology.com\/#organization\"},\"potentialAction\":[{\"@type\":\"SearchAction\",\"target\":{\"@type\":\"EntryPoint\",\"urlTemplate\":\"https:\/\/www.explorecology.com\/?s={search_term_string}\"},\"query-input\":{\"@type\":\"PropertyValueSpecification\",\"valueRequired\":true,\"valueName\":\"search_term_string\"}}],\"inLanguage\":\"fr-FR\"},{\"@type\":\"Organization\",\"@id\":\"https:\/\/www.explorecology.com\/#organization\",\"name\":\"Exploratory Ecology (ExplorEcology)\",\"url\":\"https:\/\/www.explorecology.com\/\",\"logo\":{\"@type\":\"ImageObject\",\"inLanguage\":\"fr-FR\",\"@id\":\"https:\/\/www.explorecology.com\/#\/schema\/logo\/image\/\",\"url\":\"https:\/\/www.explorecology.com\/wp-content\/uploads\/2019\/07\/logoE2_Good-5-1.jpg\",\"contentUrl\":\"https:\/\/www.explorecology.com\/wp-content\/uploads\/2019\/07\/logoE2_Good-5-1.jpg\",\"width\":1063,\"height\":1066,\"caption\":\"Exploratory Ecology (ExplorEcology)\"},\"image\":{\"@id\":\"https:\/\/www.explorecology.com\/#\/schema\/logo\/image\/\"},\"sameAs\":[\"https:\/\/www.facebook.com\/explorecology\/\",\"https:\/\/x.com\/Explorecology\",\"https:\/\/www.instagram.com\/explorecology\"]}]}<\/script>\n<!-- \/ Yoast SEO plugin. -->","yoast_head_json":{"title":"ExplorEcoLab - Exploratory Ecology","robots":{"index":"index","follow":"follow","max-snippet":"max-snippet:-1","max-image-preview":"max-image-preview:large","max-video-preview":"max-video-preview:-1"},"canonical":"https:\/\/www.explorecology.com\/index.php\/projets\/exploecolab\/","og_locale":"fr_FR","og_type":"article","og_title":"ExplorEcoLab - Exploratory Ecology","og_description":"Pr\u00e9sentation du projet ExplorEcoLab Le projet ExplorEcoLab est une \u00e9tude exp\u00e9rimentale sur les effets du changement climatique sur la relation papillons-plantes h\u00f4tes-fourmis. Les objectifs de cette \u00e9tude sont les suivants : Recr\u00e9er en milieu clos la relation entre les cycles biologiques des papillons, de ses plantes h\u00f4tes et des fourmis, Contr\u00f4ler les facteurs climatiques etLire la suiteExplorEcoLab","og_url":"https:\/\/www.explorecology.com\/index.php\/projets\/exploecolab\/","og_site_name":"Exploratory Ecology","article_publisher":"https:\/\/www.facebook.com\/explorecology\/","article_modified_time":"2022-11-27T20:14:00+00:00","og_image":[{"url":"http:\/\/www.explorecology.com\/wp-content\/uploads\/2019\/07\/Polyommatus-icarus3-1024x768.jpg","type":"","width":"","height":""}],"twitter_card":"summary_large_image","twitter_site":"@Explorecology","twitter_misc":{"Dur\u00e9e de lecture estim\u00e9e":"4 minutes"},"schema":{"@context":"https:\/\/schema.org","@graph":[{"@type":"WebPage","@id":"https:\/\/www.explorecology.com\/index.php\/projets\/exploecolab\/","url":"https:\/\/www.explorecology.com\/index.php\/projets\/exploecolab\/","name":"ExplorEcoLab - Exploratory Ecology","isPartOf":{"@id":"https:\/\/www.explorecology.com\/#website"},"primaryImageOfPage":{"@id":"https:\/\/www.explorecology.com\/index.php\/projets\/exploecolab\/#primaryimage"},"image":{"@id":"https:\/\/www.explorecology.com\/index.php\/projets\/exploecolab\/#primaryimage"},"thumbnailUrl":"http:\/\/www.explorecology.com\/wp-content\/uploads\/2019\/07\/Polyommatus-icarus3-1024x768.jpg","datePublished":"2018-11-08T14:31:05+00:00","dateModified":"2022-11-27T20:14:00+00:00","breadcrumb":{"@id":"https:\/\/www.explorecology.com\/index.php\/projets\/exploecolab\/#breadcrumb"},"inLanguage":"fr-FR","potentialAction":[{"@type":"ReadAction","target":["https:\/\/www.explorecology.com\/index.php\/projets\/exploecolab\/"]}]},{"@type":"ImageObject","inLanguage":"fr-FR","@id":"https:\/\/www.explorecology.com\/index.php\/projets\/exploecolab\/#primaryimage","url":"https:\/\/www.explorecology.com\/wp-content\/uploads\/2019\/07\/Polyommatus-icarus3.jpg","contentUrl":"https:\/\/www.explorecology.com\/wp-content\/uploads\/2019\/07\/Polyommatus-icarus3.jpg","width":2592,"height":1944},{"@type":"BreadcrumbList","@id":"https:\/\/www.explorecology.com\/index.php\/projets\/exploecolab\/#breadcrumb","itemListElement":[{"@type":"ListItem","position":1,"name":"Accueil","item":"https:\/\/www.explorecology.com\/"},{"@type":"ListItem","position":2,"name":"Projets","item":"https:\/\/www.explorecology.com\/index.php\/projets\/"},{"@type":"ListItem","position":3,"name":"ExplorEcoLab"}]},{"@type":"WebSite","@id":"https:\/\/www.explorecology.com\/#website","url":"https:\/\/www.explorecology.com\/","name":"Exploratory Ecology","description":"Association scientifique qui \u00e9tudie les relations entre les esp\u00e8ces et leur environnement pour d\u00e9finir des actions de conservation de la biodiversit\u00e9","publisher":{"@id":"https:\/\/www.explorecology.com\/#organization"},"potentialAction":[{"@type":"SearchAction","target":{"@type":"EntryPoint","urlTemplate":"https:\/\/www.explorecology.com\/?s={search_term_string}"},"query-input":{"@type":"PropertyValueSpecification","valueRequired":true,"valueName":"search_term_string"}}],"inLanguage":"fr-FR"},{"@type":"Organization","@id":"https:\/\/www.explorecology.com\/#organization","name":"Exploratory Ecology (ExplorEcology)","url":"https:\/\/www.explorecology.com\/","logo":{"@type":"ImageObject","inLanguage":"fr-FR","@id":"https:\/\/www.explorecology.com\/#\/schema\/logo\/image\/","url":"https:\/\/www.explorecology.com\/wp-content\/uploads\/2019\/07\/logoE2_Good-5-1.jpg","contentUrl":"https:\/\/www.explorecology.com\/wp-content\/uploads\/2019\/07\/logoE2_Good-5-1.jpg","width":1063,"height":1066,"caption":"Exploratory Ecology (ExplorEcology)"},"image":{"@id":"https:\/\/www.explorecology.com\/#\/schema\/logo\/image\/"},"sameAs":["https:\/\/www.facebook.com\/explorecology\/","https:\/\/x.com\/Explorecology","https:\/\/www.instagram.com\/explorecology"]}]}},"_links":{"self":[{"href":"https:\/\/www.explorecology.com\/index.php\/wp-json\/wp\/v2\/pages\/79","targetHints":{"allow":["GET"]}}],"collection":[{"href":"https:\/\/www.explorecology.com\/index.php\/wp-json\/wp\/v2\/pages"}],"about":[{"href":"https:\/\/www.explorecology.com\/index.php\/wp-json\/wp\/v2\/types\/page"}],"author":[{"embeddable":true,"href":"https:\/\/www.explorecology.com\/index.php\/wp-json\/wp\/v2\/users\/2"}],"replies":[{"embeddable":true,"href":"https:\/\/www.explorecology.com\/index.php\/wp-json\/wp\/v2\/comments?post=79"}],"version-history":[{"count":33,"href":"https:\/\/www.explorecology.com\/index.php\/wp-json\/wp\/v2\/pages\/79\/revisions"}],"predecessor-version":[{"id":3843,"href":"https:\/\/www.explorecology.com\/index.php\/wp-json\/wp\/v2\/pages\/79\/revisions\/3843"}],"up":[{"embeddable":true,"href":"https:\/\/www.explorecology.com\/index.php\/wp-json\/wp\/v2\/pages\/15"}],"wp:attachment":[{"href":"https:\/\/www.explorecology.com\/index.php\/wp-json\/wp\/v2\/media?parent=79"}],"curies":[{"name":"wp","href":"https:\/\/api.w.org\/{rel}","templated":true}]}}