{"id":3965,"date":"2023-05-01T12:50:50","date_gmt":"2023-05-01T10:50:50","guid":{"rendered":"https:\/\/www.explorecology.com\/?page_id=3965"},"modified":"2023-09-11T04:37:02","modified_gmt":"2023-09-11T02:37:02","slug":"explornature","status":"publish","type":"page","link":"https:\/\/www.explorecology.com\/index.php\/en\/project\/explorpublic\/explornature\/","title":{"rendered":"EXPLORNATURE"},"content":{"rendered":"\n<p>? Come and explore nature at Lake Lacanau (Gironde, France) accompanied by the team of the Exploratory Ecology association. A privileged moment of nature observation on the lake up to 4 people maximum. A personalized program : discovery of the formation of the lake, flora and wildlife (bird watching ?.. .) ?<\/p>\n\n\n\n<figure class=\"wp-block-gallery columns-3 is-cropped wp-block-gallery-1 is-layout-flex wp-block-gallery-is-layout-flex\"><ul class=\"blocks-gallery-grid\"><li class=\"blocks-gallery-item\"><figure><img loading=\"lazy\" decoding=\"async\" width=\"1024\" height=\"771\" src=\"https:\/\/www.explorecology.com\/wp-content\/uploads\/2023\/07\/PXL_20230702_083720768-1-1024x771.jpg\" alt=\"\" data-id=\"4075\" data-full-url=\"https:\/\/www.explorecology.com\/wp-content\/uploads\/2023\/07\/PXL_20230702_083720768-1-scaled.jpg\" data-link=\"https:\/\/www.explorecology.com\/index.php\/en\/project\/explorpublic\/explornature\/pxl_20230702_083720768-1\/\" class=\"wp-image-4075\" srcset=\"https:\/\/www.explorecology.com\/wp-content\/uploads\/2023\/07\/PXL_20230702_083720768-1-1024x771.jpg 1024w, https:\/\/www.explorecology.com\/wp-content\/uploads\/2023\/07\/PXL_20230702_083720768-1-300x226.jpg 300w, https:\/\/www.explorecology.com\/wp-content\/uploads\/2023\/07\/PXL_20230702_083720768-1-768x578.jpg 768w, https:\/\/www.explorecology.com\/wp-content\/uploads\/2023\/07\/PXL_20230702_083720768-1-1536x1157.jpg 1536w, https:\/\/www.explorecology.com\/wp-content\/uploads\/2023\/07\/PXL_20230702_083720768-1-2048x1542.jpg 2048w\" sizes=\"auto, (max-width: 1024px) 100vw, 1024px\" \/><\/figure><\/li><li class=\"blocks-gallery-item\"><figure><img loading=\"lazy\" decoding=\"async\" width=\"1024\" height=\"771\" src=\"https:\/\/www.explorecology.com\/wp-content\/uploads\/2023\/07\/PXL_20230702_101533292-1-1024x771.jpg\" alt=\"\" data-id=\"4076\" data-full-url=\"https:\/\/www.explorecology.com\/wp-content\/uploads\/2023\/07\/PXL_20230702_101533292-1-scaled.jpg\" data-link=\"https:\/\/www.explorecology.com\/index.php\/en\/project\/explorpublic\/explornature\/pxl_20230702_101533292-1\/\" class=\"wp-image-4076\" srcset=\"https:\/\/www.explorecology.com\/wp-content\/uploads\/2023\/07\/PXL_20230702_101533292-1-1024x771.jpg 1024w, https:\/\/www.explorecology.com\/wp-content\/uploads\/2023\/07\/PXL_20230702_101533292-1-300x226.jpg 300w, https:\/\/www.explorecology.com\/wp-content\/uploads\/2023\/07\/PXL_20230702_101533292-1-768x578.jpg 768w, https:\/\/www.explorecology.com\/wp-content\/uploads\/2023\/07\/PXL_20230702_101533292-1-1536x1157.jpg 1536w, https:\/\/www.explorecology.com\/wp-content\/uploads\/2023\/07\/PXL_20230702_101533292-1-2048x1542.jpg 2048w\" sizes=\"auto, (max-width: 1024px) 100vw, 1024px\" \/><\/figure><\/li><li class=\"blocks-gallery-item\"><figure><img loading=\"lazy\" decoding=\"async\" width=\"1024\" height=\"771\" src=\"https:\/\/www.explorecology.com\/wp-content\/uploads\/2023\/07\/PXL_20230702_105854598-1-1024x771.jpg\" alt=\"\" data-id=\"4077\" data-full-url=\"https:\/\/www.explorecology.com\/wp-content\/uploads\/2023\/07\/PXL_20230702_105854598-1-scaled.jpg\" data-link=\"https:\/\/www.explorecology.com\/index.php\/en\/project\/explorpublic\/explornature\/pxl_20230702_105854598-1\/\" class=\"wp-image-4077\" srcset=\"https:\/\/www.explorecology.com\/wp-content\/uploads\/2023\/07\/PXL_20230702_105854598-1-1024x771.jpg 1024w, https:\/\/www.explorecology.com\/wp-content\/uploads\/2023\/07\/PXL_20230702_105854598-1-300x226.jpg 300w, https:\/\/www.explorecology.com\/wp-content\/uploads\/2023\/07\/PXL_20230702_105854598-1-768x578.jpg 768w, https:\/\/www.explorecology.com\/wp-content\/uploads\/2023\/07\/PXL_20230702_105854598-1-1536x1157.jpg 1536w, https:\/\/www.explorecology.com\/wp-content\/uploads\/2023\/07\/PXL_20230702_105854598-1-2048x1542.jpg 2048w\" sizes=\"auto, (max-width: 1024px) 100vw, 1024px\" \/><\/figure><\/li><li class=\"blocks-gallery-item\"><figure><img loading=\"lazy\" decoding=\"async\" width=\"1024\" height=\"771\" src=\"https:\/\/www.explorecology.com\/wp-content\/uploads\/2023\/07\/PXL_20230702_142803734.MP_-2-1024x771.jpg\" alt=\"\" data-id=\"4078\" data-full-url=\"https:\/\/www.explorecology.com\/wp-content\/uploads\/2023\/07\/PXL_20230702_142803734.MP_-2-scaled.jpg\" data-link=\"https:\/\/www.explorecology.com\/index.php\/en\/project\/explorpublic\/explornature\/pxl_20230702_142803734-mp_-2\/\" class=\"wp-image-4078\" srcset=\"https:\/\/www.explorecology.com\/wp-content\/uploads\/2023\/07\/PXL_20230702_142803734.MP_-2-1024x771.jpg 1024w, https:\/\/www.explorecology.com\/wp-content\/uploads\/2023\/07\/PXL_20230702_142803734.MP_-2-300x226.jpg 300w, https:\/\/www.explorecology.com\/wp-content\/uploads\/2023\/07\/PXL_20230702_142803734.MP_-2-768x578.jpg 768w, https:\/\/www.explorecology.com\/wp-content\/uploads\/2023\/07\/PXL_20230702_142803734.MP_-2-1536x1157.jpg 1536w, https:\/\/www.explorecology.com\/wp-content\/uploads\/2023\/07\/PXL_20230702_142803734.MP_-2-2048x1542.jpg 2048w\" sizes=\"auto, (max-width: 1024px) 100vw, 1024px\" \/><\/figure><\/li><\/ul><\/figure>\n\n\n\n<p>To register click on the participate button below:<\/p>\n\n\n\n<p> <a href=\"https:\/\/www.helloasso.com\/associations\/exploratory-ecology\/evenements\/explorer-la-nature-en-bateau-au-lac-de-lacanau\">https:\/\/www.helloasso.com\/associations\/exploratory-ecology\/evenements\/explorer-la-nature-en-bateau-au-lac-de-lacanau<\/a> <\/p>\n","protected":false},"excerpt":{"rendered":"<p>? Come and explore nature at Lake Lacanau (Gironde, France) accompanied by the team of the Exploratory Ecology association. A privileged moment of nature observation on the lake up to 4 people maximum. A personalized program : discovery of the formation of the lake, flora and wildlife (bird watching ?.. .) ? To register click<span class=\"read-more-wrap\"><a class=\"moretag\" href=\"https:\/\/www.explorecology.com\/index.php\/en\/project\/explorpublic\/explornature\/\">Lire la suite<span class=\"screen-reader-text\">EXPLORNATURE<\/span><\/a><\/span><\/p>\n","protected":false},"author":2,"featured_media":3925,"parent":1575,"menu_order":0,"comment_status":"closed","ping_status":"closed","template":"","meta":{"_exactmetrics_skip_tracking":false,"_exactmetrics_sitenote_active":false,"_exactmetrics_sitenote_note":"","_exactmetrics_sitenote_category":0,"footnotes":""},"class_list":["post-3965","page","type-page","status-publish","has-post-thumbnail","hentry"],"yoast_head":"<!-- This site is optimized with the Yoast SEO plugin v26.6 - https:\/\/yoast.com\/wordpress\/plugins\/seo\/ -->\n<title>EXPLORNATURE - Exploratory Ecology<\/title>\n<meta name=\"robots\" content=\"index, follow, max-snippet:-1, max-image-preview:large, max-video-preview:-1\" \/>\n<link rel=\"canonical\" href=\"https:\/\/www.explorecology.com\/index.php\/en\/project\/explorpublic\/explornature\/\" \/>\n<meta property=\"og:locale\" content=\"fr_FR\" \/>\n<meta property=\"og:type\" content=\"article\" \/>\n<meta property=\"og:title\" content=\"EXPLORNATURE - Exploratory Ecology\" \/>\n<meta property=\"og:description\" content=\"? Come and explore nature at Lake Lacanau (Gironde, France) accompanied by the team of the Exploratory Ecology association. A privileged moment of nature observation on the lake up to 4 people maximum. A personalized program : discovery of the formation of the lake, flora and wildlife (bird watching ?.. .) ? To register clickLire la suiteEXPLORNATURE\" \/>\n<meta property=\"og:url\" content=\"https:\/\/www.explorecology.com\/index.php\/en\/project\/explorpublic\/explornature\/\" \/>\n<meta property=\"og:site_name\" content=\"Exploratory Ecology\" \/>\n<meta property=\"article:publisher\" content=\"https:\/\/www.facebook.com\/explorecology\/\" \/>\n<meta property=\"article:modified_time\" content=\"2023-09-11T02:37:02+00:00\" \/>\n<meta property=\"og:image\" content=\"https:\/\/www.explorecology.com\/wp-content\/uploads\/2023\/03\/PXL_20230305_131654742-scaled.jpg\" \/>\n\t<meta property=\"og:image:width\" content=\"2560\" \/>\n\t<meta property=\"og:image:height\" content=\"1928\" \/>\n\t<meta property=\"og:image:type\" content=\"image\/jpeg\" \/>\n<meta name=\"twitter:card\" content=\"summary_large_image\" \/>\n<meta name=\"twitter:site\" content=\"@Explorecology\" \/>\n<meta name=\"twitter:label1\" content=\"Dur\u00e9e de lecture estim\u00e9e\" \/>\n\t<meta name=\"twitter:data1\" content=\"2 minutes\" \/>\n<script type=\"application\/ld+json\" class=\"yoast-schema-graph\">{\"@context\":\"https:\/\/schema.org\",\"@graph\":[{\"@type\":\"WebPage\",\"@id\":\"https:\/\/www.explorecology.com\/index.php\/en\/project\/explorpublic\/explornature\/\",\"url\":\"https:\/\/www.explorecology.com\/index.php\/en\/project\/explorpublic\/explornature\/\",\"name\":\"EXPLORNATURE - Exploratory Ecology\",\"isPartOf\":{\"@id\":\"https:\/\/www.explorecology.com\/#website\"},\"primaryImageOfPage\":{\"@id\":\"https:\/\/www.explorecology.com\/index.php\/en\/project\/explorpublic\/explornature\/#primaryimage\"},\"image\":{\"@id\":\"https:\/\/www.explorecology.com\/index.php\/en\/project\/explorpublic\/explornature\/#primaryimage\"},\"thumbnailUrl\":\"https:\/\/www.explorecology.com\/wp-content\/uploads\/2023\/03\/PXL_20230305_131654742-scaled.jpg\",\"datePublished\":\"2023-05-01T10:50:50+00:00\",\"dateModified\":\"2023-09-11T02:37:02+00:00\",\"breadcrumb\":{\"@id\":\"https:\/\/www.explorecology.com\/index.php\/en\/project\/explorpublic\/explornature\/#breadcrumb\"},\"inLanguage\":\"fr-FR\",\"potentialAction\":[{\"@type\":\"ReadAction\",\"target\":[\"https:\/\/www.explorecology.com\/index.php\/en\/project\/explorpublic\/explornature\/\"]}]},{\"@type\":\"ImageObject\",\"inLanguage\":\"fr-FR\",\"@id\":\"https:\/\/www.explorecology.com\/index.php\/en\/project\/explorpublic\/explornature\/#primaryimage\",\"url\":\"https:\/\/www.explorecology.com\/wp-content\/uploads\/2023\/03\/PXL_20230305_131654742-scaled.jpg\",\"contentUrl\":\"https:\/\/www.explorecology.com\/wp-content\/uploads\/2023\/03\/PXL_20230305_131654742-scaled.jpg\",\"width\":2560,\"height\":1928},{\"@type\":\"BreadcrumbList\",\"@id\":\"https:\/\/www.explorecology.com\/index.php\/en\/project\/explorpublic\/explornature\/#breadcrumb\",\"itemListElement\":[{\"@type\":\"ListItem\",\"position\":1,\"name\":\"Accueil\",\"item\":\"https:\/\/www.explorecology.com\/\"},{\"@type\":\"ListItem\",\"position\":2,\"name\":\"PROJECTS\",\"item\":\"https:\/\/www.explorecology.com\/index.php\/en\/project\/\"},{\"@type\":\"ListItem\",\"position\":3,\"name\":\"EXPLORPUBLIC\",\"item\":\"https:\/\/www.explorecology.com\/index.php\/en\/project\/explorpublic\/\"},{\"@type\":\"ListItem\",\"position\":4,\"name\":\"EXPLORNATURE\"}]},{\"@type\":\"WebSite\",\"@id\":\"https:\/\/www.explorecology.com\/#website\",\"url\":\"https:\/\/www.explorecology.com\/\",\"name\":\"Exploratory Ecology\",\"description\":\"Association scientifique qui \u00e9tudie les relations entre les esp\u00e8ces et leur environnement pour d\u00e9finir des actions de conservation de la biodiversit\u00e9\",\"publisher\":{\"@id\":\"https:\/\/www.explorecology.com\/#organization\"},\"potentialAction\":[{\"@type\":\"SearchAction\",\"target\":{\"@type\":\"EntryPoint\",\"urlTemplate\":\"https:\/\/www.explorecology.com\/?s={search_term_string}\"},\"query-input\":{\"@type\":\"PropertyValueSpecification\",\"valueRequired\":true,\"valueName\":\"search_term_string\"}}],\"inLanguage\":\"fr-FR\"},{\"@type\":\"Organization\",\"@id\":\"https:\/\/www.explorecology.com\/#organization\",\"name\":\"Exploratory Ecology (ExplorEcology)\",\"url\":\"https:\/\/www.explorecology.com\/\",\"logo\":{\"@type\":\"ImageObject\",\"inLanguage\":\"fr-FR\",\"@id\":\"https:\/\/www.explorecology.com\/#\/schema\/logo\/image\/\",\"url\":\"https:\/\/www.explorecology.com\/wp-content\/uploads\/2019\/07\/logoE2_Good-5-1.jpg\",\"contentUrl\":\"https:\/\/www.explorecology.com\/wp-content\/uploads\/2019\/07\/logoE2_Good-5-1.jpg\",\"width\":1063,\"height\":1066,\"caption\":\"Exploratory Ecology (ExplorEcology)\"},\"image\":{\"@id\":\"https:\/\/www.explorecology.com\/#\/schema\/logo\/image\/\"},\"sameAs\":[\"https:\/\/www.facebook.com\/explorecology\/\",\"https:\/\/x.com\/Explorecology\",\"https:\/\/www.instagram.com\/explorecology\"]}]}<\/script>\n<!-- \/ Yoast SEO plugin. -->","yoast_head_json":{"title":"EXPLORNATURE - Exploratory Ecology","robots":{"index":"index","follow":"follow","max-snippet":"max-snippet:-1","max-image-preview":"max-image-preview:large","max-video-preview":"max-video-preview:-1"},"canonical":"https:\/\/www.explorecology.com\/index.php\/en\/project\/explorpublic\/explornature\/","og_locale":"fr_FR","og_type":"article","og_title":"EXPLORNATURE - Exploratory Ecology","og_description":"? Come and explore nature at Lake Lacanau (Gironde, France) accompanied by the team of the Exploratory Ecology association. A privileged moment of nature observation on the lake up to 4 people maximum. A personalized program : discovery of the formation of the lake, flora and wildlife (bird watching ?.. .) ? To register clickLire la suiteEXPLORNATURE","og_url":"https:\/\/www.explorecology.com\/index.php\/en\/project\/explorpublic\/explornature\/","og_site_name":"Exploratory Ecology","article_publisher":"https:\/\/www.facebook.com\/explorecology\/","article_modified_time":"2023-09-11T02:37:02+00:00","og_image":[{"width":2560,"height":1928,"url":"https:\/\/www.explorecology.com\/wp-content\/uploads\/2023\/03\/PXL_20230305_131654742-scaled.jpg","type":"image\/jpeg"}],"twitter_card":"summary_large_image","twitter_site":"@Explorecology","twitter_misc":{"Dur\u00e9e de lecture estim\u00e9e":"2 minutes"},"schema":{"@context":"https:\/\/schema.org","@graph":[{"@type":"WebPage","@id":"https:\/\/www.explorecology.com\/index.php\/en\/project\/explorpublic\/explornature\/","url":"https:\/\/www.explorecology.com\/index.php\/en\/project\/explorpublic\/explornature\/","name":"EXPLORNATURE - Exploratory Ecology","isPartOf":{"@id":"https:\/\/www.explorecology.com\/#website"},"primaryImageOfPage":{"@id":"https:\/\/www.explorecology.com\/index.php\/en\/project\/explorpublic\/explornature\/#primaryimage"},"image":{"@id":"https:\/\/www.explorecology.com\/index.php\/en\/project\/explorpublic\/explornature\/#primaryimage"},"thumbnailUrl":"https:\/\/www.explorecology.com\/wp-content\/uploads\/2023\/03\/PXL_20230305_131654742-scaled.jpg","datePublished":"2023-05-01T10:50:50+00:00","dateModified":"2023-09-11T02:37:02+00:00","breadcrumb":{"@id":"https:\/\/www.explorecology.com\/index.php\/en\/project\/explorpublic\/explornature\/#breadcrumb"},"inLanguage":"fr-FR","potentialAction":[{"@type":"ReadAction","target":["https:\/\/www.explorecology.com\/index.php\/en\/project\/explorpublic\/explornature\/"]}]},{"@type":"ImageObject","inLanguage":"fr-FR","@id":"https:\/\/www.explorecology.com\/index.php\/en\/project\/explorpublic\/explornature\/#primaryimage","url":"https:\/\/www.explorecology.com\/wp-content\/uploads\/2023\/03\/PXL_20230305_131654742-scaled.jpg","contentUrl":"https:\/\/www.explorecology.com\/wp-content\/uploads\/2023\/03\/PXL_20230305_131654742-scaled.jpg","width":2560,"height":1928},{"@type":"BreadcrumbList","@id":"https:\/\/www.explorecology.com\/index.php\/en\/project\/explorpublic\/explornature\/#breadcrumb","itemListElement":[{"@type":"ListItem","position":1,"name":"Accueil","item":"https:\/\/www.explorecology.com\/"},{"@type":"ListItem","position":2,"name":"PROJECTS","item":"https:\/\/www.explorecology.com\/index.php\/en\/project\/"},{"@type":"ListItem","position":3,"name":"EXPLORPUBLIC","item":"https:\/\/www.explorecology.com\/index.php\/en\/project\/explorpublic\/"},{"@type":"ListItem","position":4,"name":"EXPLORNATURE"}]},{"@type":"WebSite","@id":"https:\/\/www.explorecology.com\/#website","url":"https:\/\/www.explorecology.com\/","name":"Exploratory Ecology","description":"Association scientifique qui \u00e9tudie les relations entre les esp\u00e8ces et leur environnement pour d\u00e9finir des actions de conservation de la biodiversit\u00e9","publisher":{"@id":"https:\/\/www.explorecology.com\/#organization"},"potentialAction":[{"@type":"SearchAction","target":{"@type":"EntryPoint","urlTemplate":"https:\/\/www.explorecology.com\/?s={search_term_string}"},"query-input":{"@type":"PropertyValueSpecification","valueRequired":true,"valueName":"search_term_string"}}],"inLanguage":"fr-FR"},{"@type":"Organization","@id":"https:\/\/www.explorecology.com\/#organization","name":"Exploratory Ecology (ExplorEcology)","url":"https:\/\/www.explorecology.com\/","logo":{"@type":"ImageObject","inLanguage":"fr-FR","@id":"https:\/\/www.explorecology.com\/#\/schema\/logo\/image\/","url":"https:\/\/www.explorecology.com\/wp-content\/uploads\/2019\/07\/logoE2_Good-5-1.jpg","contentUrl":"https:\/\/www.explorecology.com\/wp-content\/uploads\/2019\/07\/logoE2_Good-5-1.jpg","width":1063,"height":1066,"caption":"Exploratory Ecology (ExplorEcology)"},"image":{"@id":"https:\/\/www.explorecology.com\/#\/schema\/logo\/image\/"},"sameAs":["https:\/\/www.facebook.com\/explorecology\/","https:\/\/x.com\/Explorecology","https:\/\/www.instagram.com\/explorecology"]}]}},"_links":{"self":[{"href":"https:\/\/www.explorecology.com\/index.php\/wp-json\/wp\/v2\/pages\/3965","targetHints":{"allow":["GET"]}}],"collection":[{"href":"https:\/\/www.explorecology.com\/index.php\/wp-json\/wp\/v2\/pages"}],"about":[{"href":"https:\/\/www.explorecology.com\/index.php\/wp-json\/wp\/v2\/types\/page"}],"author":[{"embeddable":true,"href":"https:\/\/www.explorecology.com\/index.php\/wp-json\/wp\/v2\/users\/2"}],"replies":[{"embeddable":true,"href":"https:\/\/www.explorecology.com\/index.php\/wp-json\/wp\/v2\/comments?post=3965"}],"version-history":[{"count":8,"href":"https:\/\/www.explorecology.com\/index.php\/wp-json\/wp\/v2\/pages\/3965\/revisions"}],"predecessor-version":[{"id":4096,"href":"https:\/\/www.explorecology.com\/index.php\/wp-json\/wp\/v2\/pages\/3965\/revisions\/4096"}],"up":[{"embeddable":true,"href":"https:\/\/www.explorecology.com\/index.php\/wp-json\/wp\/v2\/pages\/1575"}],"wp:featuredmedia":[{"embeddable":true,"href":"https:\/\/www.explorecology.com\/index.php\/wp-json\/wp\/v2\/media\/3925"}],"wp:attachment":[{"href":"https:\/\/www.explorecology.com\/index.php\/wp-json\/wp\/v2\/media?parent=3965"}],"curies":[{"name":"wp","href":"https:\/\/api.w.org\/{rel}","templated":true}]}}