{"id":293,"date":"2018-12-03T14:01:35","date_gmt":"2018-12-03T13:01:35","guid":{"rendered":"http:\/\/www.explorecology.com\/?page_id=293"},"modified":"2022-11-27T20:55:10","modified_gmt":"2022-11-27T19:55:10","slug":"home","status":"publish","type":"page","link":"https:\/\/www.explorecology.com\/index.php\/en\/home\/","title":{"rendered":"Home"},"content":{"rendered":"\n<figure class=\"wp-block-image\"><img loading=\"lazy\" decoding=\"async\" width=\"2592\" height=\"1944\" src=\"http:\/\/www.explorecology.com\/wp-content\/uploads\/2018\/11\/IMG_0819.jpg\" alt=\"\" class=\"wp-image-37\" srcset=\"https:\/\/www.explorecology.com\/wp-content\/uploads\/2018\/11\/IMG_0819.jpg 2592w, https:\/\/www.explorecology.com\/wp-content\/uploads\/2018\/11\/IMG_0819-300x225.jpg 300w, https:\/\/www.explorecology.com\/wp-content\/uploads\/2018\/11\/IMG_0819-768x576.jpg 768w, https:\/\/www.explorecology.com\/wp-content\/uploads\/2018\/11\/IMG_0819-1024x768.jpg 1024w\" sizes=\"auto, (max-width: 2592px) 100vw, 2592px\" \/><\/figure>\n\n\n\n<p>Welcome to <a href=\"http:\/\/www.explorecology.com\/index.php\/en\/explorecology-2\/\">Exploratory Ecology<\/a> association&rsquo;s website !<\/p>\n","protected":false},"excerpt":{"rendered":"<p>Welcome to Exploratory Ecology association&rsquo;s website !<\/p>\n","protected":false},"author":2,"featured_media":1134,"parent":0,"menu_order":0,"comment_status":"closed","ping_status":"closed","template":"","meta":{"_exactmetrics_skip_tracking":false,"_exactmetrics_sitenote_active":false,"_exactmetrics_sitenote_note":"","_exactmetrics_sitenote_category":0,"footnotes":""},"class_list":["post-293","page","type-page","status-publish","has-post-thumbnail","hentry"],"yoast_head":"<!-- This site is optimized with the Yoast SEO plugin v26.6 - https:\/\/yoast.com\/wordpress\/plugins\/seo\/ -->\n<title>Exploratory Ecology<\/title>\n<meta name=\"description\" content=\"scientific association that studies the relationships between species and their environment to define actions for the conservation of biodiversity\" \/>\n<meta name=\"robots\" content=\"index, follow, max-snippet:-1, max-image-preview:large, max-video-preview:-1\" \/>\n<link rel=\"canonical\" href=\"https:\/\/www.explorecology.com\/index.php\/en\/home\/\" \/>\n<meta property=\"og:locale\" content=\"fr_FR\" \/>\n<meta property=\"og:type\" content=\"article\" \/>\n<meta property=\"og:title\" content=\"Exploratory Ecology\" \/>\n<meta property=\"og:description\" content=\"scientific association that studies the relationships between species and their environment to define actions for the conservation of biodiversity\" \/>\n<meta property=\"og:url\" content=\"https:\/\/www.explorecology.com\/index.php\/en\/home\/\" \/>\n<meta property=\"og:site_name\" content=\"Exploratory Ecology\" \/>\n<meta property=\"article:publisher\" content=\"https:\/\/www.facebook.com\/explorecology\/\" \/>\n<meta property=\"article:modified_time\" content=\"2022-11-27T19:55:10+00:00\" \/>\n<meta property=\"og:image\" content=\"https:\/\/www.explorecology.com\/wp-content\/uploads\/2019\/07\/Polyommatus-icarus3.jpg\" \/>\n\t<meta property=\"og:image:width\" content=\"2592\" \/>\n\t<meta property=\"og:image:height\" content=\"1944\" \/>\n\t<meta property=\"og:image:type\" content=\"image\/jpeg\" \/>\n<meta name=\"twitter:card\" content=\"summary_large_image\" \/>\n<meta name=\"twitter:site\" content=\"@Explorecology\" \/>\n<meta name=\"twitter:label1\" content=\"Dur\u00e9e de lecture estim\u00e9e\" \/>\n\t<meta name=\"twitter:data1\" content=\"1 minute\" \/>\n<script type=\"application\/ld+json\" class=\"yoast-schema-graph\">{\"@context\":\"https:\/\/schema.org\",\"@graph\":[{\"@type\":\"WebPage\",\"@id\":\"https:\/\/www.explorecology.com\/index.php\/en\/home\/\",\"url\":\"https:\/\/www.explorecology.com\/index.php\/en\/home\/\",\"name\":\"Exploratory Ecology\",\"isPartOf\":{\"@id\":\"https:\/\/www.explorecology.com\/#website\"},\"primaryImageOfPage\":{\"@id\":\"https:\/\/www.explorecology.com\/index.php\/en\/home\/#primaryimage\"},\"image\":{\"@id\":\"https:\/\/www.explorecology.com\/index.php\/en\/home\/#primaryimage\"},\"thumbnailUrl\":\"https:\/\/www.explorecology.com\/wp-content\/uploads\/2019\/07\/Polyommatus-icarus3.jpg\",\"datePublished\":\"2018-12-03T13:01:35+00:00\",\"dateModified\":\"2022-11-27T19:55:10+00:00\",\"description\":\"scientific association that studies the relationships between species and their environment to define actions for the conservation of biodiversity\",\"breadcrumb\":{\"@id\":\"https:\/\/www.explorecology.com\/index.php\/en\/home\/#breadcrumb\"},\"inLanguage\":\"fr-FR\",\"potentialAction\":[{\"@type\":\"ReadAction\",\"target\":[\"https:\/\/www.explorecology.com\/index.php\/en\/home\/\"]}]},{\"@type\":\"ImageObject\",\"inLanguage\":\"fr-FR\",\"@id\":\"https:\/\/www.explorecology.com\/index.php\/en\/home\/#primaryimage\",\"url\":\"https:\/\/www.explorecology.com\/wp-content\/uploads\/2019\/07\/Polyommatus-icarus3.jpg\",\"contentUrl\":\"https:\/\/www.explorecology.com\/wp-content\/uploads\/2019\/07\/Polyommatus-icarus3.jpg\",\"width\":2592,\"height\":1944},{\"@type\":\"BreadcrumbList\",\"@id\":\"https:\/\/www.explorecology.com\/index.php\/en\/home\/#breadcrumb\",\"itemListElement\":[{\"@type\":\"ListItem\",\"position\":1,\"name\":\"Accueil\",\"item\":\"https:\/\/www.explorecology.com\/\"},{\"@type\":\"ListItem\",\"position\":2,\"name\":\"Home\"}]},{\"@type\":\"WebSite\",\"@id\":\"https:\/\/www.explorecology.com\/#website\",\"url\":\"https:\/\/www.explorecology.com\/\",\"name\":\"Exploratory Ecology\",\"description\":\"Association scientifique qui \u00e9tudie les relations entre les esp\u00e8ces et leur environnement pour d\u00e9finir des actions de conservation de la biodiversit\u00e9\",\"publisher\":{\"@id\":\"https:\/\/www.explorecology.com\/#organization\"},\"potentialAction\":[{\"@type\":\"SearchAction\",\"target\":{\"@type\":\"EntryPoint\",\"urlTemplate\":\"https:\/\/www.explorecology.com\/?s={search_term_string}\"},\"query-input\":{\"@type\":\"PropertyValueSpecification\",\"valueRequired\":true,\"valueName\":\"search_term_string\"}}],\"inLanguage\":\"fr-FR\"},{\"@type\":\"Organization\",\"@id\":\"https:\/\/www.explorecology.com\/#organization\",\"name\":\"Exploratory Ecology (ExplorEcology)\",\"url\":\"https:\/\/www.explorecology.com\/\",\"logo\":{\"@type\":\"ImageObject\",\"inLanguage\":\"fr-FR\",\"@id\":\"https:\/\/www.explorecology.com\/#\/schema\/logo\/image\/\",\"url\":\"https:\/\/www.explorecology.com\/wp-content\/uploads\/2019\/07\/logoE2_Good-5-1.jpg\",\"contentUrl\":\"https:\/\/www.explorecology.com\/wp-content\/uploads\/2019\/07\/logoE2_Good-5-1.jpg\",\"width\":1063,\"height\":1066,\"caption\":\"Exploratory Ecology (ExplorEcology)\"},\"image\":{\"@id\":\"https:\/\/www.explorecology.com\/#\/schema\/logo\/image\/\"},\"sameAs\":[\"https:\/\/www.facebook.com\/explorecology\/\",\"https:\/\/x.com\/Explorecology\",\"https:\/\/www.instagram.com\/explorecology\"]}]}<\/script>\n<!-- \/ Yoast SEO plugin. -->","yoast_head_json":{"title":"Exploratory Ecology","description":"scientific association that studies the relationships between species and their environment to define actions for the conservation of biodiversity","robots":{"index":"index","follow":"follow","max-snippet":"max-snippet:-1","max-image-preview":"max-image-preview:large","max-video-preview":"max-video-preview:-1"},"canonical":"https:\/\/www.explorecology.com\/index.php\/en\/home\/","og_locale":"fr_FR","og_type":"article","og_title":"Exploratory Ecology","og_description":"scientific association that studies the relationships between species and their environment to define actions for the conservation of biodiversity","og_url":"https:\/\/www.explorecology.com\/index.php\/en\/home\/","og_site_name":"Exploratory Ecology","article_publisher":"https:\/\/www.facebook.com\/explorecology\/","article_modified_time":"2022-11-27T19:55:10+00:00","og_image":[{"width":2592,"height":1944,"url":"https:\/\/www.explorecology.com\/wp-content\/uploads\/2019\/07\/Polyommatus-icarus3.jpg","type":"image\/jpeg"}],"twitter_card":"summary_large_image","twitter_site":"@Explorecology","twitter_misc":{"Dur\u00e9e de lecture estim\u00e9e":"1 minute"},"schema":{"@context":"https:\/\/schema.org","@graph":[{"@type":"WebPage","@id":"https:\/\/www.explorecology.com\/index.php\/en\/home\/","url":"https:\/\/www.explorecology.com\/index.php\/en\/home\/","name":"Exploratory Ecology","isPartOf":{"@id":"https:\/\/www.explorecology.com\/#website"},"primaryImageOfPage":{"@id":"https:\/\/www.explorecology.com\/index.php\/en\/home\/#primaryimage"},"image":{"@id":"https:\/\/www.explorecology.com\/index.php\/en\/home\/#primaryimage"},"thumbnailUrl":"https:\/\/www.explorecology.com\/wp-content\/uploads\/2019\/07\/Polyommatus-icarus3.jpg","datePublished":"2018-12-03T13:01:35+00:00","dateModified":"2022-11-27T19:55:10+00:00","description":"scientific association that studies the relationships between species and their environment to define actions for the conservation of biodiversity","breadcrumb":{"@id":"https:\/\/www.explorecology.com\/index.php\/en\/home\/#breadcrumb"},"inLanguage":"fr-FR","potentialAction":[{"@type":"ReadAction","target":["https:\/\/www.explorecology.com\/index.php\/en\/home\/"]}]},{"@type":"ImageObject","inLanguage":"fr-FR","@id":"https:\/\/www.explorecology.com\/index.php\/en\/home\/#primaryimage","url":"https:\/\/www.explorecology.com\/wp-content\/uploads\/2019\/07\/Polyommatus-icarus3.jpg","contentUrl":"https:\/\/www.explorecology.com\/wp-content\/uploads\/2019\/07\/Polyommatus-icarus3.jpg","width":2592,"height":1944},{"@type":"BreadcrumbList","@id":"https:\/\/www.explorecology.com\/index.php\/en\/home\/#breadcrumb","itemListElement":[{"@type":"ListItem","position":1,"name":"Accueil","item":"https:\/\/www.explorecology.com\/"},{"@type":"ListItem","position":2,"name":"Home"}]},{"@type":"WebSite","@id":"https:\/\/www.explorecology.com\/#website","url":"https:\/\/www.explorecology.com\/","name":"Exploratory Ecology","description":"Association scientifique qui \u00e9tudie les relations entre les esp\u00e8ces et leur environnement pour d\u00e9finir des actions de conservation de la biodiversit\u00e9","publisher":{"@id":"https:\/\/www.explorecology.com\/#organization"},"potentialAction":[{"@type":"SearchAction","target":{"@type":"EntryPoint","urlTemplate":"https:\/\/www.explorecology.com\/?s={search_term_string}"},"query-input":{"@type":"PropertyValueSpecification","valueRequired":true,"valueName":"search_term_string"}}],"inLanguage":"fr-FR"},{"@type":"Organization","@id":"https:\/\/www.explorecology.com\/#organization","name":"Exploratory Ecology (ExplorEcology)","url":"https:\/\/www.explorecology.com\/","logo":{"@type":"ImageObject","inLanguage":"fr-FR","@id":"https:\/\/www.explorecology.com\/#\/schema\/logo\/image\/","url":"https:\/\/www.explorecology.com\/wp-content\/uploads\/2019\/07\/logoE2_Good-5-1.jpg","contentUrl":"https:\/\/www.explorecology.com\/wp-content\/uploads\/2019\/07\/logoE2_Good-5-1.jpg","width":1063,"height":1066,"caption":"Exploratory Ecology (ExplorEcology)"},"image":{"@id":"https:\/\/www.explorecology.com\/#\/schema\/logo\/image\/"},"sameAs":["https:\/\/www.facebook.com\/explorecology\/","https:\/\/x.com\/Explorecology","https:\/\/www.instagram.com\/explorecology"]}]}},"_links":{"self":[{"href":"https:\/\/www.explorecology.com\/index.php\/wp-json\/wp\/v2\/pages\/293","targetHints":{"allow":["GET"]}}],"collection":[{"href":"https:\/\/www.explorecology.com\/index.php\/wp-json\/wp\/v2\/pages"}],"about":[{"href":"https:\/\/www.explorecology.com\/index.php\/wp-json\/wp\/v2\/types\/page"}],"author":[{"embeddable":true,"href":"https:\/\/www.explorecology.com\/index.php\/wp-json\/wp\/v2\/users\/2"}],"replies":[{"embeddable":true,"href":"https:\/\/www.explorecology.com\/index.php\/wp-json\/wp\/v2\/comments?post=293"}],"version-history":[{"count":5,"href":"https:\/\/www.explorecology.com\/index.php\/wp-json\/wp\/v2\/pages\/293\/revisions"}],"predecessor-version":[{"id":486,"href":"https:\/\/www.explorecology.com\/index.php\/wp-json\/wp\/v2\/pages\/293\/revisions\/486"}],"wp:featuredmedia":[{"embeddable":true,"href":"https:\/\/www.explorecology.com\/index.php\/wp-json\/wp\/v2\/media\/1134"}],"wp:attachment":[{"href":"https:\/\/www.explorecology.com\/index.php\/wp-json\/wp\/v2\/media?parent=293"}],"curies":[{"name":"wp","href":"https:\/\/api.w.org\/{rel}","templated":true}]}}