{"id":2520,"date":"2020-05-02T21:39:42","date_gmt":"2020-05-02T19:39:42","guid":{"rendered":"http:\/\/www.explorecology.com\/?page_id=2520"},"modified":"2020-11-13T22:46:00","modified_gmt":"2020-11-13T21:46:00","slug":"social-networks","status":"publish","type":"page","link":"https:\/\/www.explorecology.com\/index.php\/en\/project\/explorpublic\/social-networks\/","title":{"rendered":"SOCIAL NETWORKS"},"content":{"rendered":"\n<p>Our association shares on social networks the news of the association&rsquo;s projects and information on the species observed, in particular butterflies in France and around the world. The objective is to discover the nature that surrounds us and to educate all audiences of all ages and all horizons about the protection of nature.<\/p>\n\n\n\n<p>The community of followers on the association&rsquo;s <a href=\"https:\/\/www.facebook.com\/explorecology\/\">facebook<\/a> page is diverse and has more than 3,000 people. The followers called explorers are men and women aged 13 to over 65, located in several countries around the world with a majority of followers in Europe and Africa.<\/p>\n\n\n\n<figure class=\"wp-block-image is-resized\"><img loading=\"lazy\" decoding=\"async\" src=\"http:\/\/www.explorecology.com\/wp-content\/uploads\/2020\/05\/image-25-1024x629.png\" alt=\"L\u2019attribut alt de cette image est vide, son nom de fichier est image-25-1024x629.png.\" width=\"582\" height=\"357\"\/><figcaption>Location map of followers to Exploratory Ecology&rsquo;s facebook page \u00a9 F. Mallard<\/figcaption><\/figure>\n\n\n\n<p>35% read French publications and 65% read English.<\/p>\n\n\n\n<div class=\"wp-block-image\"><figure class=\"aligncenter is-resized\"><img loading=\"lazy\" decoding=\"async\" src=\"http:\/\/www.explorecology.com\/wp-content\/uploads\/2020\/05\/image-24.png\" alt=\"L\u2019attribut alt de cette image est vide, son nom de fichier est image-24.png.\" width=\"377\" height=\"349\"\/><figcaption>Languages spoken by followers to Exploratory Ecology&rsquo;s facebook page \u00a9 F. Mallard<\/figcaption><\/figure><\/div>\n\n\n\n<p>56% of followers are between 13 and 17 years old, 20% between 18 and 24 years old and 24% between 25 and 65 years old and over.<\/p>\n\n\n\n<figure class=\"wp-block-image size-large\"><img loading=\"lazy\" decoding=\"async\" width=\"1024\" height=\"297\" src=\"http:\/\/www.explorecology.com\/wp-content\/uploads\/2020\/05\/image-41-1024x297.png\" alt=\"\" class=\"wp-image-2591\" srcset=\"https:\/\/www.explorecology.com\/wp-content\/uploads\/2020\/05\/image-41-1024x297.png 1024w, https:\/\/www.explorecology.com\/wp-content\/uploads\/2020\/05\/image-41-300x87.png 300w, https:\/\/www.explorecology.com\/wp-content\/uploads\/2020\/05\/image-41-768x223.png 768w, https:\/\/www.explorecology.com\/wp-content\/uploads\/2020\/05\/image-41.png 1247w\" sizes=\"auto, (max-width: 1024px) 100vw, 1024px\" \/><figcaption>Age distribution of followers to Exploratory Ecology&rsquo;s facebook page \u00a9 F. Mallard<\/figcaption><\/figure>\n\n\n\n<p>The videos received the following facebook likes :<\/p>\n\n\n\n<ul class=\"wp-block-list\"><li>The <a href=\"http:\/\/www.explorecology.com\/index.php\/en\/explorecology-2\/\">presentation videos of the association<\/a> in English and in French respectively 938 and 267 likes<\/li><\/ul>\n\n\n\n<figure class=\"wp-block-image size-large\"><a href=\"https:\/\/www.youtube.com\/watch?v=3WBE3_sRN0U\"><img loading=\"lazy\" decoding=\"async\" width=\"802\" height=\"971\" src=\"http:\/\/www.explorecology.com\/wp-content\/uploads\/2020\/05\/image-36.png\" alt=\"\" class=\"wp-image-2580\" srcset=\"https:\/\/www.explorecology.com\/wp-content\/uploads\/2020\/05\/image-36.png 802w, https:\/\/www.explorecology.com\/wp-content\/uploads\/2020\/05\/image-36-248x300.png 248w, https:\/\/www.explorecology.com\/wp-content\/uploads\/2020\/05\/image-36-768x930.png 768w\" sizes=\"auto, (max-width: 802px) 100vw, 802px\" \/><\/a><\/figure>\n\n\n\n<figure class=\"wp-block-image size-large\"><a href=\"https:\/\/www.youtube.com\/watch?v=cIXWajTpMlo\"><img loading=\"lazy\" decoding=\"async\" width=\"808\" height=\"1003\" src=\"http:\/\/www.explorecology.com\/wp-content\/uploads\/2020\/05\/image-38.png\" alt=\"\" class=\"wp-image-2582\" srcset=\"https:\/\/www.explorecology.com\/wp-content\/uploads\/2020\/05\/image-38.png 808w, https:\/\/www.explorecology.com\/wp-content\/uploads\/2020\/05\/image-38-242x300.png 242w, https:\/\/www.explorecology.com\/wp-content\/uploads\/2020\/05\/image-38-768x953.png 768w\" sizes=\"auto, (max-width: 808px) 100vw, 808px\" \/><\/a><\/figure>\n\n\n\n<ul class=\"wp-block-list\"><li>The Nigerian butterfly project video : 621 likes<\/li><\/ul>\n\n\n\n<figure class=\"wp-block-image size-large\"><img loading=\"lazy\" decoding=\"async\" width=\"816\" height=\"970\" src=\"http:\/\/www.explorecology.com\/wp-content\/uploads\/2020\/05\/image-43.png\" alt=\"\" class=\"wp-image-2650\" srcset=\"https:\/\/www.explorecology.com\/wp-content\/uploads\/2020\/05\/image-43.png 816w, https:\/\/www.explorecology.com\/wp-content\/uploads\/2020\/05\/image-43-252x300.png 252w, https:\/\/www.explorecology.com\/wp-content\/uploads\/2020\/05\/image-43-768x913.png 768w\" sizes=\"auto, (max-width: 816px) 100vw, 816px\" \/><\/figure>\n\n\n\n<ul class=\"wp-block-list\"><li>How to make a butterfly with a toilet paper roll video : 323 likes.<\/li><\/ul>\n\n\n\n<figure class=\"wp-block-image size-large\"><img loading=\"lazy\" decoding=\"async\" width=\"914\" height=\"934\" src=\"https:\/\/www.explorecology.com\/wp-content\/uploads\/2020\/11\/image-8.png\" alt=\"\" class=\"wp-image-3126\" srcset=\"https:\/\/www.explorecology.com\/wp-content\/uploads\/2020\/11\/image-8.png 914w, https:\/\/www.explorecology.com\/wp-content\/uploads\/2020\/11\/image-8-294x300.png 294w, https:\/\/www.explorecology.com\/wp-content\/uploads\/2020\/11\/image-8-768x785.png 768w\" sizes=\"auto, (max-width: 914px) 100vw, 914px\" \/><\/figure>\n\n\n\n<p>On <a href=\"https:\/\/www.instagram.com\/explorecology\">Instagram<\/a>, more than a hundred people subscribe. The most used hashtags are: #nature #butterfly #lepidoptera #papillon #instanature #naturephotography #macronature. 73 publications received 2,561 likes and 51 comments in total. On average a publication has 35 likes. The most popular publications are the following photos.<\/p>\n\n\n\n<figure class=\"wp-block-image size-large\"><a href=\"https:\/\/www.instagram.com\/explorecology\"><img loading=\"lazy\" decoding=\"async\" width=\"762\" height=\"1024\" src=\"http:\/\/www.explorecology.com\/wp-content\/uploads\/2020\/05\/image-40-762x1024.png\" alt=\"\" class=\"wp-image-2589\" srcset=\"https:\/\/www.explorecology.com\/wp-content\/uploads\/2020\/05\/image-40-762x1024.png 762w, https:\/\/www.explorecology.com\/wp-content\/uploads\/2020\/05\/image-40-223x300.png 223w, https:\/\/www.explorecology.com\/wp-content\/uploads\/2020\/05\/image-40-768x1031.png 768w, https:\/\/www.explorecology.com\/wp-content\/uploads\/2020\/05\/image-40.png 1070w\" sizes=\"auto, (max-width: 762px) 100vw, 762px\" \/><\/a><\/figure>\n\n\n\n<p><\/p>\n","protected":false},"excerpt":{"rendered":"<p>Our association shares on social networks the news of the association&rsquo;s projects and information on the species observed, in particular butterflies in France and around the world. The objective is to discover the nature that surrounds us and to educate all audiences of all ages and all horizons about the protection of nature. The community<span class=\"read-more-wrap\"><a class=\"moretag\" href=\"https:\/\/www.explorecology.com\/index.php\/en\/project\/explorpublic\/social-networks\/\">Lire la suite<span class=\"screen-reader-text\">SOCIAL NETWORKS<\/span><\/a><\/span><\/p>\n","protected":false},"author":2,"featured_media":0,"parent":1575,"menu_order":1,"comment_status":"closed","ping_status":"closed","template":"","meta":{"_exactmetrics_skip_tracking":false,"_exactmetrics_sitenote_active":false,"_exactmetrics_sitenote_note":"","_exactmetrics_sitenote_category":0,"footnotes":""},"class_list":["post-2520","page","type-page","status-publish","hentry"],"yoast_head":"<!-- This site is optimized with the Yoast SEO plugin v26.6 - https:\/\/yoast.com\/wordpress\/plugins\/seo\/ -->\n<title>SOCIAL NETWORKS - Exploratory Ecology<\/title>\n<meta name=\"robots\" content=\"index, follow, max-snippet:-1, max-image-preview:large, max-video-preview:-1\" \/>\n<link rel=\"canonical\" href=\"https:\/\/www.explorecology.com\/index.php\/en\/project\/explorpublic\/social-networks\/\" \/>\n<meta property=\"og:locale\" content=\"fr_FR\" \/>\n<meta property=\"og:type\" content=\"article\" \/>\n<meta property=\"og:title\" content=\"SOCIAL NETWORKS - Exploratory Ecology\" \/>\n<meta property=\"og:description\" content=\"Our association shares on social networks the news of the association&rsquo;s projects and information on the species observed, in particular butterflies in France and around the world. The objective is to discover the nature that surrounds us and to educate all audiences of all ages and all horizons about the protection of nature. The communityLire la suiteSOCIAL NETWORKS\" \/>\n<meta property=\"og:url\" content=\"https:\/\/www.explorecology.com\/index.php\/en\/project\/explorpublic\/social-networks\/\" \/>\n<meta property=\"og:site_name\" content=\"Exploratory Ecology\" \/>\n<meta property=\"article:publisher\" content=\"https:\/\/www.facebook.com\/explorecology\/\" \/>\n<meta property=\"article:modified_time\" content=\"2020-11-13T21:46:00+00:00\" \/>\n<meta property=\"og:image\" content=\"http:\/\/www.explorecology.com\/wp-content\/uploads\/2020\/05\/image-25-1024x629.png\" \/>\n<meta name=\"twitter:card\" content=\"summary_large_image\" \/>\n<meta name=\"twitter:site\" content=\"@Explorecology\" \/>\n<meta name=\"twitter:label1\" content=\"Dur\u00e9e de lecture estim\u00e9e\" \/>\n\t<meta name=\"twitter:data1\" content=\"1 minute\" \/>\n<script type=\"application\/ld+json\" class=\"yoast-schema-graph\">{\"@context\":\"https:\/\/schema.org\",\"@graph\":[{\"@type\":\"WebPage\",\"@id\":\"https:\/\/www.explorecology.com\/index.php\/en\/project\/explorpublic\/social-networks\/\",\"url\":\"https:\/\/www.explorecology.com\/index.php\/en\/project\/explorpublic\/social-networks\/\",\"name\":\"SOCIAL NETWORKS - Exploratory Ecology\",\"isPartOf\":{\"@id\":\"https:\/\/www.explorecology.com\/#website\"},\"primaryImageOfPage\":{\"@id\":\"https:\/\/www.explorecology.com\/index.php\/en\/project\/explorpublic\/social-networks\/#primaryimage\"},\"image\":{\"@id\":\"https:\/\/www.explorecology.com\/index.php\/en\/project\/explorpublic\/social-networks\/#primaryimage\"},\"thumbnailUrl\":\"http:\/\/www.explorecology.com\/wp-content\/uploads\/2020\/05\/image-25-1024x629.png\",\"datePublished\":\"2020-05-02T19:39:42+00:00\",\"dateModified\":\"2020-11-13T21:46:00+00:00\",\"breadcrumb\":{\"@id\":\"https:\/\/www.explorecology.com\/index.php\/en\/project\/explorpublic\/social-networks\/#breadcrumb\"},\"inLanguage\":\"fr-FR\",\"potentialAction\":[{\"@type\":\"ReadAction\",\"target\":[\"https:\/\/www.explorecology.com\/index.php\/en\/project\/explorpublic\/social-networks\/\"]}]},{\"@type\":\"ImageObject\",\"inLanguage\":\"fr-FR\",\"@id\":\"https:\/\/www.explorecology.com\/index.php\/en\/project\/explorpublic\/social-networks\/#primaryimage\",\"url\":\"https:\/\/www.explorecology.com\/wp-content\/uploads\/2020\/05\/image-25.png\",\"contentUrl\":\"https:\/\/www.explorecology.com\/wp-content\/uploads\/2020\/05\/image-25.png\",\"width\":1828,\"height\":1123},{\"@type\":\"BreadcrumbList\",\"@id\":\"https:\/\/www.explorecology.com\/index.php\/en\/project\/explorpublic\/social-networks\/#breadcrumb\",\"itemListElement\":[{\"@type\":\"ListItem\",\"position\":1,\"name\":\"Accueil\",\"item\":\"https:\/\/www.explorecology.com\/\"},{\"@type\":\"ListItem\",\"position\":2,\"name\":\"PROJECTS\",\"item\":\"https:\/\/www.explorecology.com\/index.php\/en\/project\/\"},{\"@type\":\"ListItem\",\"position\":3,\"name\":\"EXPLORPUBLIC\",\"item\":\"https:\/\/www.explorecology.com\/index.php\/en\/project\/explorpublic\/\"},{\"@type\":\"ListItem\",\"position\":4,\"name\":\"SOCIAL NETWORKS\"}]},{\"@type\":\"WebSite\",\"@id\":\"https:\/\/www.explorecology.com\/#website\",\"url\":\"https:\/\/www.explorecology.com\/\",\"name\":\"Exploratory Ecology\",\"description\":\"Association scientifique qui \u00e9tudie les relations entre les esp\u00e8ces et leur environnement pour d\u00e9finir des actions de conservation de la biodiversit\u00e9\",\"publisher\":{\"@id\":\"https:\/\/www.explorecology.com\/#organization\"},\"potentialAction\":[{\"@type\":\"SearchAction\",\"target\":{\"@type\":\"EntryPoint\",\"urlTemplate\":\"https:\/\/www.explorecology.com\/?s={search_term_string}\"},\"query-input\":{\"@type\":\"PropertyValueSpecification\",\"valueRequired\":true,\"valueName\":\"search_term_string\"}}],\"inLanguage\":\"fr-FR\"},{\"@type\":\"Organization\",\"@id\":\"https:\/\/www.explorecology.com\/#organization\",\"name\":\"Exploratory Ecology (ExplorEcology)\",\"url\":\"https:\/\/www.explorecology.com\/\",\"logo\":{\"@type\":\"ImageObject\",\"inLanguage\":\"fr-FR\",\"@id\":\"https:\/\/www.explorecology.com\/#\/schema\/logo\/image\/\",\"url\":\"https:\/\/www.explorecology.com\/wp-content\/uploads\/2019\/07\/logoE2_Good-5-1.jpg\",\"contentUrl\":\"https:\/\/www.explorecology.com\/wp-content\/uploads\/2019\/07\/logoE2_Good-5-1.jpg\",\"width\":1063,\"height\":1066,\"caption\":\"Exploratory Ecology (ExplorEcology)\"},\"image\":{\"@id\":\"https:\/\/www.explorecology.com\/#\/schema\/logo\/image\/\"},\"sameAs\":[\"https:\/\/www.facebook.com\/explorecology\/\",\"https:\/\/x.com\/Explorecology\",\"https:\/\/www.instagram.com\/explorecology\"]}]}<\/script>\n<!-- \/ Yoast SEO plugin. -->","yoast_head_json":{"title":"SOCIAL NETWORKS - Exploratory Ecology","robots":{"index":"index","follow":"follow","max-snippet":"max-snippet:-1","max-image-preview":"max-image-preview:large","max-video-preview":"max-video-preview:-1"},"canonical":"https:\/\/www.explorecology.com\/index.php\/en\/project\/explorpublic\/social-networks\/","og_locale":"fr_FR","og_type":"article","og_title":"SOCIAL NETWORKS - Exploratory Ecology","og_description":"Our association shares on social networks the news of the association&rsquo;s projects and information on the species observed, in particular butterflies in France and around the world. The objective is to discover the nature that surrounds us and to educate all audiences of all ages and all horizons about the protection of nature. The communityLire la suiteSOCIAL NETWORKS","og_url":"https:\/\/www.explorecology.com\/index.php\/en\/project\/explorpublic\/social-networks\/","og_site_name":"Exploratory Ecology","article_publisher":"https:\/\/www.facebook.com\/explorecology\/","article_modified_time":"2020-11-13T21:46:00+00:00","og_image":[{"url":"http:\/\/www.explorecology.com\/wp-content\/uploads\/2020\/05\/image-25-1024x629.png","type":"","width":"","height":""}],"twitter_card":"summary_large_image","twitter_site":"@Explorecology","twitter_misc":{"Dur\u00e9e de lecture estim\u00e9e":"1 minute"},"schema":{"@context":"https:\/\/schema.org","@graph":[{"@type":"WebPage","@id":"https:\/\/www.explorecology.com\/index.php\/en\/project\/explorpublic\/social-networks\/","url":"https:\/\/www.explorecology.com\/index.php\/en\/project\/explorpublic\/social-networks\/","name":"SOCIAL NETWORKS - Exploratory Ecology","isPartOf":{"@id":"https:\/\/www.explorecology.com\/#website"},"primaryImageOfPage":{"@id":"https:\/\/www.explorecology.com\/index.php\/en\/project\/explorpublic\/social-networks\/#primaryimage"},"image":{"@id":"https:\/\/www.explorecology.com\/index.php\/en\/project\/explorpublic\/social-networks\/#primaryimage"},"thumbnailUrl":"http:\/\/www.explorecology.com\/wp-content\/uploads\/2020\/05\/image-25-1024x629.png","datePublished":"2020-05-02T19:39:42+00:00","dateModified":"2020-11-13T21:46:00+00:00","breadcrumb":{"@id":"https:\/\/www.explorecology.com\/index.php\/en\/project\/explorpublic\/social-networks\/#breadcrumb"},"inLanguage":"fr-FR","potentialAction":[{"@type":"ReadAction","target":["https:\/\/www.explorecology.com\/index.php\/en\/project\/explorpublic\/social-networks\/"]}]},{"@type":"ImageObject","inLanguage":"fr-FR","@id":"https:\/\/www.explorecology.com\/index.php\/en\/project\/explorpublic\/social-networks\/#primaryimage","url":"https:\/\/www.explorecology.com\/wp-content\/uploads\/2020\/05\/image-25.png","contentUrl":"https:\/\/www.explorecology.com\/wp-content\/uploads\/2020\/05\/image-25.png","width":1828,"height":1123},{"@type":"BreadcrumbList","@id":"https:\/\/www.explorecology.com\/index.php\/en\/project\/explorpublic\/social-networks\/#breadcrumb","itemListElement":[{"@type":"ListItem","position":1,"name":"Accueil","item":"https:\/\/www.explorecology.com\/"},{"@type":"ListItem","position":2,"name":"PROJECTS","item":"https:\/\/www.explorecology.com\/index.php\/en\/project\/"},{"@type":"ListItem","position":3,"name":"EXPLORPUBLIC","item":"https:\/\/www.explorecology.com\/index.php\/en\/project\/explorpublic\/"},{"@type":"ListItem","position":4,"name":"SOCIAL NETWORKS"}]},{"@type":"WebSite","@id":"https:\/\/www.explorecology.com\/#website","url":"https:\/\/www.explorecology.com\/","name":"Exploratory Ecology","description":"Association scientifique qui \u00e9tudie les relations entre les esp\u00e8ces et leur environnement pour d\u00e9finir des actions de conservation de la biodiversit\u00e9","publisher":{"@id":"https:\/\/www.explorecology.com\/#organization"},"potentialAction":[{"@type":"SearchAction","target":{"@type":"EntryPoint","urlTemplate":"https:\/\/www.explorecology.com\/?s={search_term_string}"},"query-input":{"@type":"PropertyValueSpecification","valueRequired":true,"valueName":"search_term_string"}}],"inLanguage":"fr-FR"},{"@type":"Organization","@id":"https:\/\/www.explorecology.com\/#organization","name":"Exploratory Ecology (ExplorEcology)","url":"https:\/\/www.explorecology.com\/","logo":{"@type":"ImageObject","inLanguage":"fr-FR","@id":"https:\/\/www.explorecology.com\/#\/schema\/logo\/image\/","url":"https:\/\/www.explorecology.com\/wp-content\/uploads\/2019\/07\/logoE2_Good-5-1.jpg","contentUrl":"https:\/\/www.explorecology.com\/wp-content\/uploads\/2019\/07\/logoE2_Good-5-1.jpg","width":1063,"height":1066,"caption":"Exploratory Ecology (ExplorEcology)"},"image":{"@id":"https:\/\/www.explorecology.com\/#\/schema\/logo\/image\/"},"sameAs":["https:\/\/www.facebook.com\/explorecology\/","https:\/\/x.com\/Explorecology","https:\/\/www.instagram.com\/explorecology"]}]}},"_links":{"self":[{"href":"https:\/\/www.explorecology.com\/index.php\/wp-json\/wp\/v2\/pages\/2520","targetHints":{"allow":["GET"]}}],"collection":[{"href":"https:\/\/www.explorecology.com\/index.php\/wp-json\/wp\/v2\/pages"}],"about":[{"href":"https:\/\/www.explorecology.com\/index.php\/wp-json\/wp\/v2\/types\/page"}],"author":[{"embeddable":true,"href":"https:\/\/www.explorecology.com\/index.php\/wp-json\/wp\/v2\/users\/2"}],"replies":[{"embeddable":true,"href":"https:\/\/www.explorecology.com\/index.php\/wp-json\/wp\/v2\/comments?post=2520"}],"version-history":[{"count":16,"href":"https:\/\/www.explorecology.com\/index.php\/wp-json\/wp\/v2\/pages\/2520\/revisions"}],"predecessor-version":[{"id":3129,"href":"https:\/\/www.explorecology.com\/index.php\/wp-json\/wp\/v2\/pages\/2520\/revisions\/3129"}],"up":[{"embeddable":true,"href":"https:\/\/www.explorecology.com\/index.php\/wp-json\/wp\/v2\/pages\/1575"}],"wp:attachment":[{"href":"https:\/\/www.explorecology.com\/index.php\/wp-json\/wp\/v2\/media?parent=2520"}],"curies":[{"name":"wp","href":"https:\/\/api.w.org\/{rel}","templated":true}]}}