{"id":243,"date":"2018-11-18T16:07:12","date_gmt":"2018-11-18T15:07:12","guid":{"rendered":"http:\/\/www.explorecology.com\/?page_id=243"},"modified":"2022-11-27T21:12:50","modified_gmt":"2022-11-27T20:12:50","slug":"explorecolab","status":"publish","type":"page","link":"https:\/\/www.explorecology.com\/index.php\/en\/project\/explorecolab\/","title":{"rendered":"EXPLORECOLAB"},"content":{"rendered":"\n<h2 class=\"wp-block-heading\">Presentation of the ExplorEcoLab project<\/h2>\n\n\n\n<p>The ExplorEcoLab project is an experimental study on the effects of climate change on the relationship of butterflies &#8211; host plants &#8211; ants.<\/p>\n\n\n\n<p>The objectives of this study are the following :<\/p>\n\n\n\n<ul class=\"wp-block-list\"><li>Recreate the relationship between the life cycles of butterflies, their host plants and ants in an enclosed environment,<\/li><li>Control climate and environmental to study the determinants factors of this relationship,<\/li><li>Apply different climate scenarios to study the possible future impacts of climate change on these species.<\/li><\/ul>\n\n\n\n<h2 class=\"wp-block-heading\"><a href=\"http:\/\/www.explorecology.com\/index.php\/en\/project\/studied-species\/\">Choice of species<\/a><\/h2>\n\n\n\n<p>The studied species selected according to different criteria are the following: <\/p>\n\n\n\n<ul class=\"wp-block-list\"><li>butterfly <em>Polyommatus icarus<\/em><\/li><\/ul>\n\n\n\n<figure class=\"wp-block-image\"><img loading=\"lazy\" decoding=\"async\" width=\"1024\" height=\"768\" src=\"http:\/\/www.explorecology.com\/wp-content\/uploads\/2019\/07\/Polyommatus-icarus3-1024x768.jpg\" alt=\"\" class=\"wp-image-1134\" srcset=\"https:\/\/www.explorecology.com\/wp-content\/uploads\/2019\/07\/Polyommatus-icarus3-1024x768.jpg 1024w, https:\/\/www.explorecology.com\/wp-content\/uploads\/2019\/07\/Polyommatus-icarus3-300x225.jpg 300w, https:\/\/www.explorecology.com\/wp-content\/uploads\/2019\/07\/Polyommatus-icarus3-768x576.jpg 768w\" sizes=\"auto, (max-width: 1024px) 100vw, 1024px\" \/><figcaption><em>Polyommatus icarus  <\/em>\u00a9 F. Mallard<\/figcaption><\/figure>\n\n\n\n<ul class=\"wp-block-list\"><li>host plants of <em>Polyommatus icarus<\/em> :  <em>Trifolium repens, Lotus corniculatus<\/em><\/li><\/ul>\n\n\n\n<figure class=\"wp-block-image\"><img loading=\"lazy\" decoding=\"async\" width=\"1024\" height=\"768\" src=\"http:\/\/www.explorecology.com\/wp-content\/uploads\/2019\/07\/20190528_170132-1024x768.jpg\" alt=\"\" class=\"wp-image-1155\" srcset=\"https:\/\/www.explorecology.com\/wp-content\/uploads\/2019\/07\/20190528_170132-1024x768.jpg 1024w, https:\/\/www.explorecology.com\/wp-content\/uploads\/2019\/07\/20190528_170132-300x225.jpg 300w, https:\/\/www.explorecology.com\/wp-content\/uploads\/2019\/07\/20190528_170132-768x576.jpg 768w\" sizes=\"auto, (max-width: 1024px) 100vw, 1024px\" \/><figcaption><em>Lotus corniculatus<\/em>  \u00a9 F. Mallard <\/figcaption><\/figure>\n\n\n\n<figure class=\"wp-block-image\"><img loading=\"lazy\" decoding=\"async\" width=\"1024\" height=\"768\" src=\"http:\/\/www.explorecology.com\/wp-content\/uploads\/2019\/07\/20190528_170824-1024x768.jpg\" alt=\"\" class=\"wp-image-1156\" srcset=\"https:\/\/www.explorecology.com\/wp-content\/uploads\/2019\/07\/20190528_170824-1024x768.jpg 1024w, https:\/\/www.explorecology.com\/wp-content\/uploads\/2019\/07\/20190528_170824-300x225.jpg 300w, https:\/\/www.explorecology.com\/wp-content\/uploads\/2019\/07\/20190528_170824-768x576.jpg 768w\" sizes=\"auto, (max-width: 1024px) 100vw, 1024px\" \/><figcaption>  <em>Trifolium repens <\/em>\u00a9 F. Mallard <\/figcaption><\/figure>\n\n\n\n<ul class=\"wp-block-list\"><li>ants  <em>Lasius niger<\/em> <\/li><\/ul>\n\n\n\n<figure class=\"wp-block-image\"><img loading=\"lazy\" decoding=\"async\" width=\"1010\" height=\"757\" src=\"http:\/\/www.explorecology.com\/wp-content\/uploads\/2019\/07\/lasius-niger-1.jpg\" alt=\"\" class=\"wp-image-1142\" srcset=\"https:\/\/www.explorecology.com\/wp-content\/uploads\/2019\/07\/lasius-niger-1.jpg 1010w, https:\/\/www.explorecology.com\/wp-content\/uploads\/2019\/07\/lasius-niger-1-300x225.jpg 300w, https:\/\/www.explorecology.com\/wp-content\/uploads\/2019\/07\/lasius-niger-1-768x576.jpg 768w\" sizes=\"auto, (max-width: 1010px) 100vw, 1010px\" \/><figcaption> <em>Lasius niger<\/em> \u00a9 F. Mallard <\/figcaption><\/figure>\n\n\n\n<h2 class=\"wp-block-heading\"><a href=\"http:\/\/www.explorecology.com\/index.php\/en\/project\/laboratory\/\">Laboratory<\/a><\/h2>\n\n\n\n<p>In the laboratory, the lepidopteran-ant host symbiosis relationship is reproduced in a stable closed ecosystem called ExplorEcolab.<\/p>\n\n\n\n<figure class=\"wp-block-image\"><img loading=\"lazy\" decoding=\"async\" width=\"1024\" height=\"768\" src=\"http:\/\/www.explorecology.com\/wp-content\/uploads\/2019\/07\/20190725_155959-1-1024x768.jpg\" alt=\"\" class=\"wp-image-1200\" srcset=\"https:\/\/www.explorecology.com\/wp-content\/uploads\/2019\/07\/20190725_155959-1-1024x768.jpg 1024w, https:\/\/www.explorecology.com\/wp-content\/uploads\/2019\/07\/20190725_155959-1-300x225.jpg 300w, https:\/\/www.explorecology.com\/wp-content\/uploads\/2019\/07\/20190725_155959-1-768x576.jpg 768w\" sizes=\"auto, (max-width: 1024px) 100vw, 1024px\" \/><figcaption>The laboratory of ExplorEcolab  \u00a9 F. Mallard <\/figcaption><\/figure>\n\n\n\n<h2 class=\"wp-block-heading\"><a href=\"http:\/\/www.explorecology.com\/index.php\/en\/project\/experiments\/\">Experiments<\/a><\/h2>\n\n\n\n<p>Experiment 1 : Reproduce the lepidopteran-host plants-ants relationship in a closed environment &#8211; Development of host plants of <em>Polyommatus icarus<\/em><\/p>\n\n\n\n<figure class=\"wp-block-image\"><img loading=\"lazy\" decoding=\"async\" width=\"1024\" height=\"768\" src=\"http:\/\/www.explorecology.com\/wp-content\/uploads\/2019\/07\/20190725_160116-1-1024x768.jpg\" alt=\"\" class=\"wp-image-1201\" srcset=\"https:\/\/www.explorecology.com\/wp-content\/uploads\/2019\/07\/20190725_160116-1-1024x768.jpg 1024w, https:\/\/www.explorecology.com\/wp-content\/uploads\/2019\/07\/20190725_160116-1-300x225.jpg 300w, https:\/\/www.explorecology.com\/wp-content\/uploads\/2019\/07\/20190725_160116-1-768x576.jpg 768w\" sizes=\"auto, (max-width: 1024px) 100vw, 1024px\" \/><figcaption>Development of  host plants of <em>Polyommatus icarus<\/em> \u00a9 F. Mallard<\/figcaption><\/figure>\n\n\n\n<p>Experiment 2 : Reproduce the lepidopteran-host plants-ants relationship in a closed environment &#8211; Ants breeding <em>Lasius niger<\/em><\/p>\n\n\n\n<figure class=\"wp-block-image size-large\"><img loading=\"lazy\" decoding=\"async\" width=\"1024\" height=\"768\" src=\"http:\/\/www.explorecology.com\/wp-content\/uploads\/2020\/05\/lasius-niger-1024x768.jpg\" alt=\"\" class=\"wp-image-2700\" srcset=\"https:\/\/www.explorecology.com\/wp-content\/uploads\/2020\/05\/lasius-niger-1024x768.jpg 1024w, https:\/\/www.explorecology.com\/wp-content\/uploads\/2020\/05\/lasius-niger-300x225.jpg 300w, https:\/\/www.explorecology.com\/wp-content\/uploads\/2020\/05\/lasius-niger-768x576.jpg 768w, https:\/\/www.explorecology.com\/wp-content\/uploads\/2020\/05\/lasius-niger-1536x1152.jpg 1536w, https:\/\/www.explorecology.com\/wp-content\/uploads\/2020\/05\/lasius-niger.jpg 1719w\" sizes=\"auto, (max-width: 1024px) 100vw, 1024px\" \/><figcaption>The queen, eggs, cocoons, worker of <em>Lasius niger<\/em> \u00a9 F. Mallard<\/figcaption><\/figure>\n\n\n\n<p>Experiment 3 : Reproduce the lepidopteran-host plants-ants relationship in a closed environment &#8211; Butterflies breeding <em>Polyommatus icarus<\/em><\/p>\n\n\n\n<figure class=\"wp-block-image\" id=\"block-fed0a51c-6920-489e-be40-02c7a77165f6\"><img decoding=\"async\" src=\"https:\/\/www.explorecology.com\/wp-content\/uploads\/2021\/06\/20210608_205113-1024x461.jpg\" alt=\"L\u2019attribut alt de cette image est vide, son nom de fichier est 20210608_205113-1024x461.jpg.\"\/><figcaption>Layers on leaf of <em>Trifolium repens<\/em>\u00a9 F. Mallard<\/figcaption><\/figure>\n\n\n\n<figure class=\"wp-block-image\" id=\"block-5aed262f-679f-4cce-a7c9-5c1773bef8f0\"><img decoding=\"async\" src=\"https:\/\/www.explorecology.com\/wp-content\/uploads\/2021\/06\/20210609_20_24_14-1024x1024.png\" alt=\"L\u2019attribut alt de cette image est vide, son nom de fichier est 20210609_20_24_14-1024x1024.png.\"\/><figcaption>Egg of <em>Polyommatus icarus<\/em> (microscope x1000) \u00a9 F. Mallard<\/figcaption><\/figure>\n\n\n\n<figure class=\"wp-block-image size-large\"><img loading=\"lazy\" decoding=\"async\" width=\"1024\" height=\"1024\" src=\"https:\/\/www.explorecology.com\/wp-content\/uploads\/2021\/07\/20210727_13_23_39-1024x1024.png\" alt=\"\" class=\"wp-image-3541\" srcset=\"https:\/\/www.explorecology.com\/wp-content\/uploads\/2021\/07\/20210727_13_23_39-1024x1024.png 1024w, https:\/\/www.explorecology.com\/wp-content\/uploads\/2021\/07\/20210727_13_23_39-300x300.png 300w, https:\/\/www.explorecology.com\/wp-content\/uploads\/2021\/07\/20210727_13_23_39-150x150.png 150w, https:\/\/www.explorecology.com\/wp-content\/uploads\/2021\/07\/20210727_13_23_39-768x768.png 768w, https:\/\/www.explorecology.com\/wp-content\/uploads\/2021\/07\/20210727_13_23_39.png 1080w\" sizes=\"auto, (max-width: 1024px) 100vw, 1024px\" \/><figcaption>   Caterpillar of <em>Polyommatus icarus<\/em> (microscope x40) \u00a9 F. Mallard  <\/figcaption><\/figure>\n\n\n\n<p>Experiment 4 : Relationships between ants and butterflies<\/p>\n\n\n\n<figure class=\"wp-block-embed is-type-video is-provider-youtube wp-block-embed-youtube wp-embed-aspect-16-9 wp-has-aspect-ratio\"><div class=\"wp-block-embed__wrapper\">\n<div class=\"llorix-one-lite-video-container\"><iframe loading=\"lazy\" title=\"Relationships between ants and butterflies\" width=\"730\" height=\"411\" src=\"https:\/\/www.youtube.com\/embed\/pmVVXGbfIp4?feature=oembed\" frameborder=\"0\" allow=\"accelerometer; autoplay; clipboard-write; encrypted-media; gyroscope; picture-in-picture\" allowfullscreen><\/iframe><\/div>\n<\/div><\/figure>\n\n\n\n<p>Experiment 5 : Different climate change scenarios are applied in the ExplorEcolab laboratory. Different parameters are measured and analyzed to better understand the climate-symbiosis relationship. (forthcoming)<\/p>\n","protected":false},"excerpt":{"rendered":"<p>Presentation of the ExplorEcoLab project The ExplorEcoLab project is an experimental study on the effects of climate change on the relationship of butterflies &#8211; host plants &#8211; ants. The objectives of this study are the following : Recreate the relationship between the life cycles of butterflies, their host plants and ants in an enclosed environment,<span class=\"read-more-wrap\"><a class=\"moretag\" href=\"https:\/\/www.explorecology.com\/index.php\/en\/project\/explorecolab\/\">Lire la suite<span class=\"screen-reader-text\">EXPLORECOLAB<\/span><\/a><\/span><\/p>\n","protected":false},"author":2,"featured_media":0,"parent":232,"menu_order":0,"comment_status":"closed","ping_status":"closed","template":"","meta":{"_exactmetrics_skip_tracking":false,"_exactmetrics_sitenote_active":false,"_exactmetrics_sitenote_note":"","_exactmetrics_sitenote_category":0,"footnotes":""},"class_list":["post-243","page","type-page","status-publish","hentry"],"yoast_head":"<!-- This site is optimized with the Yoast SEO plugin v26.6 - https:\/\/yoast.com\/wordpress\/plugins\/seo\/ -->\n<title>EXPLORECOLAB - Exploratory Ecology<\/title>\n<meta name=\"robots\" content=\"index, follow, max-snippet:-1, max-image-preview:large, max-video-preview:-1\" \/>\n<link rel=\"canonical\" href=\"https:\/\/www.explorecology.com\/index.php\/en\/project\/explorecolab\/\" \/>\n<meta property=\"og:locale\" content=\"fr_FR\" \/>\n<meta property=\"og:type\" content=\"article\" \/>\n<meta property=\"og:title\" content=\"EXPLORECOLAB - Exploratory Ecology\" \/>\n<meta property=\"og:description\" content=\"Presentation of the ExplorEcoLab project The ExplorEcoLab project is an experimental study on the effects of climate change on the relationship of butterflies &#8211; host plants &#8211; ants. The objectives of this study are the following : Recreate the relationship between the life cycles of butterflies, their host plants and ants in an enclosed environment,Lire la suiteEXPLORECOLAB\" \/>\n<meta property=\"og:url\" content=\"https:\/\/www.explorecology.com\/index.php\/en\/project\/explorecolab\/\" \/>\n<meta property=\"og:site_name\" content=\"Exploratory Ecology\" \/>\n<meta property=\"article:publisher\" content=\"https:\/\/www.facebook.com\/explorecology\/\" \/>\n<meta property=\"article:modified_time\" content=\"2022-11-27T20:12:50+00:00\" \/>\n<meta property=\"og:image\" content=\"http:\/\/www.explorecology.com\/wp-content\/uploads\/2019\/07\/Polyommatus-icarus3-1024x768.jpg\" \/>\n<meta name=\"twitter:card\" content=\"summary_large_image\" \/>\n<meta name=\"twitter:site\" content=\"@Explorecology\" \/>\n<meta name=\"twitter:label1\" content=\"Dur\u00e9e de lecture estim\u00e9e\" \/>\n\t<meta name=\"twitter:data1\" content=\"4 minutes\" \/>\n<script type=\"application\/ld+json\" class=\"yoast-schema-graph\">{\"@context\":\"https:\/\/schema.org\",\"@graph\":[{\"@type\":\"WebPage\",\"@id\":\"https:\/\/www.explorecology.com\/index.php\/en\/project\/explorecolab\/\",\"url\":\"https:\/\/www.explorecology.com\/index.php\/en\/project\/explorecolab\/\",\"name\":\"EXPLORECOLAB - Exploratory Ecology\",\"isPartOf\":{\"@id\":\"https:\/\/www.explorecology.com\/#website\"},\"primaryImageOfPage\":{\"@id\":\"https:\/\/www.explorecology.com\/index.php\/en\/project\/explorecolab\/#primaryimage\"},\"image\":{\"@id\":\"https:\/\/www.explorecology.com\/index.php\/en\/project\/explorecolab\/#primaryimage\"},\"thumbnailUrl\":\"http:\/\/www.explorecology.com\/wp-content\/uploads\/2019\/07\/Polyommatus-icarus3-1024x768.jpg\",\"datePublished\":\"2018-11-18T15:07:12+00:00\",\"dateModified\":\"2022-11-27T20:12:50+00:00\",\"breadcrumb\":{\"@id\":\"https:\/\/www.explorecology.com\/index.php\/en\/project\/explorecolab\/#breadcrumb\"},\"inLanguage\":\"fr-FR\",\"potentialAction\":[{\"@type\":\"ReadAction\",\"target\":[\"https:\/\/www.explorecology.com\/index.php\/en\/project\/explorecolab\/\"]}]},{\"@type\":\"ImageObject\",\"inLanguage\":\"fr-FR\",\"@id\":\"https:\/\/www.explorecology.com\/index.php\/en\/project\/explorecolab\/#primaryimage\",\"url\":\"https:\/\/www.explorecology.com\/wp-content\/uploads\/2019\/07\/Polyommatus-icarus3.jpg\",\"contentUrl\":\"https:\/\/www.explorecology.com\/wp-content\/uploads\/2019\/07\/Polyommatus-icarus3.jpg\",\"width\":2592,\"height\":1944},{\"@type\":\"BreadcrumbList\",\"@id\":\"https:\/\/www.explorecology.com\/index.php\/en\/project\/explorecolab\/#breadcrumb\",\"itemListElement\":[{\"@type\":\"ListItem\",\"position\":1,\"name\":\"Accueil\",\"item\":\"https:\/\/www.explorecology.com\/\"},{\"@type\":\"ListItem\",\"position\":2,\"name\":\"PROJECTS\",\"item\":\"https:\/\/www.explorecology.com\/index.php\/en\/project\/\"},{\"@type\":\"ListItem\",\"position\":3,\"name\":\"EXPLORECOLAB\"}]},{\"@type\":\"WebSite\",\"@id\":\"https:\/\/www.explorecology.com\/#website\",\"url\":\"https:\/\/www.explorecology.com\/\",\"name\":\"Exploratory Ecology\",\"description\":\"Association scientifique qui \u00e9tudie les relations entre les esp\u00e8ces et leur environnement pour d\u00e9finir des actions de conservation de la biodiversit\u00e9\",\"publisher\":{\"@id\":\"https:\/\/www.explorecology.com\/#organization\"},\"potentialAction\":[{\"@type\":\"SearchAction\",\"target\":{\"@type\":\"EntryPoint\",\"urlTemplate\":\"https:\/\/www.explorecology.com\/?s={search_term_string}\"},\"query-input\":{\"@type\":\"PropertyValueSpecification\",\"valueRequired\":true,\"valueName\":\"search_term_string\"}}],\"inLanguage\":\"fr-FR\"},{\"@type\":\"Organization\",\"@id\":\"https:\/\/www.explorecology.com\/#organization\",\"name\":\"Exploratory Ecology (ExplorEcology)\",\"url\":\"https:\/\/www.explorecology.com\/\",\"logo\":{\"@type\":\"ImageObject\",\"inLanguage\":\"fr-FR\",\"@id\":\"https:\/\/www.explorecology.com\/#\/schema\/logo\/image\/\",\"url\":\"https:\/\/www.explorecology.com\/wp-content\/uploads\/2019\/07\/logoE2_Good-5-1.jpg\",\"contentUrl\":\"https:\/\/www.explorecology.com\/wp-content\/uploads\/2019\/07\/logoE2_Good-5-1.jpg\",\"width\":1063,\"height\":1066,\"caption\":\"Exploratory Ecology (ExplorEcology)\"},\"image\":{\"@id\":\"https:\/\/www.explorecology.com\/#\/schema\/logo\/image\/\"},\"sameAs\":[\"https:\/\/www.facebook.com\/explorecology\/\",\"https:\/\/x.com\/Explorecology\",\"https:\/\/www.instagram.com\/explorecology\"]}]}<\/script>\n<!-- \/ Yoast SEO plugin. -->","yoast_head_json":{"title":"EXPLORECOLAB - Exploratory Ecology","robots":{"index":"index","follow":"follow","max-snippet":"max-snippet:-1","max-image-preview":"max-image-preview:large","max-video-preview":"max-video-preview:-1"},"canonical":"https:\/\/www.explorecology.com\/index.php\/en\/project\/explorecolab\/","og_locale":"fr_FR","og_type":"article","og_title":"EXPLORECOLAB - Exploratory Ecology","og_description":"Presentation of the ExplorEcoLab project The ExplorEcoLab project is an experimental study on the effects of climate change on the relationship of butterflies &#8211; host plants &#8211; ants. The objectives of this study are the following : Recreate the relationship between the life cycles of butterflies, their host plants and ants in an enclosed environment,Lire la suiteEXPLORECOLAB","og_url":"https:\/\/www.explorecology.com\/index.php\/en\/project\/explorecolab\/","og_site_name":"Exploratory Ecology","article_publisher":"https:\/\/www.facebook.com\/explorecology\/","article_modified_time":"2022-11-27T20:12:50+00:00","og_image":[{"url":"http:\/\/www.explorecology.com\/wp-content\/uploads\/2019\/07\/Polyommatus-icarus3-1024x768.jpg","type":"","width":"","height":""}],"twitter_card":"summary_large_image","twitter_site":"@Explorecology","twitter_misc":{"Dur\u00e9e de lecture estim\u00e9e":"4 minutes"},"schema":{"@context":"https:\/\/schema.org","@graph":[{"@type":"WebPage","@id":"https:\/\/www.explorecology.com\/index.php\/en\/project\/explorecolab\/","url":"https:\/\/www.explorecology.com\/index.php\/en\/project\/explorecolab\/","name":"EXPLORECOLAB - Exploratory Ecology","isPartOf":{"@id":"https:\/\/www.explorecology.com\/#website"},"primaryImageOfPage":{"@id":"https:\/\/www.explorecology.com\/index.php\/en\/project\/explorecolab\/#primaryimage"},"image":{"@id":"https:\/\/www.explorecology.com\/index.php\/en\/project\/explorecolab\/#primaryimage"},"thumbnailUrl":"http:\/\/www.explorecology.com\/wp-content\/uploads\/2019\/07\/Polyommatus-icarus3-1024x768.jpg","datePublished":"2018-11-18T15:07:12+00:00","dateModified":"2022-11-27T20:12:50+00:00","breadcrumb":{"@id":"https:\/\/www.explorecology.com\/index.php\/en\/project\/explorecolab\/#breadcrumb"},"inLanguage":"fr-FR","potentialAction":[{"@type":"ReadAction","target":["https:\/\/www.explorecology.com\/index.php\/en\/project\/explorecolab\/"]}]},{"@type":"ImageObject","inLanguage":"fr-FR","@id":"https:\/\/www.explorecology.com\/index.php\/en\/project\/explorecolab\/#primaryimage","url":"https:\/\/www.explorecology.com\/wp-content\/uploads\/2019\/07\/Polyommatus-icarus3.jpg","contentUrl":"https:\/\/www.explorecology.com\/wp-content\/uploads\/2019\/07\/Polyommatus-icarus3.jpg","width":2592,"height":1944},{"@type":"BreadcrumbList","@id":"https:\/\/www.explorecology.com\/index.php\/en\/project\/explorecolab\/#breadcrumb","itemListElement":[{"@type":"ListItem","position":1,"name":"Accueil","item":"https:\/\/www.explorecology.com\/"},{"@type":"ListItem","position":2,"name":"PROJECTS","item":"https:\/\/www.explorecology.com\/index.php\/en\/project\/"},{"@type":"ListItem","position":3,"name":"EXPLORECOLAB"}]},{"@type":"WebSite","@id":"https:\/\/www.explorecology.com\/#website","url":"https:\/\/www.explorecology.com\/","name":"Exploratory Ecology","description":"Association scientifique qui \u00e9tudie les relations entre les esp\u00e8ces et leur environnement pour d\u00e9finir des actions de conservation de la biodiversit\u00e9","publisher":{"@id":"https:\/\/www.explorecology.com\/#organization"},"potentialAction":[{"@type":"SearchAction","target":{"@type":"EntryPoint","urlTemplate":"https:\/\/www.explorecology.com\/?s={search_term_string}"},"query-input":{"@type":"PropertyValueSpecification","valueRequired":true,"valueName":"search_term_string"}}],"inLanguage":"fr-FR"},{"@type":"Organization","@id":"https:\/\/www.explorecology.com\/#organization","name":"Exploratory Ecology (ExplorEcology)","url":"https:\/\/www.explorecology.com\/","logo":{"@type":"ImageObject","inLanguage":"fr-FR","@id":"https:\/\/www.explorecology.com\/#\/schema\/logo\/image\/","url":"https:\/\/www.explorecology.com\/wp-content\/uploads\/2019\/07\/logoE2_Good-5-1.jpg","contentUrl":"https:\/\/www.explorecology.com\/wp-content\/uploads\/2019\/07\/logoE2_Good-5-1.jpg","width":1063,"height":1066,"caption":"Exploratory Ecology (ExplorEcology)"},"image":{"@id":"https:\/\/www.explorecology.com\/#\/schema\/logo\/image\/"},"sameAs":["https:\/\/www.facebook.com\/explorecology\/","https:\/\/x.com\/Explorecology","https:\/\/www.instagram.com\/explorecology"]}]}},"_links":{"self":[{"href":"https:\/\/www.explorecology.com\/index.php\/wp-json\/wp\/v2\/pages\/243","targetHints":{"allow":["GET"]}}],"collection":[{"href":"https:\/\/www.explorecology.com\/index.php\/wp-json\/wp\/v2\/pages"}],"about":[{"href":"https:\/\/www.explorecology.com\/index.php\/wp-json\/wp\/v2\/types\/page"}],"author":[{"embeddable":true,"href":"https:\/\/www.explorecology.com\/index.php\/wp-json\/wp\/v2\/users\/2"}],"replies":[{"embeddable":true,"href":"https:\/\/www.explorecology.com\/index.php\/wp-json\/wp\/v2\/comments?post=243"}],"version-history":[{"count":23,"href":"https:\/\/www.explorecology.com\/index.php\/wp-json\/wp\/v2\/pages\/243\/revisions"}],"predecessor-version":[{"id":3842,"href":"https:\/\/www.explorecology.com\/index.php\/wp-json\/wp\/v2\/pages\/243\/revisions\/3842"}],"up":[{"embeddable":true,"href":"https:\/\/www.explorecology.com\/index.php\/wp-json\/wp\/v2\/pages\/232"}],"wp:attachment":[{"href":"https:\/\/www.explorecology.com\/index.php\/wp-json\/wp\/v2\/media?parent=243"}],"curies":[{"name":"wp","href":"https:\/\/api.w.org\/{rel}","templated":true}]}}