{"id":2419,"date":"2020-05-01T15:45:52","date_gmt":"2020-05-01T13:45:52","guid":{"rendered":"http:\/\/www.explorecology.com\/?page_id=2419"},"modified":"2020-05-04T22:24:41","modified_gmt":"2020-05-04T20:24:41","slug":"database","status":"publish","type":"page","link":"https:\/\/www.explorecology.com\/index.php\/en\/project\/explorcollect2\/database\/","title":{"rendered":"DATABASE"},"content":{"rendered":"\n<p>Observations in natural environments make it possible to contribute to species knowledge by acquiring localized inventory data of species over time and space.<\/p>\n\n\n\n<p>The association created its <a href=\"https:\/\/www.microsoft.com\/en-us\/microsoft-365\/access\">Access<\/a> database. All of the association\u2019s observations are saved into a naturalist database. This database is based on the repository of biological taxa called <a href=\"https:\/\/inpn.mnhn.fr\/programme\/referentiel-taxonomique-taxref\">TAXREF<\/a> <a href=\"https:\/\/inpn.mnhn.fr\/telechargement\/referentielEspece\/taxref\/13.0\/menu\">v13.0 published online on December 6, 2019<\/a>. This repository is a national reference in France for nomenclature and taxonomy and it is presented in <a href=\"https:\/\/inpn.mnhn.fr\/docs-web\/docs\/download\/302170\">Gargominy <em>et al. <\/em>(2019)<\/a>.<\/p>\n\n\n\n<p>This database includes 9,593 observations including 579 of plant and animal species <a href=\"http:\/\/www.explorecology.com\/index.php\/en\/project\/explorcollect2\/butterflies-of-france\/\">in the municipality of Saint-Aubin de M\u00e9doc, in France<\/a>, <a href=\"http:\/\/www.explorecology.com\/index.php\/en\/project\/explorcollect2\/butterflies-in-nigeria\/\">in Nigeria<\/a> and <a href=\"http:\/\/www.explorecology.com\/index.php\/en\/project\/explorcollect2\/butterflies-of-the-world\/\">in the World<\/a> (number from 05\/2020).<\/p>\n\n\n\n<p>The majority of observations from the database at 79% are animals and 21% are plants.<\/p>\n\n\n\n<div class=\"wp-block-image\"><figure class=\"aligncenter size-large\"><img loading=\"lazy\" decoding=\"async\" width=\"268\" height=\"288\" src=\"http:\/\/www.explorecology.com\/wp-content\/uploads\/2020\/05\/image-3.png\" alt=\"\" class=\"wp-image-2427\"\/><\/figure><\/div>\n\n\n\n<p>Among the <em>Animalia<\/em> kingdom, 13 class are studied with spiders, millipedes, butterflies, dragonflies, earthworms, snails, lizards, frogs, birds, mammals, \u2026<\/p>\n\n\n\n<figure class=\"wp-block-image size-large\"><img loading=\"lazy\" decoding=\"async\" width=\"1024\" height=\"768\" src=\"http:\/\/www.explorecology.com\/wp-content\/uploads\/2020\/05\/IMG_3275-S\u00e9n\u00e9-1024x768.jpg\" alt=\"\" class=\"wp-image-2407\" srcset=\"https:\/\/www.explorecology.com\/wp-content\/uploads\/2020\/05\/IMG_3275-S\u00e9n\u00e9-1024x768.jpg 1024w, https:\/\/www.explorecology.com\/wp-content\/uploads\/2020\/05\/IMG_3275-S\u00e9n\u00e9-300x225.jpg 300w, https:\/\/www.explorecology.com\/wp-content\/uploads\/2020\/05\/IMG_3275-S\u00e9n\u00e9-768x576.jpg 768w, https:\/\/www.explorecology.com\/wp-content\/uploads\/2020\/05\/IMG_3275-S\u00e9n\u00e9-1536x1152.jpg 1536w, https:\/\/www.explorecology.com\/wp-content\/uploads\/2020\/05\/IMG_3275-S\u00e9n\u00e9.jpg 2048w\" sizes=\"auto, (max-width: 1024px) 100vw, 1024px\" \/><figcaption><em>Hyla arborea<\/em> (Linnaeus, 1758) \u00a9 F. Mallard<\/figcaption><\/figure>\n\n\n\n<p>92% of animal identifications concern insects. The number of species is more important for butterflies (lepidoptera) with 132 identified species and then beetles with 49 species.<\/p>\n\n\n\n<figure class=\"wp-block-image size-large\"><img loading=\"lazy\" decoding=\"async\" width=\"1024\" height=\"768\" src=\"http:\/\/www.explorecology.com\/wp-content\/uploads\/2020\/05\/IMG_0820-1024x768.jpg\" alt=\"\" class=\"wp-image-2412\" srcset=\"https:\/\/www.explorecology.com\/wp-content\/uploads\/2020\/05\/IMG_0820-1024x768.jpg 1024w, https:\/\/www.explorecology.com\/wp-content\/uploads\/2020\/05\/IMG_0820-300x225.jpg 300w, https:\/\/www.explorecology.com\/wp-content\/uploads\/2020\/05\/IMG_0820-768x576.jpg 768w, https:\/\/www.explorecology.com\/wp-content\/uploads\/2020\/05\/IMG_0820-1536x1152.jpg 1536w, https:\/\/www.explorecology.com\/wp-content\/uploads\/2020\/05\/IMG_0820-2048x1536.jpg 2048w\" sizes=\"auto, (max-width: 1024px) 100vw, 1024px\" \/><figcaption>An example of Beetle\u00e0 <em>Propylea quatuordecimpunctata<\/em> \u00a9 F. Mallard<\/figcaption><\/figure>\n\n\n\n<p><\/p>\n","protected":false},"excerpt":{"rendered":"<p>Observations in natural environments make it possible to contribute to species knowledge by acquiring localized inventory data of species over time and space. The association created its Access database. All of the association\u2019s observations are saved into a naturalist database. This database is based on the repository of biological taxa called TAXREF v13.0 published online<span class=\"read-more-wrap\"><a class=\"moretag\" href=\"https:\/\/www.explorecology.com\/index.php\/en\/project\/explorcollect2\/database\/\">Lire la suite<span class=\"screen-reader-text\">DATABASE<\/span><\/a><\/span><\/p>\n","protected":false},"author":2,"featured_media":0,"parent":1268,"menu_order":0,"comment_status":"closed","ping_status":"closed","template":"","meta":{"_exactmetrics_skip_tracking":false,"_exactmetrics_sitenote_active":false,"_exactmetrics_sitenote_note":"","_exactmetrics_sitenote_category":0,"footnotes":""},"class_list":["post-2419","page","type-page","status-publish","hentry"],"yoast_head":"<!-- This site is optimized with the Yoast SEO plugin v26.6 - https:\/\/yoast.com\/wordpress\/plugins\/seo\/ -->\n<title>DATABASE - Exploratory Ecology<\/title>\n<meta name=\"robots\" content=\"index, follow, max-snippet:-1, max-image-preview:large, max-video-preview:-1\" \/>\n<link rel=\"canonical\" href=\"https:\/\/www.explorecology.com\/index.php\/en\/project\/explorcollect2\/database\/\" \/>\n<meta property=\"og:locale\" content=\"fr_FR\" \/>\n<meta property=\"og:type\" content=\"article\" \/>\n<meta property=\"og:title\" content=\"DATABASE - Exploratory Ecology\" \/>\n<meta property=\"og:description\" content=\"Observations in natural environments make it possible to contribute to species knowledge by acquiring localized inventory data of species over time and space. The association created its Access database. All of the association\u2019s observations are saved into a naturalist database. This database is based on the repository of biological taxa called TAXREF v13.0 published onlineLire la suiteDATABASE\" \/>\n<meta property=\"og:url\" content=\"https:\/\/www.explorecology.com\/index.php\/en\/project\/explorcollect2\/database\/\" \/>\n<meta property=\"og:site_name\" content=\"Exploratory Ecology\" \/>\n<meta property=\"article:publisher\" content=\"https:\/\/www.facebook.com\/explorecology\/\" \/>\n<meta property=\"article:modified_time\" content=\"2020-05-04T20:24:41+00:00\" \/>\n<meta property=\"og:image\" content=\"http:\/\/www.explorecology.com\/wp-content\/uploads\/2020\/05\/image-3.png\" \/>\n<meta name=\"twitter:card\" content=\"summary_large_image\" \/>\n<meta name=\"twitter:site\" content=\"@Explorecology\" \/>\n<meta name=\"twitter:label1\" content=\"Dur\u00e9e de lecture estim\u00e9e\" \/>\n\t<meta name=\"twitter:data1\" content=\"1 minute\" \/>\n<script type=\"application\/ld+json\" class=\"yoast-schema-graph\">{\"@context\":\"https:\/\/schema.org\",\"@graph\":[{\"@type\":\"WebPage\",\"@id\":\"https:\/\/www.explorecology.com\/index.php\/en\/project\/explorcollect2\/database\/\",\"url\":\"https:\/\/www.explorecology.com\/index.php\/en\/project\/explorcollect2\/database\/\",\"name\":\"DATABASE - Exploratory Ecology\",\"isPartOf\":{\"@id\":\"https:\/\/www.explorecology.com\/#website\"},\"primaryImageOfPage\":{\"@id\":\"https:\/\/www.explorecology.com\/index.php\/en\/project\/explorcollect2\/database\/#primaryimage\"},\"image\":{\"@id\":\"https:\/\/www.explorecology.com\/index.php\/en\/project\/explorcollect2\/database\/#primaryimage\"},\"thumbnailUrl\":\"http:\/\/www.explorecology.com\/wp-content\/uploads\/2020\/05\/image-3.png\",\"datePublished\":\"2020-05-01T13:45:52+00:00\",\"dateModified\":\"2020-05-04T20:24:41+00:00\",\"breadcrumb\":{\"@id\":\"https:\/\/www.explorecology.com\/index.php\/en\/project\/explorcollect2\/database\/#breadcrumb\"},\"inLanguage\":\"fr-FR\",\"potentialAction\":[{\"@type\":\"ReadAction\",\"target\":[\"https:\/\/www.explorecology.com\/index.php\/en\/project\/explorcollect2\/database\/\"]}]},{\"@type\":\"ImageObject\",\"inLanguage\":\"fr-FR\",\"@id\":\"https:\/\/www.explorecology.com\/index.php\/en\/project\/explorcollect2\/database\/#primaryimage\",\"url\":\"https:\/\/www.explorecology.com\/wp-content\/uploads\/2020\/05\/image-3.png\",\"contentUrl\":\"https:\/\/www.explorecology.com\/wp-content\/uploads\/2020\/05\/image-3.png\",\"width\":268,\"height\":288},{\"@type\":\"BreadcrumbList\",\"@id\":\"https:\/\/www.explorecology.com\/index.php\/en\/project\/explorcollect2\/database\/#breadcrumb\",\"itemListElement\":[{\"@type\":\"ListItem\",\"position\":1,\"name\":\"Accueil\",\"item\":\"https:\/\/www.explorecology.com\/\"},{\"@type\":\"ListItem\",\"position\":2,\"name\":\"PROJECTS\",\"item\":\"https:\/\/www.explorecology.com\/index.php\/en\/project\/\"},{\"@type\":\"ListItem\",\"position\":3,\"name\":\"EXPLORCOLLECT\",\"item\":\"https:\/\/www.explorecology.com\/index.php\/en\/project\/explorcollect2\/\"},{\"@type\":\"ListItem\",\"position\":4,\"name\":\"DATABASE\"}]},{\"@type\":\"WebSite\",\"@id\":\"https:\/\/www.explorecology.com\/#website\",\"url\":\"https:\/\/www.explorecology.com\/\",\"name\":\"Exploratory Ecology\",\"description\":\"Association scientifique qui \u00e9tudie les relations entre les esp\u00e8ces et leur environnement pour d\u00e9finir des actions de conservation de la biodiversit\u00e9\",\"publisher\":{\"@id\":\"https:\/\/www.explorecology.com\/#organization\"},\"potentialAction\":[{\"@type\":\"SearchAction\",\"target\":{\"@type\":\"EntryPoint\",\"urlTemplate\":\"https:\/\/www.explorecology.com\/?s={search_term_string}\"},\"query-input\":{\"@type\":\"PropertyValueSpecification\",\"valueRequired\":true,\"valueName\":\"search_term_string\"}}],\"inLanguage\":\"fr-FR\"},{\"@type\":\"Organization\",\"@id\":\"https:\/\/www.explorecology.com\/#organization\",\"name\":\"Exploratory Ecology (ExplorEcology)\",\"url\":\"https:\/\/www.explorecology.com\/\",\"logo\":{\"@type\":\"ImageObject\",\"inLanguage\":\"fr-FR\",\"@id\":\"https:\/\/www.explorecology.com\/#\/schema\/logo\/image\/\",\"url\":\"https:\/\/www.explorecology.com\/wp-content\/uploads\/2019\/07\/logoE2_Good-5-1.jpg\",\"contentUrl\":\"https:\/\/www.explorecology.com\/wp-content\/uploads\/2019\/07\/logoE2_Good-5-1.jpg\",\"width\":1063,\"height\":1066,\"caption\":\"Exploratory Ecology (ExplorEcology)\"},\"image\":{\"@id\":\"https:\/\/www.explorecology.com\/#\/schema\/logo\/image\/\"},\"sameAs\":[\"https:\/\/www.facebook.com\/explorecology\/\",\"https:\/\/x.com\/Explorecology\",\"https:\/\/www.instagram.com\/explorecology\"]}]}<\/script>\n<!-- \/ Yoast SEO plugin. -->","yoast_head_json":{"title":"DATABASE - Exploratory Ecology","robots":{"index":"index","follow":"follow","max-snippet":"max-snippet:-1","max-image-preview":"max-image-preview:large","max-video-preview":"max-video-preview:-1"},"canonical":"https:\/\/www.explorecology.com\/index.php\/en\/project\/explorcollect2\/database\/","og_locale":"fr_FR","og_type":"article","og_title":"DATABASE - Exploratory Ecology","og_description":"Observations in natural environments make it possible to contribute to species knowledge by acquiring localized inventory data of species over time and space. The association created its Access database. All of the association\u2019s observations are saved into a naturalist database. This database is based on the repository of biological taxa called TAXREF v13.0 published onlineLire la suiteDATABASE","og_url":"https:\/\/www.explorecology.com\/index.php\/en\/project\/explorcollect2\/database\/","og_site_name":"Exploratory Ecology","article_publisher":"https:\/\/www.facebook.com\/explorecology\/","article_modified_time":"2020-05-04T20:24:41+00:00","og_image":[{"url":"http:\/\/www.explorecology.com\/wp-content\/uploads\/2020\/05\/image-3.png","type":"","width":"","height":""}],"twitter_card":"summary_large_image","twitter_site":"@Explorecology","twitter_misc":{"Dur\u00e9e de lecture estim\u00e9e":"1 minute"},"schema":{"@context":"https:\/\/schema.org","@graph":[{"@type":"WebPage","@id":"https:\/\/www.explorecology.com\/index.php\/en\/project\/explorcollect2\/database\/","url":"https:\/\/www.explorecology.com\/index.php\/en\/project\/explorcollect2\/database\/","name":"DATABASE - Exploratory Ecology","isPartOf":{"@id":"https:\/\/www.explorecology.com\/#website"},"primaryImageOfPage":{"@id":"https:\/\/www.explorecology.com\/index.php\/en\/project\/explorcollect2\/database\/#primaryimage"},"image":{"@id":"https:\/\/www.explorecology.com\/index.php\/en\/project\/explorcollect2\/database\/#primaryimage"},"thumbnailUrl":"http:\/\/www.explorecology.com\/wp-content\/uploads\/2020\/05\/image-3.png","datePublished":"2020-05-01T13:45:52+00:00","dateModified":"2020-05-04T20:24:41+00:00","breadcrumb":{"@id":"https:\/\/www.explorecology.com\/index.php\/en\/project\/explorcollect2\/database\/#breadcrumb"},"inLanguage":"fr-FR","potentialAction":[{"@type":"ReadAction","target":["https:\/\/www.explorecology.com\/index.php\/en\/project\/explorcollect2\/database\/"]}]},{"@type":"ImageObject","inLanguage":"fr-FR","@id":"https:\/\/www.explorecology.com\/index.php\/en\/project\/explorcollect2\/database\/#primaryimage","url":"https:\/\/www.explorecology.com\/wp-content\/uploads\/2020\/05\/image-3.png","contentUrl":"https:\/\/www.explorecology.com\/wp-content\/uploads\/2020\/05\/image-3.png","width":268,"height":288},{"@type":"BreadcrumbList","@id":"https:\/\/www.explorecology.com\/index.php\/en\/project\/explorcollect2\/database\/#breadcrumb","itemListElement":[{"@type":"ListItem","position":1,"name":"Accueil","item":"https:\/\/www.explorecology.com\/"},{"@type":"ListItem","position":2,"name":"PROJECTS","item":"https:\/\/www.explorecology.com\/index.php\/en\/project\/"},{"@type":"ListItem","position":3,"name":"EXPLORCOLLECT","item":"https:\/\/www.explorecology.com\/index.php\/en\/project\/explorcollect2\/"},{"@type":"ListItem","position":4,"name":"DATABASE"}]},{"@type":"WebSite","@id":"https:\/\/www.explorecology.com\/#website","url":"https:\/\/www.explorecology.com\/","name":"Exploratory Ecology","description":"Association scientifique qui \u00e9tudie les relations entre les esp\u00e8ces et leur environnement pour d\u00e9finir des actions de conservation de la biodiversit\u00e9","publisher":{"@id":"https:\/\/www.explorecology.com\/#organization"},"potentialAction":[{"@type":"SearchAction","target":{"@type":"EntryPoint","urlTemplate":"https:\/\/www.explorecology.com\/?s={search_term_string}"},"query-input":{"@type":"PropertyValueSpecification","valueRequired":true,"valueName":"search_term_string"}}],"inLanguage":"fr-FR"},{"@type":"Organization","@id":"https:\/\/www.explorecology.com\/#organization","name":"Exploratory Ecology (ExplorEcology)","url":"https:\/\/www.explorecology.com\/","logo":{"@type":"ImageObject","inLanguage":"fr-FR","@id":"https:\/\/www.explorecology.com\/#\/schema\/logo\/image\/","url":"https:\/\/www.explorecology.com\/wp-content\/uploads\/2019\/07\/logoE2_Good-5-1.jpg","contentUrl":"https:\/\/www.explorecology.com\/wp-content\/uploads\/2019\/07\/logoE2_Good-5-1.jpg","width":1063,"height":1066,"caption":"Exploratory Ecology (ExplorEcology)"},"image":{"@id":"https:\/\/www.explorecology.com\/#\/schema\/logo\/image\/"},"sameAs":["https:\/\/www.facebook.com\/explorecology\/","https:\/\/x.com\/Explorecology","https:\/\/www.instagram.com\/explorecology"]}]}},"_links":{"self":[{"href":"https:\/\/www.explorecology.com\/index.php\/wp-json\/wp\/v2\/pages\/2419","targetHints":{"allow":["GET"]}}],"collection":[{"href":"https:\/\/www.explorecology.com\/index.php\/wp-json\/wp\/v2\/pages"}],"about":[{"href":"https:\/\/www.explorecology.com\/index.php\/wp-json\/wp\/v2\/types\/page"}],"author":[{"embeddable":true,"href":"https:\/\/www.explorecology.com\/index.php\/wp-json\/wp\/v2\/users\/2"}],"replies":[{"embeddable":true,"href":"https:\/\/www.explorecology.com\/index.php\/wp-json\/wp\/v2\/comments?post=2419"}],"version-history":[{"count":10,"href":"https:\/\/www.explorecology.com\/index.php\/wp-json\/wp\/v2\/pages\/2419\/revisions"}],"predecessor-version":[{"id":2609,"href":"https:\/\/www.explorecology.com\/index.php\/wp-json\/wp\/v2\/pages\/2419\/revisions\/2609"}],"up":[{"embeddable":true,"href":"https:\/\/www.explorecology.com\/index.php\/wp-json\/wp\/v2\/pages\/1268"}],"wp:attachment":[{"href":"https:\/\/www.explorecology.com\/index.php\/wp-json\/wp\/v2\/media?parent=2419"}],"curies":[{"name":"wp","href":"https:\/\/api.w.org\/{rel}","templated":true}]}}