{"id":2400,"date":"2020-05-01T14:36:33","date_gmt":"2020-05-01T12:36:33","guid":{"rendered":"http:\/\/www.explorecology.com\/?page_id=2400"},"modified":"2020-05-04T22:24:39","modified_gmt":"2020-05-04T20:24:39","slug":"base-de-donnees","status":"publish","type":"page","link":"https:\/\/www.explorecology.com\/index.php\/projets\/explorcollect\/base-de-donnees\/","title":{"rendered":"Base de donn\u00e9es"},"content":{"rendered":"\n<p>Les observations dans les milieux naturels permettent de contribuer \u00e0 la connaissance des esp\u00e8ces par l\u2019acquisition de donn\u00e9es d\u2019inventaire localis\u00e9es des esp\u00e8ces dans le temps et dans l\u2019espace.<\/p>\n\n\n\n<p>L&rsquo;association a cr\u00e9\u00e9 sa base de donn\u00e9es <a href=\"https:\/\/www.microsoft.com\/fr-fr\/microsoft-365\/access\">Access<\/a>. Toutes les observations de l&rsquo;association sont enregistr\u00e9es dans la base de donn\u00e9es naturaliste. Cette base s&rsquo;appuie sur le <a href=\"https:\/\/inpn.mnhn.fr\/programme\/referentiel-taxonomique-taxref\">r\u00e9f\u00e9rentiel des taxons biologiques TAXREF<\/a> <a href=\"https:\/\/inpn.mnhn.fr\/telechargement\/referentielEspece\/taxref\/13.0\/menu\">v13.0 mise en ligne le 6 d\u00e9cembre 2019<\/a>. Ce r\u00e9f\u00e9rentiel est une r\u00e9f\u00e9rence nationale en France pour la nomenclature et la taxonomie et il est pr\u00e9sent\u00e9 dans la r\u00e9f\u00e9rence <a href=\"https:\/\/inpn.mnhn.fr\/docs-web\/docs\/download\/302170\">Gargominy <em>et al. <\/em>(2019)<\/a>.<\/p>\n\n\n\n<p>Cette base comprend 9593 observations dont 579 esp\u00e8ces v\u00e9g\u00e9tales et animales sur <a href=\"http:\/\/www.explorecology.com\/index.php\/projets\/explorcollect\/papillons-de-france\/\">la commune de Saint-Aubin de M\u00e9doc, en France<\/a>, <a href=\"http:\/\/www.explorecology.com\/index.php\/projets\/explorcollect\/papillons-au-nigeria\/\">au Nigeria<\/a> et \u00e0 <a href=\"http:\/\/www.explorecology.com\/index.php\/projets\/explorcollect\/papillons-du-monde\/\">l\u2019international<\/a> (chiffres du 05\/2020).<\/p>\n\n\n\n<p>La majorit\u00e9 des observations de la base \u00e0 79% sont des animaux et 21% des v\u00e9g\u00e9taux.<\/p>\n\n\n\n<div class=\"wp-block-image\"><figure class=\"aligncenter size-large is-resized\"><img loading=\"lazy\" decoding=\"async\" src=\"http:\/\/www.explorecology.com\/wp-content\/uploads\/2020\/05\/image.png\" alt=\"\" class=\"wp-image-2403\" width=\"271\" height=\"288\"\/><\/figure><\/div>\n\n\n\n<p>Parmi le r\u00e8gne animal, 13 classes sont \u00e9tudi\u00e9es avec des araign\u00e9es, des mille-pattes, des papillons, des libellules, des vers de terre, des escargots, des l\u00e9zards, des grenouilles, des oiseaux, des mammif\u00e8res,&#8230;<\/p>\n\n\n\n<figure class=\"wp-block-image size-large\"><img loading=\"lazy\" decoding=\"async\" width=\"1024\" height=\"768\" src=\"http:\/\/www.explorecology.com\/wp-content\/uploads\/2020\/05\/IMG_3275-S\u00e9n\u00e9-1024x768.jpg\" alt=\"\" class=\"wp-image-2407\" srcset=\"https:\/\/www.explorecology.com\/wp-content\/uploads\/2020\/05\/IMG_3275-S\u00e9n\u00e9-1024x768.jpg 1024w, https:\/\/www.explorecology.com\/wp-content\/uploads\/2020\/05\/IMG_3275-S\u00e9n\u00e9-300x225.jpg 300w, https:\/\/www.explorecology.com\/wp-content\/uploads\/2020\/05\/IMG_3275-S\u00e9n\u00e9-768x576.jpg 768w, https:\/\/www.explorecology.com\/wp-content\/uploads\/2020\/05\/IMG_3275-S\u00e9n\u00e9-1536x1152.jpg 1536w, https:\/\/www.explorecology.com\/wp-content\/uploads\/2020\/05\/IMG_3275-S\u00e9n\u00e9.jpg 2048w\" sizes=\"auto, (max-width: 1024px) 100vw, 1024px\" \/><figcaption>Hyla arborea (Linnaeus, 1758) \u00a9 F. Mallard<\/figcaption><\/figure>\n\n\n\n<p>92% des d\u00e9terminations animales concernent des insectes. Le nombre d&rsquo;esp\u00e8ces est plus important pour les papillons (l\u00e9pidopt\u00e8res) avec 132 esp\u00e8ces identifi\u00e9es et ensuite les col\u00e9opt\u00e8res avec 49 esp\u00e8ces.<\/p>\n\n\n\n<figure class=\"wp-block-image size-large\"><img loading=\"lazy\" decoding=\"async\" width=\"1024\" height=\"768\" src=\"http:\/\/www.explorecology.com\/wp-content\/uploads\/2020\/05\/IMG_0820-1024x768.jpg\" alt=\"\" class=\"wp-image-2412\" srcset=\"https:\/\/www.explorecology.com\/wp-content\/uploads\/2020\/05\/IMG_0820-1024x768.jpg 1024w, https:\/\/www.explorecology.com\/wp-content\/uploads\/2020\/05\/IMG_0820-300x225.jpg 300w, https:\/\/www.explorecology.com\/wp-content\/uploads\/2020\/05\/IMG_0820-768x576.jpg 768w, https:\/\/www.explorecology.com\/wp-content\/uploads\/2020\/05\/IMG_0820-1536x1152.jpg 1536w, https:\/\/www.explorecology.com\/wp-content\/uploads\/2020\/05\/IMG_0820-2048x1536.jpg 2048w\" sizes=\"auto, (max-width: 1024px) 100vw, 1024px\" \/><figcaption>Un exemple de Col\u00e9opt\u00e8re la Coccinelle \u00e0 damier <em>Propylea quatuordecimpunctata<\/em> \u00a9 F. Mallard<\/figcaption><\/figure>\n\n\n\n<p><\/p>\n","protected":false},"excerpt":{"rendered":"<p>Les observations dans les milieux naturels permettent de contribuer \u00e0 la connaissance des esp\u00e8ces par l\u2019acquisition de donn\u00e9es d\u2019inventaire localis\u00e9es des esp\u00e8ces dans le temps et dans l\u2019espace. L&rsquo;association a cr\u00e9\u00e9 sa base de donn\u00e9es Access. Toutes les observations de l&rsquo;association sont enregistr\u00e9es dans la base de donn\u00e9es naturaliste. Cette base s&rsquo;appuie sur le r\u00e9f\u00e9rentiel<span class=\"read-more-wrap\"><a class=\"moretag\" href=\"https:\/\/www.explorecology.com\/index.php\/projets\/explorcollect\/base-de-donnees\/\">Lire la suite<span class=\"screen-reader-text\">Base de donn\u00e9es<\/span><\/a><\/span><\/p>\n","protected":false},"author":2,"featured_media":0,"parent":1252,"menu_order":0,"comment_status":"closed","ping_status":"closed","template":"","meta":{"_exactmetrics_skip_tracking":false,"_exactmetrics_sitenote_active":false,"_exactmetrics_sitenote_note":"","_exactmetrics_sitenote_category":0,"footnotes":""},"class_list":["post-2400","page","type-page","status-publish","hentry"],"yoast_head":"<!-- This site is optimized with the Yoast SEO plugin v26.6 - https:\/\/yoast.com\/wordpress\/plugins\/seo\/ -->\n<title>Base de donn\u00e9es - Exploratory Ecology<\/title>\n<meta name=\"robots\" content=\"index, follow, max-snippet:-1, max-image-preview:large, max-video-preview:-1\" \/>\n<link rel=\"canonical\" href=\"https:\/\/www.explorecology.com\/index.php\/projets\/explorcollect\/base-de-donnees\/\" \/>\n<meta property=\"og:locale\" content=\"fr_FR\" \/>\n<meta property=\"og:type\" content=\"article\" \/>\n<meta property=\"og:title\" content=\"Base de donn\u00e9es - Exploratory Ecology\" \/>\n<meta property=\"og:description\" content=\"Les observations dans les milieux naturels permettent de contribuer \u00e0 la connaissance des esp\u00e8ces par l\u2019acquisition de donn\u00e9es d\u2019inventaire localis\u00e9es des esp\u00e8ces dans le temps et dans l\u2019espace. L&rsquo;association a cr\u00e9\u00e9 sa base de donn\u00e9es Access. Toutes les observations de l&rsquo;association sont enregistr\u00e9es dans la base de donn\u00e9es naturaliste. Cette base s&rsquo;appuie sur le r\u00e9f\u00e9rentielLire la suiteBase de donn\u00e9es\" \/>\n<meta property=\"og:url\" content=\"https:\/\/www.explorecology.com\/index.php\/projets\/explorcollect\/base-de-donnees\/\" \/>\n<meta property=\"og:site_name\" content=\"Exploratory Ecology\" \/>\n<meta property=\"article:publisher\" content=\"https:\/\/www.facebook.com\/explorecology\/\" \/>\n<meta property=\"article:modified_time\" content=\"2020-05-04T20:24:39+00:00\" \/>\n<meta property=\"og:image\" content=\"http:\/\/www.explorecology.com\/wp-content\/uploads\/2020\/05\/image.png\" \/>\n<meta name=\"twitter:card\" content=\"summary_large_image\" \/>\n<meta name=\"twitter:site\" content=\"@Explorecology\" \/>\n<meta name=\"twitter:label1\" content=\"Dur\u00e9e de lecture estim\u00e9e\" \/>\n\t<meta name=\"twitter:data1\" content=\"1 minute\" \/>\n<script type=\"application\/ld+json\" class=\"yoast-schema-graph\">{\"@context\":\"https:\/\/schema.org\",\"@graph\":[{\"@type\":\"WebPage\",\"@id\":\"https:\/\/www.explorecology.com\/index.php\/projets\/explorcollect\/base-de-donnees\/\",\"url\":\"https:\/\/www.explorecology.com\/index.php\/projets\/explorcollect\/base-de-donnees\/\",\"name\":\"Base de donn\u00e9es - Exploratory Ecology\",\"isPartOf\":{\"@id\":\"https:\/\/www.explorecology.com\/#website\"},\"primaryImageOfPage\":{\"@id\":\"https:\/\/www.explorecology.com\/index.php\/projets\/explorcollect\/base-de-donnees\/#primaryimage\"},\"image\":{\"@id\":\"https:\/\/www.explorecology.com\/index.php\/projets\/explorcollect\/base-de-donnees\/#primaryimage\"},\"thumbnailUrl\":\"http:\/\/www.explorecology.com\/wp-content\/uploads\/2020\/05\/image.png\",\"datePublished\":\"2020-05-01T12:36:33+00:00\",\"dateModified\":\"2020-05-04T20:24:39+00:00\",\"breadcrumb\":{\"@id\":\"https:\/\/www.explorecology.com\/index.php\/projets\/explorcollect\/base-de-donnees\/#breadcrumb\"},\"inLanguage\":\"fr-FR\",\"potentialAction\":[{\"@type\":\"ReadAction\",\"target\":[\"https:\/\/www.explorecology.com\/index.php\/projets\/explorcollect\/base-de-donnees\/\"]}]},{\"@type\":\"ImageObject\",\"inLanguage\":\"fr-FR\",\"@id\":\"https:\/\/www.explorecology.com\/index.php\/projets\/explorcollect\/base-de-donnees\/#primaryimage\",\"url\":\"https:\/\/www.explorecology.com\/wp-content\/uploads\/2020\/05\/image.png\",\"contentUrl\":\"https:\/\/www.explorecology.com\/wp-content\/uploads\/2020\/05\/image.png\",\"width\":271,\"height\":288},{\"@type\":\"BreadcrumbList\",\"@id\":\"https:\/\/www.explorecology.com\/index.php\/projets\/explorcollect\/base-de-donnees\/#breadcrumb\",\"itemListElement\":[{\"@type\":\"ListItem\",\"position\":1,\"name\":\"Accueil\",\"item\":\"https:\/\/www.explorecology.com\/\"},{\"@type\":\"ListItem\",\"position\":2,\"name\":\"Projets\",\"item\":\"https:\/\/www.explorecology.com\/index.php\/projets\/\"},{\"@type\":\"ListItem\",\"position\":3,\"name\":\"ExplorCollect\",\"item\":\"https:\/\/www.explorecology.com\/index.php\/projets\/explorcollect\/\"},{\"@type\":\"ListItem\",\"position\":4,\"name\":\"Base de donn\u00e9es\"}]},{\"@type\":\"WebSite\",\"@id\":\"https:\/\/www.explorecology.com\/#website\",\"url\":\"https:\/\/www.explorecology.com\/\",\"name\":\"Exploratory Ecology\",\"description\":\"Association scientifique qui \u00e9tudie les relations entre les esp\u00e8ces et leur environnement pour d\u00e9finir des actions de conservation de la biodiversit\u00e9\",\"publisher\":{\"@id\":\"https:\/\/www.explorecology.com\/#organization\"},\"potentialAction\":[{\"@type\":\"SearchAction\",\"target\":{\"@type\":\"EntryPoint\",\"urlTemplate\":\"https:\/\/www.explorecology.com\/?s={search_term_string}\"},\"query-input\":{\"@type\":\"PropertyValueSpecification\",\"valueRequired\":true,\"valueName\":\"search_term_string\"}}],\"inLanguage\":\"fr-FR\"},{\"@type\":\"Organization\",\"@id\":\"https:\/\/www.explorecology.com\/#organization\",\"name\":\"Exploratory Ecology (ExplorEcology)\",\"url\":\"https:\/\/www.explorecology.com\/\",\"logo\":{\"@type\":\"ImageObject\",\"inLanguage\":\"fr-FR\",\"@id\":\"https:\/\/www.explorecology.com\/#\/schema\/logo\/image\/\",\"url\":\"https:\/\/www.explorecology.com\/wp-content\/uploads\/2019\/07\/logoE2_Good-5-1.jpg\",\"contentUrl\":\"https:\/\/www.explorecology.com\/wp-content\/uploads\/2019\/07\/logoE2_Good-5-1.jpg\",\"width\":1063,\"height\":1066,\"caption\":\"Exploratory Ecology (ExplorEcology)\"},\"image\":{\"@id\":\"https:\/\/www.explorecology.com\/#\/schema\/logo\/image\/\"},\"sameAs\":[\"https:\/\/www.facebook.com\/explorecology\/\",\"https:\/\/x.com\/Explorecology\",\"https:\/\/www.instagram.com\/explorecology\"]}]}<\/script>\n<!-- \/ Yoast SEO plugin. -->","yoast_head_json":{"title":"Base de donn\u00e9es - Exploratory Ecology","robots":{"index":"index","follow":"follow","max-snippet":"max-snippet:-1","max-image-preview":"max-image-preview:large","max-video-preview":"max-video-preview:-1"},"canonical":"https:\/\/www.explorecology.com\/index.php\/projets\/explorcollect\/base-de-donnees\/","og_locale":"fr_FR","og_type":"article","og_title":"Base de donn\u00e9es - Exploratory Ecology","og_description":"Les observations dans les milieux naturels permettent de contribuer \u00e0 la connaissance des esp\u00e8ces par l\u2019acquisition de donn\u00e9es d\u2019inventaire localis\u00e9es des esp\u00e8ces dans le temps et dans l\u2019espace. L&rsquo;association a cr\u00e9\u00e9 sa base de donn\u00e9es Access. Toutes les observations de l&rsquo;association sont enregistr\u00e9es dans la base de donn\u00e9es naturaliste. Cette base s&rsquo;appuie sur le r\u00e9f\u00e9rentielLire la suiteBase de donn\u00e9es","og_url":"https:\/\/www.explorecology.com\/index.php\/projets\/explorcollect\/base-de-donnees\/","og_site_name":"Exploratory Ecology","article_publisher":"https:\/\/www.facebook.com\/explorecology\/","article_modified_time":"2020-05-04T20:24:39+00:00","og_image":[{"url":"http:\/\/www.explorecology.com\/wp-content\/uploads\/2020\/05\/image.png","type":"","width":"","height":""}],"twitter_card":"summary_large_image","twitter_site":"@Explorecology","twitter_misc":{"Dur\u00e9e de lecture estim\u00e9e":"1 minute"},"schema":{"@context":"https:\/\/schema.org","@graph":[{"@type":"WebPage","@id":"https:\/\/www.explorecology.com\/index.php\/projets\/explorcollect\/base-de-donnees\/","url":"https:\/\/www.explorecology.com\/index.php\/projets\/explorcollect\/base-de-donnees\/","name":"Base de donn\u00e9es - Exploratory Ecology","isPartOf":{"@id":"https:\/\/www.explorecology.com\/#website"},"primaryImageOfPage":{"@id":"https:\/\/www.explorecology.com\/index.php\/projets\/explorcollect\/base-de-donnees\/#primaryimage"},"image":{"@id":"https:\/\/www.explorecology.com\/index.php\/projets\/explorcollect\/base-de-donnees\/#primaryimage"},"thumbnailUrl":"http:\/\/www.explorecology.com\/wp-content\/uploads\/2020\/05\/image.png","datePublished":"2020-05-01T12:36:33+00:00","dateModified":"2020-05-04T20:24:39+00:00","breadcrumb":{"@id":"https:\/\/www.explorecology.com\/index.php\/projets\/explorcollect\/base-de-donnees\/#breadcrumb"},"inLanguage":"fr-FR","potentialAction":[{"@type":"ReadAction","target":["https:\/\/www.explorecology.com\/index.php\/projets\/explorcollect\/base-de-donnees\/"]}]},{"@type":"ImageObject","inLanguage":"fr-FR","@id":"https:\/\/www.explorecology.com\/index.php\/projets\/explorcollect\/base-de-donnees\/#primaryimage","url":"https:\/\/www.explorecology.com\/wp-content\/uploads\/2020\/05\/image.png","contentUrl":"https:\/\/www.explorecology.com\/wp-content\/uploads\/2020\/05\/image.png","width":271,"height":288},{"@type":"BreadcrumbList","@id":"https:\/\/www.explorecology.com\/index.php\/projets\/explorcollect\/base-de-donnees\/#breadcrumb","itemListElement":[{"@type":"ListItem","position":1,"name":"Accueil","item":"https:\/\/www.explorecology.com\/"},{"@type":"ListItem","position":2,"name":"Projets","item":"https:\/\/www.explorecology.com\/index.php\/projets\/"},{"@type":"ListItem","position":3,"name":"ExplorCollect","item":"https:\/\/www.explorecology.com\/index.php\/projets\/explorcollect\/"},{"@type":"ListItem","position":4,"name":"Base de donn\u00e9es"}]},{"@type":"WebSite","@id":"https:\/\/www.explorecology.com\/#website","url":"https:\/\/www.explorecology.com\/","name":"Exploratory Ecology","description":"Association scientifique qui \u00e9tudie les relations entre les esp\u00e8ces et leur environnement pour d\u00e9finir des actions de conservation de la biodiversit\u00e9","publisher":{"@id":"https:\/\/www.explorecology.com\/#organization"},"potentialAction":[{"@type":"SearchAction","target":{"@type":"EntryPoint","urlTemplate":"https:\/\/www.explorecology.com\/?s={search_term_string}"},"query-input":{"@type":"PropertyValueSpecification","valueRequired":true,"valueName":"search_term_string"}}],"inLanguage":"fr-FR"},{"@type":"Organization","@id":"https:\/\/www.explorecology.com\/#organization","name":"Exploratory Ecology (ExplorEcology)","url":"https:\/\/www.explorecology.com\/","logo":{"@type":"ImageObject","inLanguage":"fr-FR","@id":"https:\/\/www.explorecology.com\/#\/schema\/logo\/image\/","url":"https:\/\/www.explorecology.com\/wp-content\/uploads\/2019\/07\/logoE2_Good-5-1.jpg","contentUrl":"https:\/\/www.explorecology.com\/wp-content\/uploads\/2019\/07\/logoE2_Good-5-1.jpg","width":1063,"height":1066,"caption":"Exploratory Ecology (ExplorEcology)"},"image":{"@id":"https:\/\/www.explorecology.com\/#\/schema\/logo\/image\/"},"sameAs":["https:\/\/www.facebook.com\/explorecology\/","https:\/\/x.com\/Explorecology","https:\/\/www.instagram.com\/explorecology"]}]}},"_links":{"self":[{"href":"https:\/\/www.explorecology.com\/index.php\/wp-json\/wp\/v2\/pages\/2400","targetHints":{"allow":["GET"]}}],"collection":[{"href":"https:\/\/www.explorecology.com\/index.php\/wp-json\/wp\/v2\/pages"}],"about":[{"href":"https:\/\/www.explorecology.com\/index.php\/wp-json\/wp\/v2\/types\/page"}],"author":[{"embeddable":true,"href":"https:\/\/www.explorecology.com\/index.php\/wp-json\/wp\/v2\/users\/2"}],"replies":[{"embeddable":true,"href":"https:\/\/www.explorecology.com\/index.php\/wp-json\/wp\/v2\/comments?post=2400"}],"version-history":[{"count":16,"href":"https:\/\/www.explorecology.com\/index.php\/wp-json\/wp\/v2\/pages\/2400\/revisions"}],"predecessor-version":[{"id":2607,"href":"https:\/\/www.explorecology.com\/index.php\/wp-json\/wp\/v2\/pages\/2400\/revisions\/2607"}],"up":[{"embeddable":true,"href":"https:\/\/www.explorecology.com\/index.php\/wp-json\/wp\/v2\/pages\/1252"}],"wp:attachment":[{"href":"https:\/\/www.explorecology.com\/index.php\/wp-json\/wp\/v2\/media?parent=2400"}],"curies":[{"name":"wp","href":"https:\/\/api.w.org\/{rel}","templated":true}]}}