{"id":232,"date":"2018-11-18T16:00:48","date_gmt":"2018-11-18T15:00:48","guid":{"rendered":"http:\/\/www.explorecology.com\/?page_id=232"},"modified":"2023-05-18T13:30:13","modified_gmt":"2023-05-18T11:30:13","slug":"project","status":"publish","type":"page","link":"https:\/\/www.explorecology.com\/index.php\/en\/project\/","title":{"rendered":"PROJECTS"},"content":{"rendered":"\n<h2 class=\"wp-block-heading\">ExplorEcoLab<\/h2>\n\n\n\n<p>The first project Exploratory Ecology is a project named ExplorEcoLab (Exploratory Ecosystems laboratory) on the study of the effects of climate change on the relations between <a href=\"http:\/\/www.explorecology.com\/index.php\/en\/project\/studied-species\/\">life cycles of <\/a><em><a href=\"http:\/\/www.explorecology.com\/index.php\/en\/project\/studied-species\/\">Polyommatus icarus<\/a><\/em><a href=\"http:\/\/www.explorecology.com\/index.php\/en\/project\/studied-species\/\">,&nbsp;<\/a><em><a href=\"http:\/\/www.explorecology.com\/index.php\/en\/project\/studied-species\/\">Lasius niger<\/a><\/em><a href=\"http:\/\/www.explorecology.com\/index.php\/en\/project\/studied-species\/\">,&nbsp;<\/a><em><a href=\"http:\/\/www.explorecology.com\/index.php\/en\/project\/studied-species\/\">Lotus corniculatus and<\/a><\/em><a href=\"http:\/\/www.explorecology.com\/index.php\/en\/project\/studied-species\/\">&nbsp;<\/a><em><a href=\"http:\/\/www.explorecology.com\/index.php\/en\/project\/studied-species\/\">Trifolium repens<\/a>.<\/em><\/p>\n\n\n\n<p>Summary of the project page :<\/p>\n\n\n\n<ul class=\"wp-block-list\"><li><a href=\"http:\/\/www.explorecology.com\/index.php\/en\/project\/explorecolab\/\">ExplorEcolab<\/a><\/li><li><a href=\"http:\/\/www.explorecology.com\/index.php\/en\/project\/studied-species\/\">Studied species<\/a><\/li><li><a href=\"http:\/\/www.explorecology.com\/index.php\/en\/project\/laboratory\/\">Laboratory<\/a><\/li><li><a href=\"http:\/\/www.explorecology.com\/index.php\/en\/project\/experiments\/\">Experiments<\/a><\/li><li><a href=\"http:\/\/www.explorecology.com\/index.php\/en\/project\/references\/\">References<\/a><\/li><li><a href=\"http:\/\/www.explorecology.com\/index.php\/en\/project\/publications\/\">Publications<\/a><\/li><\/ul>\n\n\n\n<figure class=\"wp-block-embed is-type-video is-provider-youtube wp-block-embed-youtube wp-embed-aspect-16-9 wp-has-aspect-ratio\"><div class=\"wp-block-embed__wrapper\">\n<div class=\"llorix-one-lite-video-container\"><iframe loading=\"lazy\" title=\"Relationships between ants and butterflies\" width=\"730\" height=\"411\" src=\"https:\/\/www.youtube.com\/embed\/pmVVXGbfIp4?feature=oembed\" frameborder=\"0\" allow=\"accelerometer; autoplay; clipboard-write; encrypted-media; gyroscope; picture-in-picture; web-share\" allowfullscreen><\/iframe><\/div>\n<\/div><\/figure>\n\n\n\n<h2 class=\"wp-block-heading\">ExplorCollect<\/h2>\n\n\n\n<p>The second project Exploratory Ecology is a project named ExplorCollect (Exploratory Collection) on the creation of a photographic collection and monitoring of <a href=\"http:\/\/www.explorecology.com\/index.php\/en\/butterflies-of-france\/\">butterflies from France<\/a>, <a href=\"http:\/\/www.explorecology.com\/index.php\/en\/project\/explorcollect2\/butterflies-in-nigeria\/\">Nigeria<\/a> and <a href=\"http:\/\/www.explorecology.com\/index.php\/en\/butterflies-of-the-world\/\">the world<\/a>.<\/p>\n\n\n\n<p>Summary of the project page :<\/p>\n\n\n\n<ul class=\"wp-block-list\"><li><a href=\"http:\/\/www.explorecology.com\/index.php\/en\/project\/explorcollect2\/\">ExplorCollect<\/a><\/li><li><a href=\"http:\/\/www.explorecology.com\/index.php\/en\/database\/\">Database<\/a><\/li><li><a href=\"http:\/\/www.explorecology.com\/index.php\/en\/butterflies-of-france\/\">Butterflies of France<\/a><\/li><li><a href=\"http:\/\/www.explorecology.com\/index.php\/en\/butterflies-of-the-world\/\">Butterflies of the world<\/a><\/li><li><a href=\"http:\/\/www.explorecology.com\/index.php\/en\/project\/explorcollect2\/butterflies-in-nigeria\/\">Butterflies of Nigeria<\/a><\/li><li><a href=\"http:\/\/www.explorecology.com\/index.php\/en\/project\/references\/\">References<\/a><\/li><li><a href=\"http:\/\/www.explorecology.com\/index.php\/en\/project\/publications\/\">Publications<\/a> <\/li><\/ul>\n\n\n\n<figure class=\"wp-block-gallery columns-3 is-cropped wp-block-gallery-1 is-layout-flex wp-block-gallery-is-layout-flex\"><ul class=\"blocks-gallery-grid\"><li class=\"blocks-gallery-item\"><figure><img loading=\"lazy\" decoding=\"async\" width=\"1024\" height=\"768\" src=\"http:\/\/www.explorecology.com\/wp-content\/uploads\/2019\/09\/Ochlodes-sylvanus-1024x768.jpg\" alt=\"\" data-id=\"1322\" data-link=\"http:\/\/www.explorecology.com\/index.php\/papillons-de-france\/ochlodes-sylvanus\/\" class=\"wp-image-1322\" srcset=\"https:\/\/www.explorecology.com\/wp-content\/uploads\/2019\/09\/Ochlodes-sylvanus-1024x768.jpg 1024w, https:\/\/www.explorecology.com\/wp-content\/uploads\/2019\/09\/Ochlodes-sylvanus-300x225.jpg 300w, https:\/\/www.explorecology.com\/wp-content\/uploads\/2019\/09\/Ochlodes-sylvanus-768x576.jpg 768w\" sizes=\"auto, (max-width: 1024px) 100vw, 1024px\" \/><\/figure><\/li><li class=\"blocks-gallery-item\"><figure><img loading=\"lazy\" decoding=\"async\" width=\"1024\" height=\"768\" src=\"http:\/\/www.explorecology.com\/wp-content\/uploads\/2019\/09\/Melanargia-galathea-1024x768.jpg\" alt=\"\" data-id=\"1318\" data-link=\"http:\/\/www.explorecology.com\/index.php\/papillons-de-france\/melanargia-galathea\/\" class=\"wp-image-1318\" srcset=\"https:\/\/www.explorecology.com\/wp-content\/uploads\/2019\/09\/Melanargia-galathea-1024x768.jpg 1024w, https:\/\/www.explorecology.com\/wp-content\/uploads\/2019\/09\/Melanargia-galathea-300x225.jpg 300w, https:\/\/www.explorecology.com\/wp-content\/uploads\/2019\/09\/Melanargia-galathea-768x576.jpg 768w\" sizes=\"auto, (max-width: 1024px) 100vw, 1024px\" \/><\/figure><\/li><li class=\"blocks-gallery-item\"><figure><img loading=\"lazy\" decoding=\"async\" width=\"561\" height=\"500\" src=\"https:\/\/www.explorecology.com\/wp-content\/uploads\/2018\/11\/Polyommatus-icarus4-1.jpg\" alt=\"\" data-id=\"546\" data-full-url=\"https:\/\/www.explorecology.com\/wp-content\/uploads\/2018\/11\/Polyommatus-icarus4-1.jpg\" data-link=\"https:\/\/www.explorecology.com\/index.php\/en\/2018\/11\/13\/welcome\/polyommatus-icarus4-2\/\" class=\"wp-image-546\" srcset=\"https:\/\/www.explorecology.com\/wp-content\/uploads\/2018\/11\/Polyommatus-icarus4-1.jpg 561w, https:\/\/www.explorecology.com\/wp-content\/uploads\/2018\/11\/Polyommatus-icarus4-1-300x267.jpg 300w\" sizes=\"auto, (max-width: 561px) 100vw, 561px\" \/><\/figure><\/li><li class=\"blocks-gallery-item\"><figure><img loading=\"lazy\" decoding=\"async\" width=\"1024\" height=\"768\" src=\"http:\/\/www.explorecology.com\/wp-content\/uploads\/2019\/09\/Limenitis-reducta-1024x768.jpg\" alt=\"\" data-id=\"1314\" data-link=\"http:\/\/www.explorecology.com\/index.php\/papillons-de-france\/limenitis-reducta\/\" class=\"wp-image-1314\" srcset=\"https:\/\/www.explorecology.com\/wp-content\/uploads\/2019\/09\/Limenitis-reducta-1024x768.jpg 1024w, https:\/\/www.explorecology.com\/wp-content\/uploads\/2019\/09\/Limenitis-reducta-300x225.jpg 300w, https:\/\/www.explorecology.com\/wp-content\/uploads\/2019\/09\/Limenitis-reducta-768x576.jpg 768w\" sizes=\"auto, (max-width: 1024px) 100vw, 1024px\" \/><\/figure><\/li><li class=\"blocks-gallery-item\"><figure><img loading=\"lazy\" decoding=\"async\" width=\"1024\" height=\"768\" src=\"http:\/\/www.explorecology.com\/wp-content\/uploads\/2019\/09\/Vanessa-atalanta-1024x768.jpg\" alt=\"\" data-id=\"1332\" data-link=\"http:\/\/www.explorecology.com\/index.php\/papillons-de-france\/vanessa-atalanta\/\" class=\"wp-image-1332\" srcset=\"https:\/\/www.explorecology.com\/wp-content\/uploads\/2019\/09\/Vanessa-atalanta-1024x768.jpg 1024w, https:\/\/www.explorecology.com\/wp-content\/uploads\/2019\/09\/Vanessa-atalanta-300x225.jpg 300w, https:\/\/www.explorecology.com\/wp-content\/uploads\/2019\/09\/Vanessa-atalanta-768x576.jpg 768w\" sizes=\"auto, (max-width: 1024px) 100vw, 1024px\" \/><\/figure><\/li><li class=\"blocks-gallery-item\"><figure><img loading=\"lazy\" decoding=\"async\" width=\"1024\" height=\"848\" src=\"http:\/\/www.explorecology.com\/wp-content\/uploads\/2019\/09\/Vanessa-cardui-1024x848.jpg\" alt=\"\" data-id=\"1333\" data-link=\"http:\/\/www.explorecology.com\/index.php\/papillons-de-france\/vanessa-cardui\/\" class=\"wp-image-1333\" srcset=\"https:\/\/www.explorecology.com\/wp-content\/uploads\/2019\/09\/Vanessa-cardui-1024x848.jpg 1024w, https:\/\/www.explorecology.com\/wp-content\/uploads\/2019\/09\/Vanessa-cardui-300x248.jpg 300w, https:\/\/www.explorecology.com\/wp-content\/uploads\/2019\/09\/Vanessa-cardui-768x636.jpg 768w, https:\/\/www.explorecology.com\/wp-content\/uploads\/2019\/09\/Vanessa-cardui.jpg 1308w\" sizes=\"auto, (max-width: 1024px) 100vw, 1024px\" \/><\/figure><\/li><li class=\"blocks-gallery-item\"><figure><img loading=\"lazy\" decoding=\"async\" width=\"1024\" height=\"683\" src=\"http:\/\/www.explorecology.com\/wp-content\/uploads\/2019\/09\/Euphydryas-aurinia-1024x683.jpg\" alt=\"\" data-id=\"1311\" data-link=\"http:\/\/www.explorecology.com\/index.php\/papillons-de-france\/euphydryas-aurinia\/\" class=\"wp-image-1311\" srcset=\"https:\/\/www.explorecology.com\/wp-content\/uploads\/2019\/09\/Euphydryas-aurinia-1024x683.jpg 1024w, https:\/\/www.explorecology.com\/wp-content\/uploads\/2019\/09\/Euphydryas-aurinia-300x200.jpg 300w, https:\/\/www.explorecology.com\/wp-content\/uploads\/2019\/09\/Euphydryas-aurinia-768x512.jpg 768w\" sizes=\"auto, (max-width: 1024px) 100vw, 1024px\" \/><\/figure><\/li><\/ul><\/figure>\n\n\n\n<h2 class=\"wp-block-heading\">ExplorPublic<\/h2>\n\n\n\n<p>The third project called <a href=\"http:\/\/www.explorecology.com\/index.php\/en\/project\/explorpublic\/\">ExplorPublic<\/a> (Exploratory Public awareness) is a project to raise public awareness of the protection of biodiversity through various actions: <a href=\"https:\/\/www.explorecology.com\/index.php\/en\/project\/explorpublic\/explornature\/\">nature outings<\/a>, <a href=\"http:\/\/www.explorecology.com\/index.php\/en\/project\/explorpublic\/social-networks\/\">social networks<\/a>, <a href=\"http:\/\/www.explorecology.com\/index.php\/en\/project\/explorpublic\/videos-exhibitions\/\">exhibitions, videos<\/a>, stands, conferences,&#8230;<\/p>\n\n\n\n<div class=\"wp-block-group\"><div class=\"wp-block-group__inner-container is-layout-flow wp-block-group-is-layout-flow\">\n<figure class=\"wp-block-gallery columns-2 is-cropped wp-block-gallery-2 is-layout-flex wp-block-gallery-is-layout-flex\"><ul class=\"blocks-gallery-grid\"><li class=\"blocks-gallery-item\"><figure><img loading=\"lazy\" decoding=\"async\" width=\"661\" height=\"1024\" src=\"https:\/\/www.explorecology.com\/wp-content\/uploads\/2022\/11\/Exposition_Papillon-661x1024.png\" alt=\"\" data-id=\"3776\" data-full-url=\"https:\/\/www.explorecology.com\/wp-content\/uploads\/2022\/11\/Exposition_Papillon.png\" data-link=\"https:\/\/www.explorecology.com\/index.php\/projets\/explorpublic\/videos-expositions\/exposition_papillon\/\" class=\"wp-image-3776\" srcset=\"https:\/\/www.explorecology.com\/wp-content\/uploads\/2022\/11\/Exposition_Papillon-661x1024.png 661w, https:\/\/www.explorecology.com\/wp-content\/uploads\/2022\/11\/Exposition_Papillon-194x300.png 194w, https:\/\/www.explorecology.com\/wp-content\/uploads\/2022\/11\/Exposition_Papillon-768x1189.png 768w, https:\/\/www.explorecology.com\/wp-content\/uploads\/2022\/11\/Exposition_Papillon.png 812w\" sizes=\"auto, (max-width: 661px) 100vw, 661px\" \/><\/figure><\/li><li class=\"blocks-gallery-item\"><figure><img loading=\"lazy\" decoding=\"async\" width=\"663\" height=\"1024\" src=\"https:\/\/www.explorecology.com\/wp-content\/uploads\/2022\/11\/Affiche_Exposition-fourmis-01-663x1024.png\" alt=\"\" data-id=\"3764\" data-full-url=\"https:\/\/www.explorecology.com\/wp-content\/uploads\/2022\/11\/Affiche_Exposition-fourmis-01.png\" data-link=\"https:\/\/www.explorecology.com\/index.php\/2022\/11\/18\/exposition-sur-lunivers-des-fourmis\/affiche_exposition-fourmis-01\/\" class=\"wp-image-3764\" srcset=\"https:\/\/www.explorecology.com\/wp-content\/uploads\/2022\/11\/Affiche_Exposition-fourmis-01-663x1024.png 663w, https:\/\/www.explorecology.com\/wp-content\/uploads\/2022\/11\/Affiche_Exposition-fourmis-01-194x300.png 194w, https:\/\/www.explorecology.com\/wp-content\/uploads\/2022\/11\/Affiche_Exposition-fourmis-01-768x1187.png 768w, https:\/\/www.explorecology.com\/wp-content\/uploads\/2022\/11\/Affiche_Exposition-fourmis-01-994x1536.png 994w, https:\/\/www.explorecology.com\/wp-content\/uploads\/2022\/11\/Affiche_Exposition-fourmis-01-1325x2048.png 1325w\" sizes=\"auto, (max-width: 663px) 100vw, 663px\" \/><\/figure><\/li><\/ul><\/figure>\n\n\n\n<p><\/p>\n<\/div><\/div>\n\n\n\n<figure class=\"wp-block-embed is-type-video is-provider-youtube wp-block-embed-youtube wp-embed-aspect-16-9 wp-has-aspect-ratio\"><div class=\"wp-block-embed__wrapper\">\n<div class=\"llorix-one-lite-video-container\"><iframe loading=\"lazy\" title=\"Discover garden animals in France: the most common birds\" width=\"730\" height=\"411\" src=\"https:\/\/www.youtube.com\/embed\/QACNN0gedOo?feature=oembed\" frameborder=\"0\" allow=\"accelerometer; autoplay; clipboard-write; encrypted-media; gyroscope; picture-in-picture; web-share\" allowfullscreen><\/iframe><\/div>\n<\/div><\/figure>\n","protected":false},"excerpt":{"rendered":"<p>ExplorEcoLab The first project Exploratory Ecology is a project named ExplorEcoLab (Exploratory Ecosystems laboratory) on the study of the effects of climate change on the relations between life cycles of Polyommatus icarus,&nbsp;Lasius niger,&nbsp;Lotus corniculatus and&nbsp;Trifolium repens. Summary of the project page : ExplorEcolab Studied species Laboratory Experiments References Publications ExplorCollect The second project Exploratory Ecology<span class=\"read-more-wrap\"><a class=\"moretag\" href=\"https:\/\/www.explorecology.com\/index.php\/en\/project\/\">Lire la suite<span class=\"screen-reader-text\">PROJECTS<\/span><\/a><\/span><\/p>\n","protected":false},"author":2,"featured_media":0,"parent":0,"menu_order":0,"comment_status":"closed","ping_status":"closed","template":"","meta":{"_exactmetrics_skip_tracking":false,"_exactmetrics_sitenote_active":false,"_exactmetrics_sitenote_note":"","_exactmetrics_sitenote_category":0,"footnotes":""},"class_list":["post-232","page","type-page","status-publish","hentry"],"yoast_head":"<!-- This site is optimized with the Yoast SEO plugin v26.6 - https:\/\/yoast.com\/wordpress\/plugins\/seo\/ -->\n<title>PROJECTS - Exploratory Ecology<\/title>\n<meta name=\"robots\" content=\"index, follow, max-snippet:-1, max-image-preview:large, max-video-preview:-1\" \/>\n<link rel=\"canonical\" href=\"https:\/\/www.explorecology.com\/index.php\/en\/project\/\" \/>\n<meta property=\"og:locale\" content=\"fr_FR\" \/>\n<meta property=\"og:type\" content=\"article\" \/>\n<meta property=\"og:title\" content=\"PROJECTS - Exploratory Ecology\" \/>\n<meta property=\"og:description\" content=\"ExplorEcoLab The first project Exploratory Ecology is a project named ExplorEcoLab (Exploratory Ecosystems laboratory) on the study of the effects of climate change on the relations between life cycles of Polyommatus icarus,&nbsp;Lasius niger,&nbsp;Lotus corniculatus and&nbsp;Trifolium repens. Summary of the project page : ExplorEcolab Studied species Laboratory Experiments References Publications ExplorCollect The second project Exploratory EcologyLire la suitePROJECTS\" \/>\n<meta property=\"og:url\" content=\"https:\/\/www.explorecology.com\/index.php\/en\/project\/\" \/>\n<meta property=\"og:site_name\" content=\"Exploratory Ecology\" \/>\n<meta property=\"article:publisher\" content=\"https:\/\/www.facebook.com\/explorecology\/\" \/>\n<meta property=\"article:modified_time\" content=\"2023-05-18T11:30:13+00:00\" \/>\n<meta property=\"og:image\" content=\"http:\/\/www.explorecology.com\/wp-content\/uploads\/2019\/09\/Ochlodes-sylvanus-1024x768.jpg\" \/>\n<meta name=\"twitter:card\" content=\"summary_large_image\" \/>\n<meta name=\"twitter:site\" content=\"@Explorecology\" \/>\n<meta name=\"twitter:label1\" content=\"Dur\u00e9e de lecture estim\u00e9e\" \/>\n\t<meta name=\"twitter:data1\" content=\"3 minutes\" \/>\n<script type=\"application\/ld+json\" class=\"yoast-schema-graph\">{\"@context\":\"https:\/\/schema.org\",\"@graph\":[{\"@type\":\"WebPage\",\"@id\":\"https:\/\/www.explorecology.com\/index.php\/en\/project\/\",\"url\":\"https:\/\/www.explorecology.com\/index.php\/en\/project\/\",\"name\":\"PROJECTS - Exploratory Ecology\",\"isPartOf\":{\"@id\":\"https:\/\/www.explorecology.com\/#website\"},\"primaryImageOfPage\":{\"@id\":\"https:\/\/www.explorecology.com\/index.php\/en\/project\/#primaryimage\"},\"image\":{\"@id\":\"https:\/\/www.explorecology.com\/index.php\/en\/project\/#primaryimage\"},\"thumbnailUrl\":\"http:\/\/www.explorecology.com\/wp-content\/uploads\/2019\/09\/Ochlodes-sylvanus-1024x768.jpg\",\"datePublished\":\"2018-11-18T15:00:48+00:00\",\"dateModified\":\"2023-05-18T11:30:13+00:00\",\"breadcrumb\":{\"@id\":\"https:\/\/www.explorecology.com\/index.php\/en\/project\/#breadcrumb\"},\"inLanguage\":\"fr-FR\",\"potentialAction\":[{\"@type\":\"ReadAction\",\"target\":[\"https:\/\/www.explorecology.com\/index.php\/en\/project\/\"]}]},{\"@type\":\"ImageObject\",\"inLanguage\":\"fr-FR\",\"@id\":\"https:\/\/www.explorecology.com\/index.php\/en\/project\/#primaryimage\",\"url\":\"http:\/\/www.explorecology.com\/wp-content\/uploads\/2019\/09\/Ochlodes-sylvanus-1024x768.jpg\",\"contentUrl\":\"http:\/\/www.explorecology.com\/wp-content\/uploads\/2019\/09\/Ochlodes-sylvanus-1024x768.jpg\"},{\"@type\":\"BreadcrumbList\",\"@id\":\"https:\/\/www.explorecology.com\/index.php\/en\/project\/#breadcrumb\",\"itemListElement\":[{\"@type\":\"ListItem\",\"position\":1,\"name\":\"Accueil\",\"item\":\"https:\/\/www.explorecology.com\/\"},{\"@type\":\"ListItem\",\"position\":2,\"name\":\"PROJECTS\"}]},{\"@type\":\"WebSite\",\"@id\":\"https:\/\/www.explorecology.com\/#website\",\"url\":\"https:\/\/www.explorecology.com\/\",\"name\":\"Exploratory Ecology\",\"description\":\"Association scientifique qui \u00e9tudie les relations entre les esp\u00e8ces et leur environnement pour d\u00e9finir des actions de conservation de la biodiversit\u00e9\",\"publisher\":{\"@id\":\"https:\/\/www.explorecology.com\/#organization\"},\"potentialAction\":[{\"@type\":\"SearchAction\",\"target\":{\"@type\":\"EntryPoint\",\"urlTemplate\":\"https:\/\/www.explorecology.com\/?s={search_term_string}\"},\"query-input\":{\"@type\":\"PropertyValueSpecification\",\"valueRequired\":true,\"valueName\":\"search_term_string\"}}],\"inLanguage\":\"fr-FR\"},{\"@type\":\"Organization\",\"@id\":\"https:\/\/www.explorecology.com\/#organization\",\"name\":\"Exploratory Ecology (ExplorEcology)\",\"url\":\"https:\/\/www.explorecology.com\/\",\"logo\":{\"@type\":\"ImageObject\",\"inLanguage\":\"fr-FR\",\"@id\":\"https:\/\/www.explorecology.com\/#\/schema\/logo\/image\/\",\"url\":\"https:\/\/www.explorecology.com\/wp-content\/uploads\/2019\/07\/logoE2_Good-5-1.jpg\",\"contentUrl\":\"https:\/\/www.explorecology.com\/wp-content\/uploads\/2019\/07\/logoE2_Good-5-1.jpg\",\"width\":1063,\"height\":1066,\"caption\":\"Exploratory Ecology (ExplorEcology)\"},\"image\":{\"@id\":\"https:\/\/www.explorecology.com\/#\/schema\/logo\/image\/\"},\"sameAs\":[\"https:\/\/www.facebook.com\/explorecology\/\",\"https:\/\/x.com\/Explorecology\",\"https:\/\/www.instagram.com\/explorecology\"]}]}<\/script>\n<!-- \/ Yoast SEO plugin. -->","yoast_head_json":{"title":"PROJECTS - Exploratory Ecology","robots":{"index":"index","follow":"follow","max-snippet":"max-snippet:-1","max-image-preview":"max-image-preview:large","max-video-preview":"max-video-preview:-1"},"canonical":"https:\/\/www.explorecology.com\/index.php\/en\/project\/","og_locale":"fr_FR","og_type":"article","og_title":"PROJECTS - Exploratory Ecology","og_description":"ExplorEcoLab The first project Exploratory Ecology is a project named ExplorEcoLab (Exploratory Ecosystems laboratory) on the study of the effects of climate change on the relations between life cycles of Polyommatus icarus,&nbsp;Lasius niger,&nbsp;Lotus corniculatus and&nbsp;Trifolium repens. Summary of the project page : ExplorEcolab Studied species Laboratory Experiments References Publications ExplorCollect The second project Exploratory EcologyLire la suitePROJECTS","og_url":"https:\/\/www.explorecology.com\/index.php\/en\/project\/","og_site_name":"Exploratory Ecology","article_publisher":"https:\/\/www.facebook.com\/explorecology\/","article_modified_time":"2023-05-18T11:30:13+00:00","og_image":[{"url":"http:\/\/www.explorecology.com\/wp-content\/uploads\/2019\/09\/Ochlodes-sylvanus-1024x768.jpg","type":"","width":"","height":""}],"twitter_card":"summary_large_image","twitter_site":"@Explorecology","twitter_misc":{"Dur\u00e9e de lecture estim\u00e9e":"3 minutes"},"schema":{"@context":"https:\/\/schema.org","@graph":[{"@type":"WebPage","@id":"https:\/\/www.explorecology.com\/index.php\/en\/project\/","url":"https:\/\/www.explorecology.com\/index.php\/en\/project\/","name":"PROJECTS - Exploratory Ecology","isPartOf":{"@id":"https:\/\/www.explorecology.com\/#website"},"primaryImageOfPage":{"@id":"https:\/\/www.explorecology.com\/index.php\/en\/project\/#primaryimage"},"image":{"@id":"https:\/\/www.explorecology.com\/index.php\/en\/project\/#primaryimage"},"thumbnailUrl":"http:\/\/www.explorecology.com\/wp-content\/uploads\/2019\/09\/Ochlodes-sylvanus-1024x768.jpg","datePublished":"2018-11-18T15:00:48+00:00","dateModified":"2023-05-18T11:30:13+00:00","breadcrumb":{"@id":"https:\/\/www.explorecology.com\/index.php\/en\/project\/#breadcrumb"},"inLanguage":"fr-FR","potentialAction":[{"@type":"ReadAction","target":["https:\/\/www.explorecology.com\/index.php\/en\/project\/"]}]},{"@type":"ImageObject","inLanguage":"fr-FR","@id":"https:\/\/www.explorecology.com\/index.php\/en\/project\/#primaryimage","url":"http:\/\/www.explorecology.com\/wp-content\/uploads\/2019\/09\/Ochlodes-sylvanus-1024x768.jpg","contentUrl":"http:\/\/www.explorecology.com\/wp-content\/uploads\/2019\/09\/Ochlodes-sylvanus-1024x768.jpg"},{"@type":"BreadcrumbList","@id":"https:\/\/www.explorecology.com\/index.php\/en\/project\/#breadcrumb","itemListElement":[{"@type":"ListItem","position":1,"name":"Accueil","item":"https:\/\/www.explorecology.com\/"},{"@type":"ListItem","position":2,"name":"PROJECTS"}]},{"@type":"WebSite","@id":"https:\/\/www.explorecology.com\/#website","url":"https:\/\/www.explorecology.com\/","name":"Exploratory Ecology","description":"Association scientifique qui \u00e9tudie les relations entre les esp\u00e8ces et leur environnement pour d\u00e9finir des actions de conservation de la biodiversit\u00e9","publisher":{"@id":"https:\/\/www.explorecology.com\/#organization"},"potentialAction":[{"@type":"SearchAction","target":{"@type":"EntryPoint","urlTemplate":"https:\/\/www.explorecology.com\/?s={search_term_string}"},"query-input":{"@type":"PropertyValueSpecification","valueRequired":true,"valueName":"search_term_string"}}],"inLanguage":"fr-FR"},{"@type":"Organization","@id":"https:\/\/www.explorecology.com\/#organization","name":"Exploratory Ecology (ExplorEcology)","url":"https:\/\/www.explorecology.com\/","logo":{"@type":"ImageObject","inLanguage":"fr-FR","@id":"https:\/\/www.explorecology.com\/#\/schema\/logo\/image\/","url":"https:\/\/www.explorecology.com\/wp-content\/uploads\/2019\/07\/logoE2_Good-5-1.jpg","contentUrl":"https:\/\/www.explorecology.com\/wp-content\/uploads\/2019\/07\/logoE2_Good-5-1.jpg","width":1063,"height":1066,"caption":"Exploratory Ecology (ExplorEcology)"},"image":{"@id":"https:\/\/www.explorecology.com\/#\/schema\/logo\/image\/"},"sameAs":["https:\/\/www.facebook.com\/explorecology\/","https:\/\/x.com\/Explorecology","https:\/\/www.instagram.com\/explorecology"]}]}},"_links":{"self":[{"href":"https:\/\/www.explorecology.com\/index.php\/wp-json\/wp\/v2\/pages\/232","targetHints":{"allow":["GET"]}}],"collection":[{"href":"https:\/\/www.explorecology.com\/index.php\/wp-json\/wp\/v2\/pages"}],"about":[{"href":"https:\/\/www.explorecology.com\/index.php\/wp-json\/wp\/v2\/types\/page"}],"author":[{"embeddable":true,"href":"https:\/\/www.explorecology.com\/index.php\/wp-json\/wp\/v2\/users\/2"}],"replies":[{"embeddable":true,"href":"https:\/\/www.explorecology.com\/index.php\/wp-json\/wp\/v2\/comments?post=232"}],"version-history":[{"count":36,"href":"https:\/\/www.explorecology.com\/index.php\/wp-json\/wp\/v2\/pages\/232\/revisions"}],"predecessor-version":[{"id":4015,"href":"https:\/\/www.explorecology.com\/index.php\/wp-json\/wp\/v2\/pages\/232\/revisions\/4015"}],"wp:attachment":[{"href":"https:\/\/www.explorecology.com\/index.php\/wp-json\/wp\/v2\/media?parent=232"}],"curies":[{"name":"wp","href":"https:\/\/api.w.org\/{rel}","templated":true}]}}