{"id":15,"date":"2018-11-07T21:42:27","date_gmt":"2018-11-07T20:42:27","guid":{"rendered":"http:\/\/explorecology.com\/?page_id=15"},"modified":"2023-05-22T22:16:08","modified_gmt":"2023-05-22T20:16:08","slug":"projets","status":"publish","type":"page","link":"https:\/\/www.explorecology.com\/index.php\/projets\/","title":{"rendered":"Projets"},"content":{"rendered":"\n<h2 class=\"wp-block-heading\">ExoplorEcoLab<\/h2>\n\n\n\n<p>Le premier projet Exploratory Ecology est un projet nomm\u00e9 <a href=\"http:\/\/www.explorecology.com\/index.php\/projets\/exploecolab\/\">ExplorEcoLab<\/a> (Exploratory Ecosystems laboratory) sur l&rsquo;\u00e9tude des effets du changement climatique sur les relations entre les <a href=\"http:\/\/www.explorecology.com\/index.php\/projets\/especes-etudiees\/\">cycles biologiques de <\/a><em><a href=\"http:\/\/www.explorecology.com\/index.php\/projets\/especes-etudiees\/\">Polyommatus icarus<\/a><\/em><a href=\"http:\/\/www.explorecology.com\/index.php\/projets\/especes-etudiees\/\">, <\/a><em><a href=\"http:\/\/www.explorecology.com\/index.php\/projets\/especes-etudiees\/\">Lasius niger<\/a><\/em><a href=\"http:\/\/www.explorecology.com\/index.php\/projets\/especes-etudiees\/\">, <\/a><em><a href=\"http:\/\/www.explorecology.com\/index.php\/projets\/especes-etudiees\/\">Lotus corniculatus <\/a>et<\/em><a href=\"http:\/\/www.explorecology.com\/index.php\/projets\/especes-etudiees\/\"> <\/a><em><a href=\"http:\/\/www.explorecology.com\/index.php\/projets\/especes-etudiees\/\">Trifolium repens<\/a>.<\/em><\/p>\n\n\n\n<p>Sommaire de la page projet :<\/p>\n\n\n\n<ul class=\"wp-block-list\"><li><a href=\"http:\/\/www.explorecology.com\/index.php\/projets\/exploecolab\/\">ExplorEcolab<\/a><\/li><li><a href=\"http:\/\/www.explorecology.com\/index.php\/projets\/especes-etudiees\/\">Esp\u00e8ces \u00e9tudi\u00e9es<\/a><\/li><li><a href=\"http:\/\/www.explorecology.com\/index.php\/projets\/laboratoire\/\">Laboratoire<\/a><\/li><li><a href=\"http:\/\/www.explorecology.com\/index.php\/projets\/experiences\/\">Exp\u00e9riences<\/a><\/li><li><a href=\"http:\/\/www.explorecology.com\/index.php\/projets\/bibliographie\/\">Bibliographie<\/a><\/li><li><a href=\"http:\/\/www.explorecology.com\/index.php\/projets\/publications\/\">Publications<\/a><\/li><\/ul>\n\n\n\n<figure class=\"wp-block-embed is-type-video is-provider-youtube wp-block-embed-youtube wp-embed-aspect-16-9 wp-has-aspect-ratio\"><div class=\"wp-block-embed__wrapper\">\n<div class=\"llorix-one-lite-video-container\"><iframe loading=\"lazy\" title=\"Relations entre fourmis et papillons\" width=\"730\" height=\"411\" src=\"https:\/\/www.youtube.com\/embed\/AcusaSTa6-U?feature=oembed\" frameborder=\"0\" allow=\"accelerometer; autoplay; clipboard-write; encrypted-media; gyroscope; picture-in-picture; web-share\" allowfullscreen><\/iframe><\/div>\n<\/div><\/figure>\n\n\n\n<h2 class=\"wp-block-heading\">ExplorCollect<\/h2>\n\n\n\n<p>Le deuxi\u00e8me projet Exploratory Ecology est un projet nomm\u00e9 <a href=\"http:\/\/www.explorecology.com\/index.php\/projets\/explorcollect\/\">ExplorCollect<\/a> (Exploratory collection) sur la cr\u00e9ation d\u2019une collection photographique et de suivis des <a href=\"http:\/\/www.explorecology.com\/index.php\/papillons-de-france\/\">papillons de France<\/a>, <a href=\"http:\/\/www.explorecology.com\/index.php\/projets\/explorcollect\/papillons-au-nigeria\/\">du Nigeria<\/a> et <a href=\"http:\/\/www.explorecology.com\/index.php\/papillons-du-monde\/\">du monde<\/a>.<\/p>\n\n\n\n<p>Sommaire de la page projet :<\/p>\n\n\n\n<ul class=\"wp-block-list\"><li><a href=\"http:\/\/www.explorecology.com\/index.php\/projets\/explorcollect\/\">ExplorCollect<\/a><\/li><li><a href=\"http:\/\/www.explorecology.com\/index.php\/base-de-donnees\/\">Base de donn\u00e9es<\/a><\/li><li><a href=\"http:\/\/www.explorecology.com\/index.php\/papillons-de-france\/\">Papillons de France<\/a><\/li><li><a href=\"http:\/\/www.explorecology.com\/index.php\/papillons-du-monde\/\">Papillons du monde<\/a><\/li><li><a href=\"http:\/\/www.explorecology.com\/index.php\/projets\/explorcollect\/papillons-au-nigeria\/\">Papillons du Nigeria<\/a><\/li><li> <a href=\"http:\/\/www.explorecology.com\/index.php\/projets\/bibliographie\/\">Bibliographie<\/a><\/li><li><a href=\"http:\/\/www.explorecology.com\/index.php\/projets\/publications\/\">Publications<\/a> <\/li><\/ul>\n\n\n\n<figure class=\"wp-block-gallery columns-3 is-cropped wp-block-gallery-1 is-layout-flex wp-block-gallery-is-layout-flex\"><ul class=\"blocks-gallery-grid\"><li class=\"blocks-gallery-item\"><figure><img loading=\"lazy\" decoding=\"async\" width=\"1024\" height=\"768\" src=\"http:\/\/www.explorecology.com\/wp-content\/uploads\/2019\/09\/Ochlodes-sylvanus-1024x768.jpg\" alt=\"\" data-id=\"1322\" data-link=\"http:\/\/www.explorecology.com\/index.php\/papillons-de-france\/ochlodes-sylvanus\/\" class=\"wp-image-1322\" srcset=\"https:\/\/www.explorecology.com\/wp-content\/uploads\/2019\/09\/Ochlodes-sylvanus-1024x768.jpg 1024w, https:\/\/www.explorecology.com\/wp-content\/uploads\/2019\/09\/Ochlodes-sylvanus-300x225.jpg 300w, https:\/\/www.explorecology.com\/wp-content\/uploads\/2019\/09\/Ochlodes-sylvanus-768x576.jpg 768w\" sizes=\"auto, (max-width: 1024px) 100vw, 1024px\" \/><\/figure><\/li><li class=\"blocks-gallery-item\"><figure><img loading=\"lazy\" decoding=\"async\" width=\"1024\" height=\"768\" src=\"http:\/\/www.explorecology.com\/wp-content\/uploads\/2019\/09\/Melanargia-galathea-1024x768.jpg\" alt=\"\" data-id=\"1318\" data-link=\"http:\/\/www.explorecology.com\/index.php\/papillons-de-france\/melanargia-galathea\/\" class=\"wp-image-1318\" srcset=\"https:\/\/www.explorecology.com\/wp-content\/uploads\/2019\/09\/Melanargia-galathea-1024x768.jpg 1024w, https:\/\/www.explorecology.com\/wp-content\/uploads\/2019\/09\/Melanargia-galathea-300x225.jpg 300w, https:\/\/www.explorecology.com\/wp-content\/uploads\/2019\/09\/Melanargia-galathea-768x576.jpg 768w\" sizes=\"auto, (max-width: 1024px) 100vw, 1024px\" \/><\/figure><\/li><li class=\"blocks-gallery-item\"><figure><img loading=\"lazy\" decoding=\"async\" width=\"553\" height=\"553\" src=\"https:\/\/www.explorecology.com\/wp-content\/uploads\/2019\/01\/resize-500.jpg\" alt=\"\" data-id=\"445\" data-full-url=\"https:\/\/www.explorecology.com\/wp-content\/uploads\/2019\/01\/resize-500.jpg\" data-link=\"https:\/\/www.explorecology.com\/resize-500\/\" class=\"wp-image-445\" srcset=\"https:\/\/www.explorecology.com\/wp-content\/uploads\/2019\/01\/resize-500.jpg 553w, https:\/\/www.explorecology.com\/wp-content\/uploads\/2019\/01\/resize-500-150x150.jpg 150w, https:\/\/www.explorecology.com\/wp-content\/uploads\/2019\/01\/resize-500-300x300.jpg 300w\" sizes=\"auto, (max-width: 553px) 100vw, 553px\" \/><\/figure><\/li><li class=\"blocks-gallery-item\"><figure><img loading=\"lazy\" decoding=\"async\" width=\"1024\" height=\"768\" src=\"http:\/\/www.explorecology.com\/wp-content\/uploads\/2019\/09\/Limenitis-reducta-1024x768.jpg\" alt=\"\" data-id=\"1314\" data-link=\"http:\/\/www.explorecology.com\/index.php\/papillons-de-france\/limenitis-reducta\/\" class=\"wp-image-1314\" srcset=\"https:\/\/www.explorecology.com\/wp-content\/uploads\/2019\/09\/Limenitis-reducta-1024x768.jpg 1024w, https:\/\/www.explorecology.com\/wp-content\/uploads\/2019\/09\/Limenitis-reducta-300x225.jpg 300w, https:\/\/www.explorecology.com\/wp-content\/uploads\/2019\/09\/Limenitis-reducta-768x576.jpg 768w\" sizes=\"auto, (max-width: 1024px) 100vw, 1024px\" \/><\/figure><\/li><li class=\"blocks-gallery-item\"><figure><img loading=\"lazy\" decoding=\"async\" width=\"1024\" height=\"768\" src=\"http:\/\/www.explorecology.com\/wp-content\/uploads\/2019\/09\/Vanessa-atalanta-1024x768.jpg\" alt=\"\" data-id=\"1332\" data-link=\"http:\/\/www.explorecology.com\/index.php\/papillons-de-france\/vanessa-atalanta\/\" class=\"wp-image-1332\" srcset=\"https:\/\/www.explorecology.com\/wp-content\/uploads\/2019\/09\/Vanessa-atalanta-1024x768.jpg 1024w, https:\/\/www.explorecology.com\/wp-content\/uploads\/2019\/09\/Vanessa-atalanta-300x225.jpg 300w, https:\/\/www.explorecology.com\/wp-content\/uploads\/2019\/09\/Vanessa-atalanta-768x576.jpg 768w\" sizes=\"auto, (max-width: 1024px) 100vw, 1024px\" \/><\/figure><\/li><li class=\"blocks-gallery-item\"><figure><img loading=\"lazy\" decoding=\"async\" width=\"1024\" height=\"848\" src=\"http:\/\/www.explorecology.com\/wp-content\/uploads\/2019\/09\/Vanessa-cardui-1024x848.jpg\" alt=\"\" data-id=\"1333\" data-link=\"http:\/\/www.explorecology.com\/index.php\/papillons-de-france\/vanessa-cardui\/\" class=\"wp-image-1333\" srcset=\"https:\/\/www.explorecology.com\/wp-content\/uploads\/2019\/09\/Vanessa-cardui-1024x848.jpg 1024w, https:\/\/www.explorecology.com\/wp-content\/uploads\/2019\/09\/Vanessa-cardui-300x248.jpg 300w, https:\/\/www.explorecology.com\/wp-content\/uploads\/2019\/09\/Vanessa-cardui-768x636.jpg 768w, https:\/\/www.explorecology.com\/wp-content\/uploads\/2019\/09\/Vanessa-cardui.jpg 1308w\" sizes=\"auto, (max-width: 1024px) 100vw, 1024px\" \/><\/figure><\/li><li class=\"blocks-gallery-item\"><figure><img loading=\"lazy\" decoding=\"async\" width=\"1024\" height=\"683\" src=\"http:\/\/www.explorecology.com\/wp-content\/uploads\/2019\/09\/Euphydryas-aurinia-1024x683.jpg\" alt=\"\" data-id=\"1311\" data-link=\"http:\/\/www.explorecology.com\/index.php\/papillons-de-france\/euphydryas-aurinia\/\" class=\"wp-image-1311\" srcset=\"https:\/\/www.explorecology.com\/wp-content\/uploads\/2019\/09\/Euphydryas-aurinia-1024x683.jpg 1024w, https:\/\/www.explorecology.com\/wp-content\/uploads\/2019\/09\/Euphydryas-aurinia-300x200.jpg 300w, https:\/\/www.explorecology.com\/wp-content\/uploads\/2019\/09\/Euphydryas-aurinia-768x512.jpg 768w\" sizes=\"auto, (max-width: 1024px) 100vw, 1024px\" \/><\/figure><\/li><\/ul><\/figure>\n\n\n\n<h2 class=\"wp-block-heading\">ExplorPublic<\/h2>\n\n\n\n<p>Le troisi\u00e8me projet <a href=\"http:\/\/www.explorecology.com\/index.php\/projets\/explorpublic\/\">ExplorPublic<\/a> (Exploratory Public awareness) est un projet de sensibilisation de tous les publics \u00e0 la protection de la biodiversit\u00e9 par diff\u00e9rentes actions : <a href=\"https:\/\/www.explorecology.com\/index.php\/projets\/explorpublic\/explornature\/\">Sorties nature<\/a>, <a href=\"http:\/\/www.explorecology.com\/index.php\/projets\/explorpublic\/reseaux-sociaux\/\">R\u00e9seaux sociaux<\/a>, <a href=\"http:\/\/www.explorecology.com\/index.php\/projets\/explorpublic\/videos-expositions\/\">expositions, vid\u00e9os<\/a>, stands, conf\u00e9rences,&#8230;<\/p>\n\n\n\n<div class=\"wp-block-group\"><div class=\"wp-block-group__inner-container is-layout-flow wp-block-group-is-layout-flow\">\n<figure class=\"wp-block-gallery columns-2 is-cropped wp-block-gallery-2 is-layout-flex wp-block-gallery-is-layout-flex\"><ul class=\"blocks-gallery-grid\"><li class=\"blocks-gallery-item\"><figure><img loading=\"lazy\" decoding=\"async\" width=\"661\" height=\"1024\" src=\"https:\/\/www.explorecology.com\/wp-content\/uploads\/2022\/11\/Exposition_Papillon-661x1024.png\" alt=\"\" data-id=\"3776\" data-full-url=\"https:\/\/www.explorecology.com\/wp-content\/uploads\/2022\/11\/Exposition_Papillon.png\" data-link=\"https:\/\/www.explorecology.com\/index.php\/projets\/explorpublic\/videos-expositions\/exposition_papillon\/\" class=\"wp-image-3776\" srcset=\"https:\/\/www.explorecology.com\/wp-content\/uploads\/2022\/11\/Exposition_Papillon-661x1024.png 661w, https:\/\/www.explorecology.com\/wp-content\/uploads\/2022\/11\/Exposition_Papillon-194x300.png 194w, https:\/\/www.explorecology.com\/wp-content\/uploads\/2022\/11\/Exposition_Papillon-768x1189.png 768w, https:\/\/www.explorecology.com\/wp-content\/uploads\/2022\/11\/Exposition_Papillon.png 812w\" sizes=\"auto, (max-width: 661px) 100vw, 661px\" \/><\/figure><\/li><li class=\"blocks-gallery-item\"><figure><img loading=\"lazy\" decoding=\"async\" width=\"663\" height=\"1024\" src=\"https:\/\/www.explorecology.com\/wp-content\/uploads\/2022\/11\/Affiche_Exposition-fourmis-01-663x1024.png\" alt=\"\" data-id=\"3764\" data-full-url=\"https:\/\/www.explorecology.com\/wp-content\/uploads\/2022\/11\/Affiche_Exposition-fourmis-01.png\" data-link=\"https:\/\/www.explorecology.com\/index.php\/2022\/11\/18\/exposition-sur-lunivers-des-fourmis\/affiche_exposition-fourmis-01\/\" class=\"wp-image-3764\" srcset=\"https:\/\/www.explorecology.com\/wp-content\/uploads\/2022\/11\/Affiche_Exposition-fourmis-01-663x1024.png 663w, https:\/\/www.explorecology.com\/wp-content\/uploads\/2022\/11\/Affiche_Exposition-fourmis-01-194x300.png 194w, https:\/\/www.explorecology.com\/wp-content\/uploads\/2022\/11\/Affiche_Exposition-fourmis-01-768x1187.png 768w, https:\/\/www.explorecology.com\/wp-content\/uploads\/2022\/11\/Affiche_Exposition-fourmis-01-994x1536.png 994w, https:\/\/www.explorecology.com\/wp-content\/uploads\/2022\/11\/Affiche_Exposition-fourmis-01-1325x2048.png 1325w\" sizes=\"auto, (max-width: 663px) 100vw, 663px\" \/><\/figure><\/li><\/ul><\/figure>\n\n\n\n<p><\/p>\n<\/div><\/div>\n\n\n\n<figure class=\"wp-block-embed is-type-video is-provider-youtube wp-block-embed-youtube wp-embed-aspect-16-9 wp-has-aspect-ratio\"><div class=\"wp-block-embed__wrapper\">\n<div class=\"llorix-one-lite-video-container\"><iframe loading=\"lazy\" title=\"D\u00e9couvrir les animaux du jardin en France : les oiseaux les plus fr\u00e9quents\" width=\"730\" height=\"411\" src=\"https:\/\/www.youtube.com\/embed\/xH2J-zLnOAs?feature=oembed\" frameborder=\"0\" allow=\"accelerometer; autoplay; clipboard-write; encrypted-media; gyroscope; picture-in-picture; web-share\" allowfullscreen><\/iframe><\/div>\n<\/div><\/figure>\n","protected":false},"excerpt":{"rendered":"<p>ExoplorEcoLab Le premier projet Exploratory Ecology est un projet nomm\u00e9 ExplorEcoLab (Exploratory Ecosystems laboratory) sur l&rsquo;\u00e9tude des effets du changement climatique sur les relations entre les cycles biologiques de Polyommatus icarus, Lasius niger, Lotus corniculatus et Trifolium repens. Sommaire de la page projet : ExplorEcolab Esp\u00e8ces \u00e9tudi\u00e9es Laboratoire Exp\u00e9riences Bibliographie Publications ExplorCollect Le deuxi\u00e8me projet<span class=\"read-more-wrap\"><a class=\"moretag\" href=\"https:\/\/www.explorecology.com\/index.php\/projets\/\">Lire la suite<span class=\"screen-reader-text\">Projets<\/span><\/a><\/span><\/p>\n","protected":false},"author":2,"featured_media":0,"parent":0,"menu_order":0,"comment_status":"closed","ping_status":"closed","template":"","meta":{"_exactmetrics_skip_tracking":false,"_exactmetrics_sitenote_active":false,"_exactmetrics_sitenote_note":"","_exactmetrics_sitenote_category":0,"footnotes":""},"class_list":["post-15","page","type-page","status-publish","hentry"],"yoast_head":"<!-- This site is optimized with the Yoast SEO plugin v26.6 - https:\/\/yoast.com\/wordpress\/plugins\/seo\/ -->\n<title>Projets - Exploratory Ecology<\/title>\n<meta name=\"robots\" content=\"index, follow, max-snippet:-1, max-image-preview:large, max-video-preview:-1\" \/>\n<link rel=\"canonical\" href=\"https:\/\/www.explorecology.com\/index.php\/projets\/\" \/>\n<meta property=\"og:locale\" content=\"fr_FR\" \/>\n<meta property=\"og:type\" content=\"article\" \/>\n<meta property=\"og:title\" content=\"Projets - Exploratory Ecology\" \/>\n<meta property=\"og:description\" content=\"ExoplorEcoLab Le premier projet Exploratory Ecology est un projet nomm\u00e9 ExplorEcoLab (Exploratory Ecosystems laboratory) sur l&rsquo;\u00e9tude des effets du changement climatique sur les relations entre les cycles biologiques de Polyommatus icarus, Lasius niger, Lotus corniculatus et Trifolium repens. Sommaire de la page projet : ExplorEcolab Esp\u00e8ces \u00e9tudi\u00e9es Laboratoire Exp\u00e9riences Bibliographie Publications ExplorCollect Le deuxi\u00e8me projetLire la suiteProjets\" \/>\n<meta property=\"og:url\" content=\"https:\/\/www.explorecology.com\/index.php\/projets\/\" \/>\n<meta property=\"og:site_name\" content=\"Exploratory Ecology\" \/>\n<meta property=\"article:publisher\" content=\"https:\/\/www.facebook.com\/explorecology\/\" \/>\n<meta property=\"article:modified_time\" content=\"2023-05-22T20:16:08+00:00\" \/>\n<meta property=\"og:image\" content=\"http:\/\/www.explorecology.com\/wp-content\/uploads\/2019\/09\/Ochlodes-sylvanus-1024x768.jpg\" \/>\n<meta name=\"twitter:card\" content=\"summary_large_image\" \/>\n<meta name=\"twitter:site\" content=\"@Explorecology\" \/>\n<meta name=\"twitter:label1\" content=\"Dur\u00e9e de lecture estim\u00e9e\" \/>\n\t<meta name=\"twitter:data1\" content=\"3 minutes\" \/>\n<script type=\"application\/ld+json\" class=\"yoast-schema-graph\">{\"@context\":\"https:\/\/schema.org\",\"@graph\":[{\"@type\":\"WebPage\",\"@id\":\"https:\/\/www.explorecology.com\/index.php\/projets\/\",\"url\":\"https:\/\/www.explorecology.com\/index.php\/projets\/\",\"name\":\"Projets - Exploratory Ecology\",\"isPartOf\":{\"@id\":\"https:\/\/www.explorecology.com\/#website\"},\"primaryImageOfPage\":{\"@id\":\"https:\/\/www.explorecology.com\/index.php\/projets\/#primaryimage\"},\"image\":{\"@id\":\"https:\/\/www.explorecology.com\/index.php\/projets\/#primaryimage\"},\"thumbnailUrl\":\"http:\/\/www.explorecology.com\/wp-content\/uploads\/2019\/09\/Ochlodes-sylvanus-1024x768.jpg\",\"datePublished\":\"2018-11-07T20:42:27+00:00\",\"dateModified\":\"2023-05-22T20:16:08+00:00\",\"breadcrumb\":{\"@id\":\"https:\/\/www.explorecology.com\/index.php\/projets\/#breadcrumb\"},\"inLanguage\":\"fr-FR\",\"potentialAction\":[{\"@type\":\"ReadAction\",\"target\":[\"https:\/\/www.explorecology.com\/index.php\/projets\/\"]}]},{\"@type\":\"ImageObject\",\"inLanguage\":\"fr-FR\",\"@id\":\"https:\/\/www.explorecology.com\/index.php\/projets\/#primaryimage\",\"url\":\"http:\/\/www.explorecology.com\/wp-content\/uploads\/2019\/09\/Ochlodes-sylvanus-1024x768.jpg\",\"contentUrl\":\"http:\/\/www.explorecology.com\/wp-content\/uploads\/2019\/09\/Ochlodes-sylvanus-1024x768.jpg\"},{\"@type\":\"BreadcrumbList\",\"@id\":\"https:\/\/www.explorecology.com\/index.php\/projets\/#breadcrumb\",\"itemListElement\":[{\"@type\":\"ListItem\",\"position\":1,\"name\":\"Accueil\",\"item\":\"https:\/\/www.explorecology.com\/\"},{\"@type\":\"ListItem\",\"position\":2,\"name\":\"Projets\"}]},{\"@type\":\"WebSite\",\"@id\":\"https:\/\/www.explorecology.com\/#website\",\"url\":\"https:\/\/www.explorecology.com\/\",\"name\":\"Exploratory Ecology\",\"description\":\"Association scientifique qui \u00e9tudie les relations entre les esp\u00e8ces et leur environnement pour d\u00e9finir des actions de conservation de la biodiversit\u00e9\",\"publisher\":{\"@id\":\"https:\/\/www.explorecology.com\/#organization\"},\"potentialAction\":[{\"@type\":\"SearchAction\",\"target\":{\"@type\":\"EntryPoint\",\"urlTemplate\":\"https:\/\/www.explorecology.com\/?s={search_term_string}\"},\"query-input\":{\"@type\":\"PropertyValueSpecification\",\"valueRequired\":true,\"valueName\":\"search_term_string\"}}],\"inLanguage\":\"fr-FR\"},{\"@type\":\"Organization\",\"@id\":\"https:\/\/www.explorecology.com\/#organization\",\"name\":\"Exploratory Ecology (ExplorEcology)\",\"url\":\"https:\/\/www.explorecology.com\/\",\"logo\":{\"@type\":\"ImageObject\",\"inLanguage\":\"fr-FR\",\"@id\":\"https:\/\/www.explorecology.com\/#\/schema\/logo\/image\/\",\"url\":\"https:\/\/www.explorecology.com\/wp-content\/uploads\/2019\/07\/logoE2_Good-5-1.jpg\",\"contentUrl\":\"https:\/\/www.explorecology.com\/wp-content\/uploads\/2019\/07\/logoE2_Good-5-1.jpg\",\"width\":1063,\"height\":1066,\"caption\":\"Exploratory Ecology (ExplorEcology)\"},\"image\":{\"@id\":\"https:\/\/www.explorecology.com\/#\/schema\/logo\/image\/\"},\"sameAs\":[\"https:\/\/www.facebook.com\/explorecology\/\",\"https:\/\/x.com\/Explorecology\",\"https:\/\/www.instagram.com\/explorecology\"]}]}<\/script>\n<!-- \/ Yoast SEO plugin. -->","yoast_head_json":{"title":"Projets - Exploratory Ecology","robots":{"index":"index","follow":"follow","max-snippet":"max-snippet:-1","max-image-preview":"max-image-preview:large","max-video-preview":"max-video-preview:-1"},"canonical":"https:\/\/www.explorecology.com\/index.php\/projets\/","og_locale":"fr_FR","og_type":"article","og_title":"Projets - Exploratory Ecology","og_description":"ExoplorEcoLab Le premier projet Exploratory Ecology est un projet nomm\u00e9 ExplorEcoLab (Exploratory Ecosystems laboratory) sur l&rsquo;\u00e9tude des effets du changement climatique sur les relations entre les cycles biologiques de Polyommatus icarus, Lasius niger, Lotus corniculatus et Trifolium repens. Sommaire de la page projet : ExplorEcolab Esp\u00e8ces \u00e9tudi\u00e9es Laboratoire Exp\u00e9riences Bibliographie Publications ExplorCollect Le deuxi\u00e8me projetLire la suiteProjets","og_url":"https:\/\/www.explorecology.com\/index.php\/projets\/","og_site_name":"Exploratory Ecology","article_publisher":"https:\/\/www.facebook.com\/explorecology\/","article_modified_time":"2023-05-22T20:16:08+00:00","og_image":[{"url":"http:\/\/www.explorecology.com\/wp-content\/uploads\/2019\/09\/Ochlodes-sylvanus-1024x768.jpg","type":"","width":"","height":""}],"twitter_card":"summary_large_image","twitter_site":"@Explorecology","twitter_misc":{"Dur\u00e9e de lecture estim\u00e9e":"3 minutes"},"schema":{"@context":"https:\/\/schema.org","@graph":[{"@type":"WebPage","@id":"https:\/\/www.explorecology.com\/index.php\/projets\/","url":"https:\/\/www.explorecology.com\/index.php\/projets\/","name":"Projets - Exploratory Ecology","isPartOf":{"@id":"https:\/\/www.explorecology.com\/#website"},"primaryImageOfPage":{"@id":"https:\/\/www.explorecology.com\/index.php\/projets\/#primaryimage"},"image":{"@id":"https:\/\/www.explorecology.com\/index.php\/projets\/#primaryimage"},"thumbnailUrl":"http:\/\/www.explorecology.com\/wp-content\/uploads\/2019\/09\/Ochlodes-sylvanus-1024x768.jpg","datePublished":"2018-11-07T20:42:27+00:00","dateModified":"2023-05-22T20:16:08+00:00","breadcrumb":{"@id":"https:\/\/www.explorecology.com\/index.php\/projets\/#breadcrumb"},"inLanguage":"fr-FR","potentialAction":[{"@type":"ReadAction","target":["https:\/\/www.explorecology.com\/index.php\/projets\/"]}]},{"@type":"ImageObject","inLanguage":"fr-FR","@id":"https:\/\/www.explorecology.com\/index.php\/projets\/#primaryimage","url":"http:\/\/www.explorecology.com\/wp-content\/uploads\/2019\/09\/Ochlodes-sylvanus-1024x768.jpg","contentUrl":"http:\/\/www.explorecology.com\/wp-content\/uploads\/2019\/09\/Ochlodes-sylvanus-1024x768.jpg"},{"@type":"BreadcrumbList","@id":"https:\/\/www.explorecology.com\/index.php\/projets\/#breadcrumb","itemListElement":[{"@type":"ListItem","position":1,"name":"Accueil","item":"https:\/\/www.explorecology.com\/"},{"@type":"ListItem","position":2,"name":"Projets"}]},{"@type":"WebSite","@id":"https:\/\/www.explorecology.com\/#website","url":"https:\/\/www.explorecology.com\/","name":"Exploratory Ecology","description":"Association scientifique qui \u00e9tudie les relations entre les esp\u00e8ces et leur environnement pour d\u00e9finir des actions de conservation de la biodiversit\u00e9","publisher":{"@id":"https:\/\/www.explorecology.com\/#organization"},"potentialAction":[{"@type":"SearchAction","target":{"@type":"EntryPoint","urlTemplate":"https:\/\/www.explorecology.com\/?s={search_term_string}"},"query-input":{"@type":"PropertyValueSpecification","valueRequired":true,"valueName":"search_term_string"}}],"inLanguage":"fr-FR"},{"@type":"Organization","@id":"https:\/\/www.explorecology.com\/#organization","name":"Exploratory Ecology (ExplorEcology)","url":"https:\/\/www.explorecology.com\/","logo":{"@type":"ImageObject","inLanguage":"fr-FR","@id":"https:\/\/www.explorecology.com\/#\/schema\/logo\/image\/","url":"https:\/\/www.explorecology.com\/wp-content\/uploads\/2019\/07\/logoE2_Good-5-1.jpg","contentUrl":"https:\/\/www.explorecology.com\/wp-content\/uploads\/2019\/07\/logoE2_Good-5-1.jpg","width":1063,"height":1066,"caption":"Exploratory Ecology (ExplorEcology)"},"image":{"@id":"https:\/\/www.explorecology.com\/#\/schema\/logo\/image\/"},"sameAs":["https:\/\/www.facebook.com\/explorecology\/","https:\/\/x.com\/Explorecology","https:\/\/www.instagram.com\/explorecology"]}]}},"_links":{"self":[{"href":"https:\/\/www.explorecology.com\/index.php\/wp-json\/wp\/v2\/pages\/15","targetHints":{"allow":["GET"]}}],"collection":[{"href":"https:\/\/www.explorecology.com\/index.php\/wp-json\/wp\/v2\/pages"}],"about":[{"href":"https:\/\/www.explorecology.com\/index.php\/wp-json\/wp\/v2\/types\/page"}],"author":[{"embeddable":true,"href":"https:\/\/www.explorecology.com\/index.php\/wp-json\/wp\/v2\/users\/2"}],"replies":[{"embeddable":true,"href":"https:\/\/www.explorecology.com\/index.php\/wp-json\/wp\/v2\/comments?post=15"}],"version-history":[{"count":51,"href":"https:\/\/www.explorecology.com\/index.php\/wp-json\/wp\/v2\/pages\/15\/revisions"}],"predecessor-version":[{"id":4048,"href":"https:\/\/www.explorecology.com\/index.php\/wp-json\/wp\/v2\/pages\/15\/revisions\/4048"}],"wp:attachment":[{"href":"https:\/\/www.explorecology.com\/index.php\/wp-json\/wp\/v2\/media?parent=15"}],"curies":[{"name":"wp","href":"https:\/\/api.w.org\/{rel}","templated":true}]}}