{"id":1280,"date":"2019-09-08T18:45:56","date_gmt":"2019-09-08T16:45:56","guid":{"rendered":"http:\/\/www.explorecology.com\/?page_id=1280"},"modified":"2020-07-11T13:57:51","modified_gmt":"2020-07-11T11:57:51","slug":"butterflies-of-the-world","status":"publish","type":"page","link":"https:\/\/www.explorecology.com\/index.php\/en\/project\/explorcollect2\/butterflies-of-the-world\/","title":{"rendered":"BUTTERFLIES OF THE WORLD"},"content":{"rendered":"\n<p> The photo collection of the world&rsquo;s butterfly species is arranged by country.<\/p>\n\n\n\n<h2 class=\"wp-block-heading\">Argentina: Iguaz\u00fa National Park<\/h2>\n\n\n\n<figure class=\"wp-block-image is-resized\"><img loading=\"lazy\" decoding=\"async\" src=\"http:\/\/www.explorecology.com\/wp-content\/uploads\/2019\/09\/IMG_6231-1024x575.jpg\" alt=\"\" class=\"wp-image-1416\" width=\"687\" height=\"385\" srcset=\"https:\/\/www.explorecology.com\/wp-content\/uploads\/2019\/09\/IMG_6231-1024x575.jpg 1024w, https:\/\/www.explorecology.com\/wp-content\/uploads\/2019\/09\/IMG_6231-300x169.jpg 300w, https:\/\/www.explorecology.com\/wp-content\/uploads\/2019\/09\/IMG_6231-768x432.jpg 768w\" sizes=\"auto, (max-width: 687px) 100vw, 687px\" \/><figcaption> <em> Pieridae Coliadinae<\/em> with <em>Phoebis sp.<\/em>, <em>Aphrissa statira<\/em> (Cramer, 1777), <em>Rhabdodryas trite<\/em> (Linnaeus, 1758) \u00a9 F. Mallard  <\/figcaption><\/figure>\n\n\n\n<figure class=\"wp-block-image\"><img loading=\"lazy\" decoding=\"async\" width=\"1024\" height=\"575\" src=\"http:\/\/www.explorecology.com\/wp-content\/uploads\/2019\/09\/IMG_6239-1024x575.jpg\" alt=\"\" class=\"wp-image-1359\" srcset=\"https:\/\/www.explorecology.com\/wp-content\/uploads\/2019\/09\/IMG_6239-1024x575.jpg 1024w, https:\/\/www.explorecology.com\/wp-content\/uploads\/2019\/09\/IMG_6239-300x169.jpg 300w, https:\/\/www.explorecology.com\/wp-content\/uploads\/2019\/09\/IMG_6239-768x432.jpg 768w\" sizes=\"auto, (max-width: 1024px) 100vw, 1024px\" \/><figcaption><em> Pieridae Coliadinae<\/em> with <em>Phoebis sp.<\/em> \u00a9 F. Mallard <\/figcaption><\/figure>\n\n\n\n<figure class=\"wp-block-image\"><img loading=\"lazy\" decoding=\"async\" width=\"1024\" height=\"575\" src=\"http:\/\/www.explorecology.com\/wp-content\/uploads\/2019\/09\/IMG_6280-1024x575.jpg\" alt=\"\" class=\"wp-image-1360\" srcset=\"https:\/\/www.explorecology.com\/wp-content\/uploads\/2019\/09\/IMG_6280-1024x575.jpg 1024w, https:\/\/www.explorecology.com\/wp-content\/uploads\/2019\/09\/IMG_6280-300x169.jpg 300w, https:\/\/www.explorecology.com\/wp-content\/uploads\/2019\/09\/IMG_6280-768x432.jpg 768w\" sizes=\"auto, (max-width: 1024px) 100vw, 1024px\" \/><figcaption><em>Heraclides hectorides<\/em> (Esper, 1794) \u00a9 F. Mallard <\/figcaption><\/figure>\n\n\n\n<figure class=\"wp-block-image\"><img loading=\"lazy\" decoding=\"async\" width=\"1024\" height=\"575\" src=\"http:\/\/www.explorecology.com\/wp-content\/uploads\/2019\/09\/IMG_6283-1024x575.jpg\" alt=\"\" class=\"wp-image-1361\" srcset=\"https:\/\/www.explorecology.com\/wp-content\/uploads\/2019\/09\/IMG_6283-1024x575.jpg 1024w, https:\/\/www.explorecology.com\/wp-content\/uploads\/2019\/09\/IMG_6283-300x169.jpg 300w, https:\/\/www.explorecology.com\/wp-content\/uploads\/2019\/09\/IMG_6283-768x432.jpg 768w\" sizes=\"auto, (max-width: 1024px) 100vw, 1024px\" \/><figcaption><em>Dynamine sara<\/em> (Bates, 1865) \u00a9 F. Mallard <\/figcaption><\/figure>\n\n\n\n<figure class=\"wp-block-image\"><img loading=\"lazy\" decoding=\"async\" width=\"1024\" height=\"575\" src=\"http:\/\/www.explorecology.com\/wp-content\/uploads\/2019\/09\/IMG_6288-1024x575.jpg\" alt=\"\" class=\"wp-image-1362\" srcset=\"https:\/\/www.explorecology.com\/wp-content\/uploads\/2019\/09\/IMG_6288-1024x575.jpg 1024w, https:\/\/www.explorecology.com\/wp-content\/uploads\/2019\/09\/IMG_6288-300x169.jpg 300w, https:\/\/www.explorecology.com\/wp-content\/uploads\/2019\/09\/IMG_6288-768x432.jpg 768w\" sizes=\"auto, (max-width: 1024px) 100vw, 1024px\" \/><figcaption><em> Paulogramma pygas <\/em>(Godart, 1824) \u00a9 F. Mallard <\/figcaption><\/figure>\n\n\n\n<figure class=\"wp-block-image\"><img loading=\"lazy\" decoding=\"async\" width=\"1024\" height=\"575\" src=\"http:\/\/www.explorecology.com\/wp-content\/uploads\/2019\/10\/IMG_6291-1-1024x575.jpg\" alt=\"\" class=\"wp-image-1700\" srcset=\"https:\/\/www.explorecology.com\/wp-content\/uploads\/2019\/10\/IMG_6291-1-1024x575.jpg 1024w, https:\/\/www.explorecology.com\/wp-content\/uploads\/2019\/10\/IMG_6291-1-300x169.jpg 300w, https:\/\/www.explorecology.com\/wp-content\/uploads\/2019\/10\/IMG_6291-1-768x432.jpg 768w\" sizes=\"auto, (max-width: 1024px) 100vw, 1024px\" \/><figcaption> <em>Diaethria clymena<\/em> (Cramer, 1775) \u00a9 F. Mallard  <\/figcaption><\/figure>\n\n\n\n<figure class=\"wp-block-image\"><img loading=\"lazy\" decoding=\"async\" width=\"1024\" height=\"575\" src=\"http:\/\/www.explorecology.com\/wp-content\/uploads\/2019\/09\/IMG_6415-1024x575.jpg\" alt=\"\" class=\"wp-image-1364\" srcset=\"https:\/\/www.explorecology.com\/wp-content\/uploads\/2019\/09\/IMG_6415-1024x575.jpg 1024w, https:\/\/www.explorecology.com\/wp-content\/uploads\/2019\/09\/IMG_6415-300x169.jpg 300w, https:\/\/www.explorecology.com\/wp-content\/uploads\/2019\/09\/IMG_6415-768x432.jpg 768w\" sizes=\"auto, (max-width: 1024px) 100vw, 1024px\" \/><figcaption><em>Callicore hydaspes<\/em> (Drury, 1782) \u00a9 F. Mallard <\/figcaption><\/figure>\n\n\n\n<figure class=\"wp-block-image\"><img loading=\"lazy\" decoding=\"async\" width=\"1024\" height=\"575\" src=\"http:\/\/www.explorecology.com\/wp-content\/uploads\/2019\/09\/IMG_6427-1024x575.jpg\" alt=\"\" class=\"wp-image-1365\" srcset=\"https:\/\/www.explorecology.com\/wp-content\/uploads\/2019\/09\/IMG_6427-1024x575.jpg 1024w, https:\/\/www.explorecology.com\/wp-content\/uploads\/2019\/09\/IMG_6427-300x169.jpg 300w, https:\/\/www.explorecology.com\/wp-content\/uploads\/2019\/09\/IMG_6427-768x432.jpg 768w\" sizes=\"auto, (max-width: 1024px) 100vw, 1024px\" \/><figcaption><em>Dynamine postverta <\/em>(Cramer, 1779) \u00a9 F. Mallard <\/figcaption><\/figure>\n\n\n\n<figure class=\"wp-block-image\"><img loading=\"lazy\" decoding=\"async\" width=\"1024\" height=\"575\" src=\"http:\/\/www.explorecology.com\/wp-content\/uploads\/2019\/09\/IMG_6516-1024x575.jpg\" alt=\"\" class=\"wp-image-1366\" srcset=\"https:\/\/www.explorecology.com\/wp-content\/uploads\/2019\/09\/IMG_6516-1024x575.jpg 1024w, https:\/\/www.explorecology.com\/wp-content\/uploads\/2019\/09\/IMG_6516-300x169.jpg 300w, https:\/\/www.explorecology.com\/wp-content\/uploads\/2019\/09\/IMG_6516-768x432.jpg 768w\" sizes=\"auto, (max-width: 1024px) 100vw, 1024px\" \/><figcaption><em>Adelpha melona<\/em> (Hewitson, 1847) \u00a9 F. Mallard <\/figcaption><\/figure>\n\n\n\n<figure class=\"wp-block-image\"><img loading=\"lazy\" decoding=\"async\" width=\"1024\" height=\"575\" src=\"http:\/\/www.explorecology.com\/wp-content\/uploads\/2019\/09\/IMG_6743-1024x575.jpg\" alt=\"\" class=\"wp-image-1367\" srcset=\"https:\/\/www.explorecology.com\/wp-content\/uploads\/2019\/09\/IMG_6743-1024x575.jpg 1024w, https:\/\/www.explorecology.com\/wp-content\/uploads\/2019\/09\/IMG_6743-300x169.jpg 300w, https:\/\/www.explorecology.com\/wp-content\/uploads\/2019\/09\/IMG_6743-768x432.jpg 768w\" sizes=\"auto, (max-width: 1024px) 100vw, 1024px\" \/><figcaption> <em>Heraclides thoas<\/em> (Linnaeus, 1771)<em> <\/em>\u00a9 F. Mallard <\/figcaption><\/figure>\n\n\n\n<figure class=\"wp-block-image\"><img loading=\"lazy\" decoding=\"async\" width=\"1024\" height=\"575\" src=\"http:\/\/www.explorecology.com\/wp-content\/uploads\/2019\/09\/IMG_6760-1024x575.jpg\" alt=\"\" class=\"wp-image-1368\" srcset=\"https:\/\/www.explorecology.com\/wp-content\/uploads\/2019\/09\/IMG_6760-1024x575.jpg 1024w, https:\/\/www.explorecology.com\/wp-content\/uploads\/2019\/09\/IMG_6760-300x169.jpg 300w, https:\/\/www.explorecology.com\/wp-content\/uploads\/2019\/09\/IMG_6760-768x432.jpg 768w\" sizes=\"auto, (max-width: 1024px) 100vw, 1024px\" \/><figcaption> <em>Caligo eurilochus<\/em> \u00a9 F. Mallard <\/figcaption><\/figure>\n\n\n\n<figure class=\"wp-block-image\"><img loading=\"lazy\" decoding=\"async\" width=\"1024\" height=\"575\" src=\"http:\/\/www.explorecology.com\/wp-content\/uploads\/2019\/09\/IMG_6763-1024x575.jpg\" alt=\"\" class=\"wp-image-1369\" srcset=\"https:\/\/www.explorecology.com\/wp-content\/uploads\/2019\/09\/IMG_6763-1024x575.jpg 1024w, https:\/\/www.explorecology.com\/wp-content\/uploads\/2019\/09\/IMG_6763-300x169.jpg 300w, https:\/\/www.explorecology.com\/wp-content\/uploads\/2019\/09\/IMG_6763-768x432.jpg 768w\" sizes=\"auto, (max-width: 1024px) 100vw, 1024px\" \/><figcaption> <em>Celaenorrhinus eligius<\/em> (Stoll, 1782) \u00a9 F. Mallard <\/figcaption><\/figure>\n\n\n\n<figure class=\"wp-block-image\"><img loading=\"lazy\" decoding=\"async\" width=\"1024\" height=\"575\" src=\"http:\/\/www.explorecology.com\/wp-content\/uploads\/2019\/09\/IMG_7019-1024x575.jpg\" alt=\"\" class=\"wp-image-1370\" srcset=\"https:\/\/www.explorecology.com\/wp-content\/uploads\/2019\/09\/IMG_7019-1024x575.jpg 1024w, https:\/\/www.explorecology.com\/wp-content\/uploads\/2019\/09\/IMG_7019-300x169.jpg 300w, https:\/\/www.explorecology.com\/wp-content\/uploads\/2019\/09\/IMG_7019-768x432.jpg 768w\" sizes=\"auto, (max-width: 1024px) 100vw, 1024px\" \/><figcaption><em>Agraulis vanillae<\/em> (Linnaeus, 1758) \u00a9 F. Mallard <\/figcaption><\/figure>\n\n\n\n<figure class=\"wp-block-image\"><img loading=\"lazy\" decoding=\"async\" width=\"1024\" height=\"575\" src=\"http:\/\/www.explorecology.com\/wp-content\/uploads\/2019\/09\/IMG_6038-Vanessa-carye-H\u00fcbner-1812-1024x575.jpg\" alt=\"\" class=\"wp-image-1410\" srcset=\"https:\/\/www.explorecology.com\/wp-content\/uploads\/2019\/09\/IMG_6038-Vanessa-carye-H\u00fcbner-1812-1024x575.jpg 1024w, https:\/\/www.explorecology.com\/wp-content\/uploads\/2019\/09\/IMG_6038-Vanessa-carye-H\u00fcbner-1812-300x169.jpg 300w, https:\/\/www.explorecology.com\/wp-content\/uploads\/2019\/09\/IMG_6038-Vanessa-carye-H\u00fcbner-1812-768x432.jpg 768w\" sizes=\"auto, (max-width: 1024px) 100vw, 1024px\" \/><figcaption><em>Vanessa carye<\/em> (H\u00fcbner, 1812) \u00a9 F. Mallard  <\/figcaption><\/figure>\n\n\n\n<figure class=\"wp-block-image\"><img loading=\"lazy\" decoding=\"async\" width=\"1024\" height=\"575\" src=\"http:\/\/www.explorecology.com\/wp-content\/uploads\/2019\/09\/IMG_6198-Morpho-sp.-1024x575.jpg\" alt=\"\" class=\"wp-image-1411\" srcset=\"https:\/\/www.explorecology.com\/wp-content\/uploads\/2019\/09\/IMG_6198-Morpho-sp.-1024x575.jpg 1024w, https:\/\/www.explorecology.com\/wp-content\/uploads\/2019\/09\/IMG_6198-Morpho-sp.-300x169.jpg 300w, https:\/\/www.explorecology.com\/wp-content\/uploads\/2019\/09\/IMG_6198-Morpho-sp.-768x432.jpg 768w\" sizes=\"auto, (max-width: 1024px) 100vw, 1024px\" \/><figcaption> <em>Morpho helenor<\/em> (Cramer, 1776) \u00a9 F. Mallard  <\/figcaption><\/figure>\n\n\n\n<figure class=\"wp-block-image\"><img loading=\"lazy\" decoding=\"async\" width=\"1024\" height=\"575\" src=\"http:\/\/www.explorecology.com\/wp-content\/uploads\/2019\/09\/IMG_6233-Dynamine-tithia-H\u00fcbner-1823-Phoebis-philea-Linnaeus-1763-1024x575.jpg\" alt=\"\" class=\"wp-image-1412\" srcset=\"https:\/\/www.explorecology.com\/wp-content\/uploads\/2019\/09\/IMG_6233-Dynamine-tithia-H\u00fcbner-1823-Phoebis-philea-Linnaeus-1763-1024x575.jpg 1024w, https:\/\/www.explorecology.com\/wp-content\/uploads\/2019\/09\/IMG_6233-Dynamine-tithia-H\u00fcbner-1823-Phoebis-philea-Linnaeus-1763-300x169.jpg 300w, https:\/\/www.explorecology.com\/wp-content\/uploads\/2019\/09\/IMG_6233-Dynamine-tithia-H\u00fcbner-1823-Phoebis-philea-Linnaeus-1763-768x432.jpg 768w\" sizes=\"auto, (max-width: 1024px) 100vw, 1024px\" \/><figcaption>Dynamine tithia (H\u00fcbner, 1823) [little butterfly on the left] Phoebis philea (Linnaeus, 1763) [yellow butterfly on the right] \u00a9 F. Mallard <\/figcaption><\/figure>\n\n\n\n<h2 class=\"wp-block-heading\">Greece : Bali, Crete<\/h2>\n\n\n\n<figure class=\"wp-block-image\"><img loading=\"lazy\" decoding=\"async\" width=\"1024\" height=\"768\" src=\"http:\/\/www.explorecology.com\/wp-content\/uploads\/2019\/10\/20191002_125618-1024x768.jpg\" alt=\"\" class=\"wp-image-1708\" srcset=\"https:\/\/www.explorecology.com\/wp-content\/uploads\/2019\/10\/20191002_125618-1024x768.jpg 1024w, https:\/\/www.explorecology.com\/wp-content\/uploads\/2019\/10\/20191002_125618-300x225.jpg 300w, https:\/\/www.explorecology.com\/wp-content\/uploads\/2019\/10\/20191002_125618-768x576.jpg 768w\" sizes=\"auto, (max-width: 1024px) 100vw, 1024px\" \/><figcaption><em>Pararge aegeria<\/em> (Linnaeus, 1758) \u00a9 F. Mallard  <\/figcaption><\/figure>\n\n\n\n<figure class=\"wp-block-image\"><img loading=\"lazy\" decoding=\"async\" width=\"1024\" height=\"768\" src=\"http:\/\/www.explorecology.com\/wp-content\/uploads\/2019\/10\/20191004_133343-1024x768.jpg\" alt=\"\" class=\"wp-image-1709\" srcset=\"https:\/\/www.explorecology.com\/wp-content\/uploads\/2019\/10\/20191004_133343-1024x768.jpg 1024w, https:\/\/www.explorecology.com\/wp-content\/uploads\/2019\/10\/20191004_133343-300x225.jpg 300w, https:\/\/www.explorecology.com\/wp-content\/uploads\/2019\/10\/20191004_133343-768x576.jpg 768w\" sizes=\"auto, (max-width: 1024px) 100vw, 1024px\" \/><figcaption><em>Papilio machaon<\/em> (Linnaeus, 1758)  \u00a9 F. Mallard   <\/figcaption><\/figure>\n\n\n\n<figure class=\"wp-block-image size-large\"><img loading=\"lazy\" decoding=\"async\" width=\"1024\" height=\"576\" src=\"http:\/\/www.explorecology.com\/wp-content\/uploads\/2020\/04\/Macroglossum-stellatarum-1024x576.jpg\" alt=\"\" class=\"wp-image-2360\" srcset=\"https:\/\/www.explorecology.com\/wp-content\/uploads\/2020\/04\/Macroglossum-stellatarum-1024x576.jpg 1024w, https:\/\/www.explorecology.com\/wp-content\/uploads\/2020\/04\/Macroglossum-stellatarum-300x169.jpg 300w, https:\/\/www.explorecology.com\/wp-content\/uploads\/2020\/04\/Macroglossum-stellatarum-768x432.jpg 768w, https:\/\/www.explorecology.com\/wp-content\/uploads\/2020\/04\/Macroglossum-stellatarum.jpg 1263w\" sizes=\"auto, (max-width: 1024px) 100vw, 1024px\" \/><figcaption><em>Macroglossum stellatarum<\/em> (Linnaeus, 1758) \u00a9 F. Mallard<\/figcaption><\/figure>\n","protected":false},"excerpt":{"rendered":"<p>The photo collection of the world&rsquo;s butterfly species is arranged by country. Argentina: Iguaz\u00fa National Park Greece : Bali, Crete<\/p>\n","protected":false},"author":2,"featured_media":0,"parent":1268,"menu_order":3,"comment_status":"closed","ping_status":"closed","template":"","meta":{"_exactmetrics_skip_tracking":false,"_exactmetrics_sitenote_active":false,"_exactmetrics_sitenote_note":"","_exactmetrics_sitenote_category":0,"footnotes":""},"class_list":["post-1280","page","type-page","status-publish","hentry"],"yoast_head":"<!-- This site is optimized with the Yoast SEO plugin v26.6 - https:\/\/yoast.com\/wordpress\/plugins\/seo\/ -->\n<title>BUTTERFLIES OF THE WORLD - Exploratory Ecology<\/title>\n<meta name=\"robots\" content=\"index, follow, max-snippet:-1, max-image-preview:large, max-video-preview:-1\" \/>\n<link rel=\"canonical\" href=\"https:\/\/www.explorecology.com\/index.php\/en\/project\/explorcollect2\/butterflies-of-the-world\/\" \/>\n<meta property=\"og:locale\" content=\"fr_FR\" \/>\n<meta property=\"og:type\" content=\"article\" \/>\n<meta property=\"og:title\" content=\"BUTTERFLIES OF THE WORLD - Exploratory Ecology\" \/>\n<meta property=\"og:description\" content=\"The photo collection of the world&rsquo;s butterfly species is arranged by country. Argentina: Iguaz\u00fa National Park Greece : Bali, Crete\" \/>\n<meta property=\"og:url\" content=\"https:\/\/www.explorecology.com\/index.php\/en\/project\/explorcollect2\/butterflies-of-the-world\/\" \/>\n<meta property=\"og:site_name\" content=\"Exploratory Ecology\" \/>\n<meta property=\"article:publisher\" content=\"https:\/\/www.facebook.com\/explorecology\/\" \/>\n<meta property=\"article:modified_time\" content=\"2020-07-11T11:57:51+00:00\" \/>\n<meta property=\"og:image\" content=\"http:\/\/www.explorecology.com\/wp-content\/uploads\/2019\/09\/IMG_6231-1024x575.jpg\" \/>\n<meta name=\"twitter:card\" content=\"summary_large_image\" \/>\n<meta name=\"twitter:site\" content=\"@Explorecology\" \/>\n<meta name=\"twitter:label1\" content=\"Dur\u00e9e de lecture estim\u00e9e\" \/>\n\t<meta name=\"twitter:data1\" content=\"1 minute\" \/>\n<script type=\"application\/ld+json\" class=\"yoast-schema-graph\">{\"@context\":\"https:\/\/schema.org\",\"@graph\":[{\"@type\":\"WebPage\",\"@id\":\"https:\/\/www.explorecology.com\/index.php\/en\/project\/explorcollect2\/butterflies-of-the-world\/\",\"url\":\"https:\/\/www.explorecology.com\/index.php\/en\/project\/explorcollect2\/butterflies-of-the-world\/\",\"name\":\"BUTTERFLIES OF THE WORLD - Exploratory Ecology\",\"isPartOf\":{\"@id\":\"https:\/\/www.explorecology.com\/#website\"},\"primaryImageOfPage\":{\"@id\":\"https:\/\/www.explorecology.com\/index.php\/en\/project\/explorcollect2\/butterflies-of-the-world\/#primaryimage\"},\"image\":{\"@id\":\"https:\/\/www.explorecology.com\/index.php\/en\/project\/explorcollect2\/butterflies-of-the-world\/#primaryimage\"},\"thumbnailUrl\":\"http:\/\/www.explorecology.com\/wp-content\/uploads\/2019\/09\/IMG_6231-1024x575.jpg\",\"datePublished\":\"2019-09-08T16:45:56+00:00\",\"dateModified\":\"2020-07-11T11:57:51+00:00\",\"breadcrumb\":{\"@id\":\"https:\/\/www.explorecology.com\/index.php\/en\/project\/explorcollect2\/butterflies-of-the-world\/#breadcrumb\"},\"inLanguage\":\"fr-FR\",\"potentialAction\":[{\"@type\":\"ReadAction\",\"target\":[\"https:\/\/www.explorecology.com\/index.php\/en\/project\/explorcollect2\/butterflies-of-the-world\/\"]}]},{\"@type\":\"ImageObject\",\"inLanguage\":\"fr-FR\",\"@id\":\"https:\/\/www.explorecology.com\/index.php\/en\/project\/explorcollect2\/butterflies-of-the-world\/#primaryimage\",\"url\":\"http:\/\/www.explorecology.com\/wp-content\/uploads\/2019\/09\/IMG_6231-1024x575.jpg\",\"contentUrl\":\"http:\/\/www.explorecology.com\/wp-content\/uploads\/2019\/09\/IMG_6231-1024x575.jpg\"},{\"@type\":\"BreadcrumbList\",\"@id\":\"https:\/\/www.explorecology.com\/index.php\/en\/project\/explorcollect2\/butterflies-of-the-world\/#breadcrumb\",\"itemListElement\":[{\"@type\":\"ListItem\",\"position\":1,\"name\":\"Accueil\",\"item\":\"https:\/\/www.explorecology.com\/\"},{\"@type\":\"ListItem\",\"position\":2,\"name\":\"PROJECTS\",\"item\":\"https:\/\/www.explorecology.com\/index.php\/en\/project\/\"},{\"@type\":\"ListItem\",\"position\":3,\"name\":\"EXPLORCOLLECT\",\"item\":\"https:\/\/www.explorecology.com\/index.php\/en\/project\/explorcollect2\/\"},{\"@type\":\"ListItem\",\"position\":4,\"name\":\"BUTTERFLIES OF THE WORLD\"}]},{\"@type\":\"WebSite\",\"@id\":\"https:\/\/www.explorecology.com\/#website\",\"url\":\"https:\/\/www.explorecology.com\/\",\"name\":\"Exploratory Ecology\",\"description\":\"Association scientifique qui \u00e9tudie les relations entre les esp\u00e8ces et leur environnement pour d\u00e9finir des actions de conservation de la biodiversit\u00e9\",\"publisher\":{\"@id\":\"https:\/\/www.explorecology.com\/#organization\"},\"potentialAction\":[{\"@type\":\"SearchAction\",\"target\":{\"@type\":\"EntryPoint\",\"urlTemplate\":\"https:\/\/www.explorecology.com\/?s={search_term_string}\"},\"query-input\":{\"@type\":\"PropertyValueSpecification\",\"valueRequired\":true,\"valueName\":\"search_term_string\"}}],\"inLanguage\":\"fr-FR\"},{\"@type\":\"Organization\",\"@id\":\"https:\/\/www.explorecology.com\/#organization\",\"name\":\"Exploratory Ecology (ExplorEcology)\",\"url\":\"https:\/\/www.explorecology.com\/\",\"logo\":{\"@type\":\"ImageObject\",\"inLanguage\":\"fr-FR\",\"@id\":\"https:\/\/www.explorecology.com\/#\/schema\/logo\/image\/\",\"url\":\"https:\/\/www.explorecology.com\/wp-content\/uploads\/2019\/07\/logoE2_Good-5-1.jpg\",\"contentUrl\":\"https:\/\/www.explorecology.com\/wp-content\/uploads\/2019\/07\/logoE2_Good-5-1.jpg\",\"width\":1063,\"height\":1066,\"caption\":\"Exploratory Ecology (ExplorEcology)\"},\"image\":{\"@id\":\"https:\/\/www.explorecology.com\/#\/schema\/logo\/image\/\"},\"sameAs\":[\"https:\/\/www.facebook.com\/explorecology\/\",\"https:\/\/x.com\/Explorecology\",\"https:\/\/www.instagram.com\/explorecology\"]}]}<\/script>\n<!-- \/ Yoast SEO plugin. -->","yoast_head_json":{"title":"BUTTERFLIES OF THE WORLD - Exploratory Ecology","robots":{"index":"index","follow":"follow","max-snippet":"max-snippet:-1","max-image-preview":"max-image-preview:large","max-video-preview":"max-video-preview:-1"},"canonical":"https:\/\/www.explorecology.com\/index.php\/en\/project\/explorcollect2\/butterflies-of-the-world\/","og_locale":"fr_FR","og_type":"article","og_title":"BUTTERFLIES OF THE WORLD - Exploratory Ecology","og_description":"The photo collection of the world&rsquo;s butterfly species is arranged by country. Argentina: Iguaz\u00fa National Park Greece : Bali, Crete","og_url":"https:\/\/www.explorecology.com\/index.php\/en\/project\/explorcollect2\/butterflies-of-the-world\/","og_site_name":"Exploratory Ecology","article_publisher":"https:\/\/www.facebook.com\/explorecology\/","article_modified_time":"2020-07-11T11:57:51+00:00","og_image":[{"url":"http:\/\/www.explorecology.com\/wp-content\/uploads\/2019\/09\/IMG_6231-1024x575.jpg","type":"","width":"","height":""}],"twitter_card":"summary_large_image","twitter_site":"@Explorecology","twitter_misc":{"Dur\u00e9e de lecture estim\u00e9e":"1 minute"},"schema":{"@context":"https:\/\/schema.org","@graph":[{"@type":"WebPage","@id":"https:\/\/www.explorecology.com\/index.php\/en\/project\/explorcollect2\/butterflies-of-the-world\/","url":"https:\/\/www.explorecology.com\/index.php\/en\/project\/explorcollect2\/butterflies-of-the-world\/","name":"BUTTERFLIES OF THE WORLD - Exploratory Ecology","isPartOf":{"@id":"https:\/\/www.explorecology.com\/#website"},"primaryImageOfPage":{"@id":"https:\/\/www.explorecology.com\/index.php\/en\/project\/explorcollect2\/butterflies-of-the-world\/#primaryimage"},"image":{"@id":"https:\/\/www.explorecology.com\/index.php\/en\/project\/explorcollect2\/butterflies-of-the-world\/#primaryimage"},"thumbnailUrl":"http:\/\/www.explorecology.com\/wp-content\/uploads\/2019\/09\/IMG_6231-1024x575.jpg","datePublished":"2019-09-08T16:45:56+00:00","dateModified":"2020-07-11T11:57:51+00:00","breadcrumb":{"@id":"https:\/\/www.explorecology.com\/index.php\/en\/project\/explorcollect2\/butterflies-of-the-world\/#breadcrumb"},"inLanguage":"fr-FR","potentialAction":[{"@type":"ReadAction","target":["https:\/\/www.explorecology.com\/index.php\/en\/project\/explorcollect2\/butterflies-of-the-world\/"]}]},{"@type":"ImageObject","inLanguage":"fr-FR","@id":"https:\/\/www.explorecology.com\/index.php\/en\/project\/explorcollect2\/butterflies-of-the-world\/#primaryimage","url":"http:\/\/www.explorecology.com\/wp-content\/uploads\/2019\/09\/IMG_6231-1024x575.jpg","contentUrl":"http:\/\/www.explorecology.com\/wp-content\/uploads\/2019\/09\/IMG_6231-1024x575.jpg"},{"@type":"BreadcrumbList","@id":"https:\/\/www.explorecology.com\/index.php\/en\/project\/explorcollect2\/butterflies-of-the-world\/#breadcrumb","itemListElement":[{"@type":"ListItem","position":1,"name":"Accueil","item":"https:\/\/www.explorecology.com\/"},{"@type":"ListItem","position":2,"name":"PROJECTS","item":"https:\/\/www.explorecology.com\/index.php\/en\/project\/"},{"@type":"ListItem","position":3,"name":"EXPLORCOLLECT","item":"https:\/\/www.explorecology.com\/index.php\/en\/project\/explorcollect2\/"},{"@type":"ListItem","position":4,"name":"BUTTERFLIES OF THE WORLD"}]},{"@type":"WebSite","@id":"https:\/\/www.explorecology.com\/#website","url":"https:\/\/www.explorecology.com\/","name":"Exploratory Ecology","description":"Association scientifique qui \u00e9tudie les relations entre les esp\u00e8ces et leur environnement pour d\u00e9finir des actions de conservation de la biodiversit\u00e9","publisher":{"@id":"https:\/\/www.explorecology.com\/#organization"},"potentialAction":[{"@type":"SearchAction","target":{"@type":"EntryPoint","urlTemplate":"https:\/\/www.explorecology.com\/?s={search_term_string}"},"query-input":{"@type":"PropertyValueSpecification","valueRequired":true,"valueName":"search_term_string"}}],"inLanguage":"fr-FR"},{"@type":"Organization","@id":"https:\/\/www.explorecology.com\/#organization","name":"Exploratory Ecology (ExplorEcology)","url":"https:\/\/www.explorecology.com\/","logo":{"@type":"ImageObject","inLanguage":"fr-FR","@id":"https:\/\/www.explorecology.com\/#\/schema\/logo\/image\/","url":"https:\/\/www.explorecology.com\/wp-content\/uploads\/2019\/07\/logoE2_Good-5-1.jpg","contentUrl":"https:\/\/www.explorecology.com\/wp-content\/uploads\/2019\/07\/logoE2_Good-5-1.jpg","width":1063,"height":1066,"caption":"Exploratory Ecology (ExplorEcology)"},"image":{"@id":"https:\/\/www.explorecology.com\/#\/schema\/logo\/image\/"},"sameAs":["https:\/\/www.facebook.com\/explorecology\/","https:\/\/x.com\/Explorecology","https:\/\/www.instagram.com\/explorecology"]}]}},"_links":{"self":[{"href":"https:\/\/www.explorecology.com\/index.php\/wp-json\/wp\/v2\/pages\/1280","targetHints":{"allow":["GET"]}}],"collection":[{"href":"https:\/\/www.explorecology.com\/index.php\/wp-json\/wp\/v2\/pages"}],"about":[{"href":"https:\/\/www.explorecology.com\/index.php\/wp-json\/wp\/v2\/types\/page"}],"author":[{"embeddable":true,"href":"https:\/\/www.explorecology.com\/index.php\/wp-json\/wp\/v2\/users\/2"}],"replies":[{"embeddable":true,"href":"https:\/\/www.explorecology.com\/index.php\/wp-json\/wp\/v2\/comments?post=1280"}],"version-history":[{"count":24,"href":"https:\/\/www.explorecology.com\/index.php\/wp-json\/wp\/v2\/pages\/1280\/revisions"}],"predecessor-version":[{"id":2868,"href":"https:\/\/www.explorecology.com\/index.php\/wp-json\/wp\/v2\/pages\/1280\/revisions\/2868"}],"up":[{"embeddable":true,"href":"https:\/\/www.explorecology.com\/index.php\/wp-json\/wp\/v2\/pages\/1268"}],"wp:attachment":[{"href":"https:\/\/www.explorecology.com\/index.php\/wp-json\/wp\/v2\/media?parent=1280"}],"curies":[{"name":"wp","href":"https:\/\/api.w.org\/{rel}","templated":true}]}}