{"id":117,"date":"2018-11-09T15:04:36","date_gmt":"2018-11-09T14:04:36","guid":{"rendered":"http:\/\/www.explorecology.com\/?page_id=117"},"modified":"2023-05-04T23:13:05","modified_gmt":"2023-05-04T21:13:05","slug":"publications","status":"publish","type":"page","link":"https:\/\/www.explorecology.com\/index.php\/projets\/publications\/","title":{"rendered":"Publications"},"content":{"rendered":"\n<p>Exploratory Ecology participe \u00e0 la diffusion des connaissances via diff\u00e9rents supports de publication, par exemple des articles&nbsp;scientifiques sur les exp\u00e9riences des <a href=\"http:\/\/www.explorecology.com\/index.php\/projets\/\">projets<\/a>, des ouvrages illustr\u00e9es sur les <a href=\"http:\/\/www.explorecology.com\/index.php\/projets\/especes-etudiees\/\">esp\u00e8ces \u00e9tudi\u00e9es<\/a>, etc.<\/p>\n\n\n\n<h2 class=\"wp-block-heading\">Productions scientifiques<\/h2>\n\n\n\n<ul class=\"wp-block-list\"><li><strong>Articles sur la relation entre les cycles biologiques des papillons, des plantes h\u00f4tes et fourmis <\/strong>:<\/li><\/ul>\n\n\n\n<div class=\"wp-block-file\"><a href=\"http:\/\/www.explorecology.com\/wp-content\/uploads\/2020\/05\/Relation-cycles-biologiques-papillons-plantes-fourmis-1.pdf\">Mallard F., 2019. Relations entre les cycles biologiques de Polyommatus icarus avec Lasius niger, Lotus corniculatus et Trifolium repens. Exploratory Ecology, 1-22.<\/a><a href=\"http:\/\/www.explorecology.com\/wp-content\/uploads\/2020\/05\/Relation-cycles-biologiques-papillons-plantes-fourmis-1.pdf\" class=\"wp-block-file__button\" download>T\u00e9l\u00e9charger<\/a><\/div>\n\n\n\n<div class=\"wp-block-file\"><a href=\"http:\/\/www.explorecology.com\/wp-content\/uploads\/2020\/05\/Life-cycle-relationships-between-butterflies-plants-ants-1.pdf\">Mallard F., 2019. Biolology, ecology and relationships between the biological cycles of Polyommatus icarus with Lasius niger, Lotus corniculatus and Trifolium repens. Exploratory Ecology, 1-22.<\/a><a href=\"http:\/\/www.explorecology.com\/wp-content\/uploads\/2020\/05\/Life-cycle-relationships-between-butterflies-plants-ants-1.pdf\" class=\"wp-block-file__button\" download>T\u00e9l\u00e9charger<\/a><\/div>\n\n\n\n<ul class=\"wp-block-list\"><li>Rapports en science du management<\/li><\/ul>\n\n\n\n<p>Mallard F., 2020. D\u00e9velopper un cadre de gestion strat\u00e9gique et de performance dans la cr\u00e9ation d\u2019une organisation \u00e0 but non lucratif. Cas d\u2019\u00e9tude : l\u2019association de recherche scientifique et de conservation de la biodiversit\u00e9 Exploratory Ecology. IAE Bordeaux &#8211; \u00c9cole Universitaire de management, 69 p.<br>Available from: <a href=\"https:\/\/www.researchgate.net\/publication\/349077806_Developper_un_cadre_de_gestion_strategique_et_de_performance_dans_la_creation_d'une_organisation_a_but_non_lucratif_Cas_d'etude_l'association_de_recherche_scientifique_et_de_conservation_de_la_biodive\">https:\/\/www.researchgate.net\/publication\/349077806<\/a> [accessed Jun 05 2021].<\/p>\n\n\n\n<p>Mallard F., 2021. Cartes conceptuelles du capital humain : un levier de la performance pour les organisations \u00e0 but non lucratif. Cas d\u2019\u00e9tude : l\u2019association de recherche scientifique et de conservation de la biodiversit\u00e9 Exploratory Ecology. IAE Bordeaux &#8211; \u00c9cole Universitaire de management, 7p.<br>Available from: <a href=\"https:\/\/www.researchgate.net\/publication\/351390634_Cartes_conceptuelles_du_capital_humain_un_levier_de_la_performance_pour_les_organisations_a_but_non_lucratif_Cas_d'etude_l'association_de_recherche_scientifique_et_de_conservation_de_la_biodiversite_E\">https:\/\/www.researchgate.net\/publication\/351390634<\/a> [accessed Jun 05 2021].<\/p>\n\n\n\n<h2 class=\"wp-block-heading\">Poster<\/h2>\n\n\n\n<div class=\"wp-block-file\"><a href=\"http:\/\/www.explorecology.com\/wp-content\/uploads\/2020\/05\/Poster_2019_07_28-1.pdf\">Poster de pr\u00e9sentation des missions de l&rsquo;association<\/a><a href=\"http:\/\/www.explorecology.com\/wp-content\/uploads\/2020\/05\/Poster_2019_07_28-1.pdf\" class=\"wp-block-file__button\" download>T\u00e9l\u00e9charger<\/a><\/div>\n\n\n\n<figure class=\"wp-block-image\"><img loading=\"lazy\" decoding=\"async\" width=\"719\" height=\"1024\" src=\"http:\/\/www.explorecology.com\/wp-content\/uploads\/2019\/09\/image-3-719x1024.png\" alt=\"\" class=\"wp-image-1604\" srcset=\"https:\/\/www.explorecology.com\/wp-content\/uploads\/2019\/09\/image-3-719x1024.png 719w, https:\/\/www.explorecology.com\/wp-content\/uploads\/2019\/09\/image-3-211x300.png 211w, https:\/\/www.explorecology.com\/wp-content\/uploads\/2019\/09\/image-3-768x1094.png 768w, https:\/\/www.explorecology.com\/wp-content\/uploads\/2019\/09\/image-3.png 1275w\" sizes=\"auto, (max-width: 719px) 100vw, 719px\" \/><\/figure>\n\n\n\n<h2 class=\"wp-block-heading\">Vid\u00e9os<\/h2>\n\n\n\n<figure class=\"wp-block-image size-large\"><a href=\"https:\/\/www.youtube.com\/channel\/UCPDGxYkPXV_4z6cxL90aP2A\"><img loading=\"lazy\" decoding=\"async\" width=\"1024\" height=\"911\" src=\"https:\/\/www.explorecology.com\/wp-content\/uploads\/2021\/06\/Youtube-videos-1024x911.png\" alt=\"\" class=\"wp-image-3428\" srcset=\"https:\/\/www.explorecology.com\/wp-content\/uploads\/2021\/06\/Youtube-videos-1024x911.png 1024w, https:\/\/www.explorecology.com\/wp-content\/uploads\/2021\/06\/Youtube-videos-300x267.png 300w, https:\/\/www.explorecology.com\/wp-content\/uploads\/2021\/06\/Youtube-videos-768x683.png 768w, https:\/\/www.explorecology.com\/wp-content\/uploads\/2021\/06\/Youtube-videos.png 1165w\" sizes=\"auto, (max-width: 1024px) 100vw, 1024px\" \/><\/a><\/figure>\n\n\n\n<h2 class=\"wp-block-heading\"><a href=\"https:\/\/www.explorecology.com\/index.php\/projets\/explorpublic\/videos-expositions\">Expositions<\/a><\/h2>\n\n\n\n<ul class=\"wp-block-list\"><li>Exposition les papillons d&rsquo;aujourd&rsquo;hui et de demain<\/li><li>Exposition sur l&rsquo;univers des fourmis<\/li><\/ul>\n\n\n\n<figure class=\"wp-block-gallery columns-3 is-cropped wp-block-gallery-1 is-layout-flex wp-block-gallery-is-layout-flex\"><ul class=\"blocks-gallery-grid\"><li class=\"blocks-gallery-item\"><figure><img loading=\"lazy\" decoding=\"async\" width=\"661\" height=\"1024\" src=\"https:\/\/www.explorecology.com\/wp-content\/uploads\/2022\/11\/Exposition_Papillon-661x1024.png\" alt=\"\" data-id=\"3776\" data-full-url=\"https:\/\/www.explorecology.com\/wp-content\/uploads\/2022\/11\/Exposition_Papillon.png\" data-link=\"https:\/\/www.explorecology.com\/index.php\/projets\/explorpublic\/videos-expositions\/exposition_papillon\/\" class=\"wp-image-3776\" srcset=\"https:\/\/www.explorecology.com\/wp-content\/uploads\/2022\/11\/Exposition_Papillon-661x1024.png 661w, https:\/\/www.explorecology.com\/wp-content\/uploads\/2022\/11\/Exposition_Papillon-194x300.png 194w, https:\/\/www.explorecology.com\/wp-content\/uploads\/2022\/11\/Exposition_Papillon-768x1189.png 768w, https:\/\/www.explorecology.com\/wp-content\/uploads\/2022\/11\/Exposition_Papillon.png 812w\" sizes=\"auto, (max-width: 661px) 100vw, 661px\" \/><\/figure><\/li><li class=\"blocks-gallery-item\"><figure><img loading=\"lazy\" decoding=\"async\" width=\"663\" height=\"1024\" src=\"https:\/\/www.explorecology.com\/wp-content\/uploads\/2022\/11\/Affiche_Exposition-fourmis-01-663x1024.png\" alt=\"\" data-id=\"3764\" data-full-url=\"https:\/\/www.explorecology.com\/wp-content\/uploads\/2022\/11\/Affiche_Exposition-fourmis-01.png\" data-link=\"https:\/\/www.explorecology.com\/index.php\/2022\/11\/18\/exposition-sur-lunivers-des-fourmis\/affiche_exposition-fourmis-01\/\" class=\"wp-image-3764\" srcset=\"https:\/\/www.explorecology.com\/wp-content\/uploads\/2022\/11\/Affiche_Exposition-fourmis-01-663x1024.png 663w, https:\/\/www.explorecology.com\/wp-content\/uploads\/2022\/11\/Affiche_Exposition-fourmis-01-194x300.png 194w, https:\/\/www.explorecology.com\/wp-content\/uploads\/2022\/11\/Affiche_Exposition-fourmis-01-768x1187.png 768w, https:\/\/www.explorecology.com\/wp-content\/uploads\/2022\/11\/Affiche_Exposition-fourmis-01-994x1536.png 994w, https:\/\/www.explorecology.com\/wp-content\/uploads\/2022\/11\/Affiche_Exposition-fourmis-01-1325x2048.png 1325w\" sizes=\"auto, (max-width: 663px) 100vw, 663px\" \/><\/figure><\/li><li class=\"blocks-gallery-item\"><figure><img loading=\"lazy\" decoding=\"async\" width=\"1024\" height=\"1024\" src=\"https:\/\/www.explorecology.com\/wp-content\/uploads\/2022\/12\/IMG_20221218_212959_847-1024x1024.webp\" alt=\"\" data-id=\"3877\" data-full-url=\"https:\/\/www.explorecology.com\/wp-content\/uploads\/2022\/12\/IMG_20221218_212959_847.webp\" data-link=\"https:\/\/www.explorecology.com\/index.php\/2022\/12\/18\/215\/img_20221218_212959_847\/\" class=\"wp-image-3877\" srcset=\"https:\/\/www.explorecology.com\/wp-content\/uploads\/2022\/12\/IMG_20221218_212959_847-1024x1024.webp 1024w, https:\/\/www.explorecology.com\/wp-content\/uploads\/2022\/12\/IMG_20221218_212959_847-300x300.webp 300w, https:\/\/www.explorecology.com\/wp-content\/uploads\/2022\/12\/IMG_20221218_212959_847-150x150.webp 150w, https:\/\/www.explorecology.com\/wp-content\/uploads\/2022\/12\/IMG_20221218_212959_847-768x768.webp 768w, https:\/\/www.explorecology.com\/wp-content\/uploads\/2022\/12\/IMG_20221218_212959_847.webp 1440w\" sizes=\"auto, (max-width: 1024px) 100vw, 1024px\" \/><\/figure><\/li><li class=\"blocks-gallery-item\"><figure><img loading=\"lazy\" decoding=\"async\" width=\"1024\" height=\"768\" src=\"https:\/\/www.explorecology.com\/wp-content\/uploads\/2022\/11\/262320654_1164706813935318_5672380192810751760_n-1024x768.jpg\" alt=\"\" data-id=\"3802\" data-full-url=\"https:\/\/www.explorecology.com\/wp-content\/uploads\/2022\/11\/262320654_1164706813935318_5672380192810751760_n.jpg\" data-link=\"https:\/\/www.explorecology.com\/index.php\/projets\/explorpublic\/262320654_1164706813935318_5672380192810751760_n\/\" class=\"wp-image-3802\" srcset=\"https:\/\/www.explorecology.com\/wp-content\/uploads\/2022\/11\/262320654_1164706813935318_5672380192810751760_n-1024x768.jpg 1024w, https:\/\/www.explorecology.com\/wp-content\/uploads\/2022\/11\/262320654_1164706813935318_5672380192810751760_n-300x225.jpg 300w, https:\/\/www.explorecology.com\/wp-content\/uploads\/2022\/11\/262320654_1164706813935318_5672380192810751760_n-768x576.jpg 768w, https:\/\/www.explorecology.com\/wp-content\/uploads\/2022\/11\/262320654_1164706813935318_5672380192810751760_n-1536x1152.jpg 1536w, https:\/\/www.explorecology.com\/wp-content\/uploads\/2022\/11\/262320654_1164706813935318_5672380192810751760_n.jpg 2000w\" sizes=\"auto, (max-width: 1024px) 100vw, 1024px\" \/><\/figure><\/li><li class=\"blocks-gallery-item\"><figure><img loading=\"lazy\" decoding=\"async\" width=\"1024\" height=\"461\" src=\"https:\/\/www.explorecology.com\/wp-content\/uploads\/2022\/11\/316949130_1449334018808326_3561475698398160092_n-1-1024x461.jpg\" alt=\"\" data-id=\"3812\" data-full-url=\"https:\/\/www.explorecology.com\/wp-content\/uploads\/2022\/11\/316949130_1449334018808326_3561475698398160092_n-1.jpg\" data-link=\"https:\/\/www.explorecology.com\/index.php\/projets\/explorpublic\/316949130_1449334018808326_3561475698398160092_n-1\/\" class=\"wp-image-3812\" srcset=\"https:\/\/www.explorecology.com\/wp-content\/uploads\/2022\/11\/316949130_1449334018808326_3561475698398160092_n-1-1024x461.jpg 1024w, https:\/\/www.explorecology.com\/wp-content\/uploads\/2022\/11\/316949130_1449334018808326_3561475698398160092_n-1-300x135.jpg 300w, https:\/\/www.explorecology.com\/wp-content\/uploads\/2022\/11\/316949130_1449334018808326_3561475698398160092_n-1-768x346.jpg 768w, https:\/\/www.explorecology.com\/wp-content\/uploads\/2022\/11\/316949130_1449334018808326_3561475698398160092_n-1-1536x692.jpg 1536w, https:\/\/www.explorecology.com\/wp-content\/uploads\/2022\/11\/316949130_1449334018808326_3561475698398160092_n-1.jpg 2048w\" sizes=\"auto, (max-width: 1024px) 100vw, 1024px\" \/><\/figure><\/li><\/ul><\/figure>\n\n\n\n<h2 class=\"wp-block-heading\">Autres productions<\/h2>\n\n\n\n<ul class=\"wp-block-list\"><li>Cr\u00e9ation d&rsquo;une page sur l&rsquo;<a href=\"https:\/\/fr.wikipedia.org\/wiki\/%C3%89cologie_exploratoire\">\u00e9cologie exploratoire<\/a>&nbsp;et int\u00e9gration sur la page <a href=\"https:\/\/fr.wikipedia.org\/wiki\/%C3%89cologie\">\u00e9cologie<\/a> de Wikip\u00e9dia<\/li><\/ul>\n\n\n\n<figure class=\"wp-block-image\"><img loading=\"lazy\" decoding=\"async\" width=\"1024\" height=\"579\" src=\"http:\/\/www.explorecology.com\/wp-content\/uploads\/2019\/09\/image-1024x579.png\" alt=\"\" class=\"wp-image-1601\" srcset=\"https:\/\/www.explorecology.com\/wp-content\/uploads\/2019\/09\/image-1024x579.png 1024w, https:\/\/www.explorecology.com\/wp-content\/uploads\/2019\/09\/image-300x170.png 300w, https:\/\/www.explorecology.com\/wp-content\/uploads\/2019\/09\/image-768x434.png 768w\" sizes=\"auto, (max-width: 1024px) 100vw, 1024px\" \/><\/figure>\n\n\n\n<p><\/p>\n","protected":false},"excerpt":{"rendered":"<p>Exploratory Ecology participe \u00e0 la diffusion des connaissances via diff\u00e9rents supports de publication, par exemple des articles&nbsp;scientifiques sur les exp\u00e9riences des projets, des ouvrages illustr\u00e9es sur les esp\u00e8ces \u00e9tudi\u00e9es, etc. Productions scientifiques Articles sur la relation entre les cycles biologiques des papillons, des plantes h\u00f4tes et fourmis : Rapports en science du management Mallard F.,<span class=\"read-more-wrap\"><a class=\"moretag\" href=\"https:\/\/www.explorecology.com\/index.php\/projets\/publications\/\">Lire la suite<span class=\"screen-reader-text\">Publications<\/span><\/a><\/span><\/p>\n","protected":false},"author":2,"featured_media":0,"parent":15,"menu_order":0,"comment_status":"closed","ping_status":"closed","template":"","meta":{"_exactmetrics_skip_tracking":false,"_exactmetrics_sitenote_active":false,"_exactmetrics_sitenote_note":"","_exactmetrics_sitenote_category":0,"footnotes":""},"class_list":["post-117","page","type-page","status-publish","hentry"],"yoast_head":"<!-- This site is optimized with the Yoast SEO plugin v26.6 - https:\/\/yoast.com\/wordpress\/plugins\/seo\/ -->\n<title>Publications - Exploratory Ecology<\/title>\n<meta name=\"robots\" content=\"index, follow, max-snippet:-1, max-image-preview:large, max-video-preview:-1\" \/>\n<link rel=\"canonical\" href=\"https:\/\/www.explorecology.com\/index.php\/projets\/publications\/\" \/>\n<meta property=\"og:locale\" content=\"fr_FR\" \/>\n<meta property=\"og:type\" content=\"article\" \/>\n<meta property=\"og:title\" content=\"Publications - Exploratory Ecology\" \/>\n<meta property=\"og:description\" content=\"Exploratory Ecology participe \u00e0 la diffusion des connaissances via diff\u00e9rents supports de publication, par exemple des articles&nbsp;scientifiques sur les exp\u00e9riences des projets, des ouvrages illustr\u00e9es sur les esp\u00e8ces \u00e9tudi\u00e9es, etc. Productions scientifiques Articles sur la relation entre les cycles biologiques des papillons, des plantes h\u00f4tes et fourmis : Rapports en science du management Mallard F.,Lire la suitePublications\" \/>\n<meta property=\"og:url\" content=\"https:\/\/www.explorecology.com\/index.php\/projets\/publications\/\" \/>\n<meta property=\"og:site_name\" content=\"Exploratory Ecology\" \/>\n<meta property=\"article:publisher\" content=\"https:\/\/www.facebook.com\/explorecology\/\" \/>\n<meta property=\"article:modified_time\" content=\"2023-05-04T21:13:05+00:00\" \/>\n<meta property=\"og:image\" content=\"http:\/\/www.explorecology.com\/wp-content\/uploads\/2019\/09\/image-3-719x1024.png\" \/>\n<meta name=\"twitter:card\" content=\"summary_large_image\" \/>\n<meta name=\"twitter:site\" content=\"@Explorecology\" \/>\n<meta name=\"twitter:label1\" content=\"Dur\u00e9e de lecture estim\u00e9e\" \/>\n\t<meta name=\"twitter:data1\" content=\"3 minutes\" \/>\n<script type=\"application\/ld+json\" class=\"yoast-schema-graph\">{\"@context\":\"https:\/\/schema.org\",\"@graph\":[{\"@type\":\"WebPage\",\"@id\":\"https:\/\/www.explorecology.com\/index.php\/projets\/publications\/\",\"url\":\"https:\/\/www.explorecology.com\/index.php\/projets\/publications\/\",\"name\":\"Publications - Exploratory Ecology\",\"isPartOf\":{\"@id\":\"https:\/\/www.explorecology.com\/#website\"},\"primaryImageOfPage\":{\"@id\":\"https:\/\/www.explorecology.com\/index.php\/projets\/publications\/#primaryimage\"},\"image\":{\"@id\":\"https:\/\/www.explorecology.com\/index.php\/projets\/publications\/#primaryimage\"},\"thumbnailUrl\":\"http:\/\/www.explorecology.com\/wp-content\/uploads\/2019\/09\/image-3-719x1024.png\",\"datePublished\":\"2018-11-09T14:04:36+00:00\",\"dateModified\":\"2023-05-04T21:13:05+00:00\",\"breadcrumb\":{\"@id\":\"https:\/\/www.explorecology.com\/index.php\/projets\/publications\/#breadcrumb\"},\"inLanguage\":\"fr-FR\",\"potentialAction\":[{\"@type\":\"ReadAction\",\"target\":[\"https:\/\/www.explorecology.com\/index.php\/projets\/publications\/\"]}]},{\"@type\":\"ImageObject\",\"inLanguage\":\"fr-FR\",\"@id\":\"https:\/\/www.explorecology.com\/index.php\/projets\/publications\/#primaryimage\",\"url\":\"https:\/\/www.explorecology.com\/wp-content\/uploads\/2019\/09\/image-3.png\",\"contentUrl\":\"https:\/\/www.explorecology.com\/wp-content\/uploads\/2019\/09\/image-3.png\",\"width\":1275,\"height\":1817},{\"@type\":\"BreadcrumbList\",\"@id\":\"https:\/\/www.explorecology.com\/index.php\/projets\/publications\/#breadcrumb\",\"itemListElement\":[{\"@type\":\"ListItem\",\"position\":1,\"name\":\"Accueil\",\"item\":\"https:\/\/www.explorecology.com\/\"},{\"@type\":\"ListItem\",\"position\":2,\"name\":\"Projets\",\"item\":\"https:\/\/www.explorecology.com\/index.php\/projets\/\"},{\"@type\":\"ListItem\",\"position\":3,\"name\":\"Publications\"}]},{\"@type\":\"WebSite\",\"@id\":\"https:\/\/www.explorecology.com\/#website\",\"url\":\"https:\/\/www.explorecology.com\/\",\"name\":\"Exploratory Ecology\",\"description\":\"Association scientifique qui \u00e9tudie les relations entre les esp\u00e8ces et leur environnement pour d\u00e9finir des actions de conservation de la biodiversit\u00e9\",\"publisher\":{\"@id\":\"https:\/\/www.explorecology.com\/#organization\"},\"potentialAction\":[{\"@type\":\"SearchAction\",\"target\":{\"@type\":\"EntryPoint\",\"urlTemplate\":\"https:\/\/www.explorecology.com\/?s={search_term_string}\"},\"query-input\":{\"@type\":\"PropertyValueSpecification\",\"valueRequired\":true,\"valueName\":\"search_term_string\"}}],\"inLanguage\":\"fr-FR\"},{\"@type\":\"Organization\",\"@id\":\"https:\/\/www.explorecology.com\/#organization\",\"name\":\"Exploratory Ecology (ExplorEcology)\",\"url\":\"https:\/\/www.explorecology.com\/\",\"logo\":{\"@type\":\"ImageObject\",\"inLanguage\":\"fr-FR\",\"@id\":\"https:\/\/www.explorecology.com\/#\/schema\/logo\/image\/\",\"url\":\"https:\/\/www.explorecology.com\/wp-content\/uploads\/2019\/07\/logoE2_Good-5-1.jpg\",\"contentUrl\":\"https:\/\/www.explorecology.com\/wp-content\/uploads\/2019\/07\/logoE2_Good-5-1.jpg\",\"width\":1063,\"height\":1066,\"caption\":\"Exploratory Ecology (ExplorEcology)\"},\"image\":{\"@id\":\"https:\/\/www.explorecology.com\/#\/schema\/logo\/image\/\"},\"sameAs\":[\"https:\/\/www.facebook.com\/explorecology\/\",\"https:\/\/x.com\/Explorecology\",\"https:\/\/www.instagram.com\/explorecology\"]}]}<\/script>\n<!-- \/ Yoast SEO plugin. -->","yoast_head_json":{"title":"Publications - Exploratory Ecology","robots":{"index":"index","follow":"follow","max-snippet":"max-snippet:-1","max-image-preview":"max-image-preview:large","max-video-preview":"max-video-preview:-1"},"canonical":"https:\/\/www.explorecology.com\/index.php\/projets\/publications\/","og_locale":"fr_FR","og_type":"article","og_title":"Publications - Exploratory Ecology","og_description":"Exploratory Ecology participe \u00e0 la diffusion des connaissances via diff\u00e9rents supports de publication, par exemple des articles&nbsp;scientifiques sur les exp\u00e9riences des projets, des ouvrages illustr\u00e9es sur les esp\u00e8ces \u00e9tudi\u00e9es, etc. Productions scientifiques Articles sur la relation entre les cycles biologiques des papillons, des plantes h\u00f4tes et fourmis : Rapports en science du management Mallard F.,Lire la suitePublications","og_url":"https:\/\/www.explorecology.com\/index.php\/projets\/publications\/","og_site_name":"Exploratory Ecology","article_publisher":"https:\/\/www.facebook.com\/explorecology\/","article_modified_time":"2023-05-04T21:13:05+00:00","og_image":[{"url":"http:\/\/www.explorecology.com\/wp-content\/uploads\/2019\/09\/image-3-719x1024.png","type":"","width":"","height":""}],"twitter_card":"summary_large_image","twitter_site":"@Explorecology","twitter_misc":{"Dur\u00e9e de lecture estim\u00e9e":"3 minutes"},"schema":{"@context":"https:\/\/schema.org","@graph":[{"@type":"WebPage","@id":"https:\/\/www.explorecology.com\/index.php\/projets\/publications\/","url":"https:\/\/www.explorecology.com\/index.php\/projets\/publications\/","name":"Publications - Exploratory Ecology","isPartOf":{"@id":"https:\/\/www.explorecology.com\/#website"},"primaryImageOfPage":{"@id":"https:\/\/www.explorecology.com\/index.php\/projets\/publications\/#primaryimage"},"image":{"@id":"https:\/\/www.explorecology.com\/index.php\/projets\/publications\/#primaryimage"},"thumbnailUrl":"http:\/\/www.explorecology.com\/wp-content\/uploads\/2019\/09\/image-3-719x1024.png","datePublished":"2018-11-09T14:04:36+00:00","dateModified":"2023-05-04T21:13:05+00:00","breadcrumb":{"@id":"https:\/\/www.explorecology.com\/index.php\/projets\/publications\/#breadcrumb"},"inLanguage":"fr-FR","potentialAction":[{"@type":"ReadAction","target":["https:\/\/www.explorecology.com\/index.php\/projets\/publications\/"]}]},{"@type":"ImageObject","inLanguage":"fr-FR","@id":"https:\/\/www.explorecology.com\/index.php\/projets\/publications\/#primaryimage","url":"https:\/\/www.explorecology.com\/wp-content\/uploads\/2019\/09\/image-3.png","contentUrl":"https:\/\/www.explorecology.com\/wp-content\/uploads\/2019\/09\/image-3.png","width":1275,"height":1817},{"@type":"BreadcrumbList","@id":"https:\/\/www.explorecology.com\/index.php\/projets\/publications\/#breadcrumb","itemListElement":[{"@type":"ListItem","position":1,"name":"Accueil","item":"https:\/\/www.explorecology.com\/"},{"@type":"ListItem","position":2,"name":"Projets","item":"https:\/\/www.explorecology.com\/index.php\/projets\/"},{"@type":"ListItem","position":3,"name":"Publications"}]},{"@type":"WebSite","@id":"https:\/\/www.explorecology.com\/#website","url":"https:\/\/www.explorecology.com\/","name":"Exploratory Ecology","description":"Association scientifique qui \u00e9tudie les relations entre les esp\u00e8ces et leur environnement pour d\u00e9finir des actions de conservation de la biodiversit\u00e9","publisher":{"@id":"https:\/\/www.explorecology.com\/#organization"},"potentialAction":[{"@type":"SearchAction","target":{"@type":"EntryPoint","urlTemplate":"https:\/\/www.explorecology.com\/?s={search_term_string}"},"query-input":{"@type":"PropertyValueSpecification","valueRequired":true,"valueName":"search_term_string"}}],"inLanguage":"fr-FR"},{"@type":"Organization","@id":"https:\/\/www.explorecology.com\/#organization","name":"Exploratory Ecology (ExplorEcology)","url":"https:\/\/www.explorecology.com\/","logo":{"@type":"ImageObject","inLanguage":"fr-FR","@id":"https:\/\/www.explorecology.com\/#\/schema\/logo\/image\/","url":"https:\/\/www.explorecology.com\/wp-content\/uploads\/2019\/07\/logoE2_Good-5-1.jpg","contentUrl":"https:\/\/www.explorecology.com\/wp-content\/uploads\/2019\/07\/logoE2_Good-5-1.jpg","width":1063,"height":1066,"caption":"Exploratory Ecology (ExplorEcology)"},"image":{"@id":"https:\/\/www.explorecology.com\/#\/schema\/logo\/image\/"},"sameAs":["https:\/\/www.facebook.com\/explorecology\/","https:\/\/x.com\/Explorecology","https:\/\/www.instagram.com\/explorecology"]}]}},"_links":{"self":[{"href":"https:\/\/www.explorecology.com\/index.php\/wp-json\/wp\/v2\/pages\/117","targetHints":{"allow":["GET"]}}],"collection":[{"href":"https:\/\/www.explorecology.com\/index.php\/wp-json\/wp\/v2\/pages"}],"about":[{"href":"https:\/\/www.explorecology.com\/index.php\/wp-json\/wp\/v2\/types\/page"}],"author":[{"embeddable":true,"href":"https:\/\/www.explorecology.com\/index.php\/wp-json\/wp\/v2\/users\/2"}],"replies":[{"embeddable":true,"href":"https:\/\/www.explorecology.com\/index.php\/wp-json\/wp\/v2\/comments?post=117"}],"version-history":[{"count":29,"href":"https:\/\/www.explorecology.com\/index.php\/wp-json\/wp\/v2\/pages\/117\/revisions"}],"predecessor-version":[{"id":3998,"href":"https:\/\/www.explorecology.com\/index.php\/wp-json\/wp\/v2\/pages\/117\/revisions\/3998"}],"up":[{"embeddable":true,"href":"https:\/\/www.explorecology.com\/index.php\/wp-json\/wp\/v2\/pages\/15"}],"wp:attachment":[{"href":"https:\/\/www.explorecology.com\/index.php\/wp-json\/wp\/v2\/media?parent=117"}],"curies":[{"name":"wp","href":"https:\/\/api.w.org\/{rel}","templated":true}]}}